{"id":448137,"date":"2025-02-25T17:09:41","date_gmt":"2025-02-25T16:09:41","guid":{"rendered":"https:\/\/www.pricetornado.com\/da\/produkt\/alecto-wi-fi-babyalarm-med-kamera-hvid-smartbaby5\/"},"modified":"2026-04-17T08:19:52","modified_gmt":"2026-04-17T06:19:52","slug":"alecto-wi-fi-babyalarm-med-kamera-hvid-smartbaby5","status":"publish","type":"product","link":"https:\/\/www.pricetornado.com\/da\/produkt\/alecto-wi-fi-babyalarm-med-kamera-hvid-smartbaby5\/","title":{"rendered":"Alecto &#8211; Wi-Fi-babyalarm med kamera Hvid &#8211; SMARTBABY5"},"content":{"rendered":"<p>K\u00f8b billig Alecto &#8211; Wi-Fi-babyalarm med kamera Hvid &#8211; SMARTBABY5!<br \/>\nAlecto SMARTBABY5 Wi-Fi-babyalarm med kamera g\u00f8r det muligt for dig at overv\u00e5ge dit barn hvor som helst via din smartphone eller tablet. Denne smarte babyalarm er udstyret med et HD-kamera, der sikrer fremragende billed- og lydkvalitet \u2013 selv i m\u00f8rke takket v\u00e6re indbygget natfunktion.Ideel b\u00e5de til hjemmet og p\u00e5 farten, s\u00e5 du altid har adgang til live-overv\u00e5gning.To-vejs kommunikation (talk-back), s\u00e5 du kan berolige og tale med dit barn, uanset hvor du befinder dig i hjemmet.Push-beskeder og notifikationer automatisk ved lyd eller bev\u00e6gelse, s\u00e5 du straks er informeret, hvis dit barn gr\u00e6der eller v\u00e5gner.Sikker, krypteret forbindelse beskytter dit privatliv \u2013 kun personer med adgang til appen har adgang til kameraet.Kan tilsluttes b\u00e5de Wi-Fi og mobilt netv\u00e6rk (3G, 4G og 5G), s\u00e5 du kan overv\u00e5ge barnet hjemme s\u00e5vel som p\u00e5 farten.Babyalarmen har et kompakt design og kan let fastg\u00f8res n\u00e6sten hvor som helst med det medf\u00f8lgende 3M-klisterm\u00e6rke, hvilket g\u00f8r installationen hurtig og brugervenlig. Dette g\u00f8r det let at tage babyalarmen med, n\u00e5r I rejser eller bes\u00f8ger familie.SMARTBABY5 styres via den gratis Smart Life-app, som er kompatibel med b\u00e5de Android og iOS. Appen er nem at installere og bruge. Du kan optage og gemme videoer samt tage sk\u00e6rmbilleder i HD-opl\u00f8sning (1920x1080p). \u00d8nsker du kontinuerlig optagelse, kan et Micro-SD-kort tilf\u00f8jes, s\u00e5 du nemt kan tilg\u00e5 optagelserne direkte fra appen.Med Alecto SMARTBABY5 f\u00e5r du en smart, sikker og fleksibel babyalarm, der sikrer, at du altid har mulighed for at overv\u00e5ge dit barn \u2013 b\u00e5de hjemme og undervejs.<\/p>\n<p>Sammenlign priser p\u00e5 Alecto &#8211; Wi-Fi-babyalarm med kamera Hvid &#8211; SMARTBABY5 og k\u00f8b online til den billigste pris, samt p\u00e5 tilbud!\u00a0\u00a0Tjek den bedste pris, produkt beskrivelse, video, test, anmeldelser osv.<\/p>\n<p><strong>Brand: <\/strong>Alecto<br \/>\n<strong>EAN: <\/strong>8712412594221<br \/>\n<strong>Producentens varenr.:<\/strong> 8712412594221<\/p>\n<p><strong>P.S.<\/strong><br \/>\nTilmeld dig til &#8220;Opret Gratis Prisfald Alarm&#8221;, og bliv underrettet med det samme om prisfald p\u00e5 Alecto &#8211; Wi-Fi-babyalarm med kamera Hvid &#8211; SMARTBABY5, og f\u00e5 den billigste pris!<\/p>\n<p>&nbsp;<\/p>\n<p>&nbsp;<\/p>\n","protected":false},"excerpt":{"rendered":"<p>K\u00f8b billig Alecto &#8211; Wi-Fi-babyalarm med kamera Hvid &#8211; SMARTBABY5! Alecto SMARTBABY5 Wi-Fi-babyalarm med kamera g\u00f8r det muligt for dig at overv\u00e5ge dit barn hvor som helst via din smartphone eller tablet. Denne smarte babyalarm er udstyret med et HD-kamera, der sikrer fremragende billed- og lydkvalitet \u2013 selv i m\u00f8rke takket v\u00e6re indbygget natfunktion.Ideel b\u00e5de [&hellip;]<\/p>\n","protected":false},"featured_media":999980000004481370,"template":"","meta":[],"store":[1272516],"product_brand":[1272518],"product_cat":[1272510],"product_tag":[1275186,1272728],"class_list":{"0":"post-448137","1":"product","2":"type-product","3":"status-publish","4":"has-post-thumbnail","6":"store-butik24","7":"product_brand-alecto","8":"product_cat-babypleje","9":"product_tag-alecto","10":"product_tag-babypleje","11":"pa_maerke-alecto","13":"first","14":"instock","15":"product-type-external"},"_links":{"self":[{"href":"https:\/\/www.pricetornado.com\/da\/wp-json\/wp\/v2\/product\/448137","targetHints":{"allow":["GET"]}}],"collection":[{"href":"https:\/\/www.pricetornado.com\/da\/wp-json\/wp\/v2\/product"}],"about":[{"href":"https:\/\/www.pricetornado.com\/da\/wp-json\/wp\/v2\/types\/product"}],"wp:featuredmedia":[{"embeddable":true,"href":"https:\/\/www.pricetornado.com\/da\/wp-json\/"}],"wp:attachment":[{"href":"https:\/\/www.pricetornado.com\/da\/wp-json\/wp\/v2\/media?parent=448137"}],"wp:term":[{"taxonomy":"store","embeddable":true,"href":"https:\/\/www.pricetornado.com\/da\/wp-json\/wp\/v2\/store?post=448137"},{"taxonomy":"product_brand","embeddable":true,"href":"https:\/\/www.pricetornado.com\/da\/wp-json\/wp\/v2\/product_brand?post=448137"},{"taxonomy":"product_cat","embeddable":true,"href":"https:\/\/www.pricetornado.com\/da\/wp-json\/wp\/v2\/product_cat?post=448137"},{"taxonomy":"product_tag","embeddable":true,"href":"https:\/\/www.pricetornado.com\/da\/wp-json\/wp\/v2\/product_tag?post=448137"}],"curies":[{"name":"wp","href":"https:\/\/api.w.org\/{rel}","templated":true}]}}