{"id":448136,"date":"2025-02-22T14:35:52","date_gmt":"2025-02-22T13:35:52","guid":{"rendered":"https:\/\/www.pricetornado.com\/da\/produkt\/alecto-flaskevarmer-hvid-bw600\/"},"modified":"2026-04-30T09:59:53","modified_gmt":"2026-04-30T07:59:53","slug":"alecto-flaskevarmer-hvid-bw600","status":"publish","type":"product","link":"https:\/\/www.pricetornado.com\/da\/produkt\/alecto-flaskevarmer-hvid-bw600\/","title":{"rendered":"Alecto &#8211; Flaskevarmer Hvid &#8211; BW600"},"content":{"rendered":"<p>K\u00f8b billig Alecto &#8211; Flaskevarmer Hvid &#8211; BW600!<br \/>\nMed Alecto Baby BW600 flaskevarmer opvarmes flasker og babymad hurtigt, j\u00e6vnt og sikkert. Den store fleksibilitet og lette betjening g\u00f8r den ideel for travle for\u00e6ldre, mens det BPA-fri plast sikrer maksimal tryghed. Flaskevarmeren bevarer vigtige vitaminer og n\u00e6ringsstoffer i babym\u00e6lk, moderm\u00e6lkserstatning og mad, uden at skabe varme pletter. Gradvis opvarmning, ogs\u00e5 anvendelig som varmholdning, hvis flasken ikke gives med det samme. Hurtigere opvarmning \u2013 n\u00e6sten dobbelt s\u00e5 hurtigt som position 1. Ekstra hurtig opvarmning til travle stunder. S\u00f8rg for at v\u00e6re forsigtig med varme st\u00e6nk, n\u00e5r flasken tages ud.150 ml m\u00e6lk er klar til brug p\u00e5 kun 5 minutter ved stuetemperatur (20\u00b0C).Flaskevarmeren har en stor vandbeholder, der er kompatibel med n\u00e6sten alle typer og st\u00f8rrelser af glas-, plastik- og silikoneflasker samt de fleste popul\u00e6re moderm\u00e6lkflasker, s\u00e5som Philips Avent, Medela og Tommee Tippee. Den medf\u00f8lgende krukkeholder g\u00f8r det sikkert og nemt at opvarme babymadsglas af forskellige st\u00f8rrelser. T\u00f8rkogningsbeskyttelse sikrer, at apparatet aldrig k\u00f8rer uden tilstr\u00e6kkeligt vand.Let og kompakt: ca. 147 mm h\u00f8j, 122 mm bred, 132 mm dyb og 0,51 kg v\u00e6gtMed Alecto Baby BW600 f\u00e5r du en gennemt\u00e6nkt, brugervenlig og sikker l\u00f8sning til opvarmning af babymad og m\u00e6lk. De tre opvarmningsmuligheder, t\u00f8rkogningsbeskyttelsen og bredde kompatibilitet med flasketyper g\u00f8r denne flaskevarmer til et praktisk og trygt valg for alle for\u00e6ldre.<\/p>\n<p>Sammenlign priser p\u00e5 Alecto &#8211; Flaskevarmer Hvid &#8211; BW600 og k\u00f8b online til den billigste pris, samt p\u00e5 tilbud!\u00a0\u00a0Tjek den bedste pris, produkt beskrivelse, video, test, anmeldelser osv.<\/p>\n<p><strong>Brand: <\/strong>Alecto<br \/>\n<strong>EAN: <\/strong>8711902076070<br \/>\n<strong>Producentens varenr.:<\/strong> 8711902076070<\/p>\n<p><strong>P.S.<\/strong><br \/>\nTilmeld dig til &#8220;Opret Gratis Prisfald Alarm&#8221;, og bliv underrettet med det samme om prisfald p\u00e5 Alecto &#8211; Flaskevarmer Hvid &#8211; BW600, og f\u00e5 den billigste pris!<\/p>\n<p>&nbsp;<\/p>\n<p>&nbsp;<\/p>\n","protected":false},"excerpt":{"rendered":"<p>K\u00f8b billig Alecto &#8211; Flaskevarmer Hvid &#8211; BW600! Med Alecto Baby BW600 flaskevarmer opvarmes flasker og babymad hurtigt, j\u00e6vnt og sikkert. Den store fleksibilitet og lette betjening g\u00f8r den ideel for travle for\u00e6ldre, mens det BPA-fri plast sikrer maksimal tryghed. Flaskevarmeren bevarer vigtige vitaminer og n\u00e6ringsstoffer i babym\u00e6lk, moderm\u00e6lkserstatning og mad, uden at skabe varme [&hellip;]<\/p>\n","protected":false},"featured_media":999980000004481360,"template":"","meta":[],"store":[1272516],"product_brand":[1272518],"product_cat":[1272510],"product_tag":[1275186,1272728],"class_list":{"0":"post-448136","1":"product","2":"type-product","3":"status-publish","4":"has-post-thumbnail","6":"store-butik24","7":"product_brand-alecto","8":"product_cat-babypleje","9":"product_tag-alecto","10":"product_tag-babypleje","11":"pa_maerke-alecto","13":"first","14":"instock","15":"product-type-external"},"_links":{"self":[{"href":"https:\/\/www.pricetornado.com\/da\/wp-json\/wp\/v2\/product\/448136","targetHints":{"allow":["GET"]}}],"collection":[{"href":"https:\/\/www.pricetornado.com\/da\/wp-json\/wp\/v2\/product"}],"about":[{"href":"https:\/\/www.pricetornado.com\/da\/wp-json\/wp\/v2\/types\/product"}],"wp:featuredmedia":[{"embeddable":true,"href":"https:\/\/www.pricetornado.com\/da\/wp-json\/"}],"wp:attachment":[{"href":"https:\/\/www.pricetornado.com\/da\/wp-json\/wp\/v2\/media?parent=448136"}],"wp:term":[{"taxonomy":"store","embeddable":true,"href":"https:\/\/www.pricetornado.com\/da\/wp-json\/wp\/v2\/store?post=448136"},{"taxonomy":"product_brand","embeddable":true,"href":"https:\/\/www.pricetornado.com\/da\/wp-json\/wp\/v2\/product_brand?post=448136"},{"taxonomy":"product_cat","embeddable":true,"href":"https:\/\/www.pricetornado.com\/da\/wp-json\/wp\/v2\/product_cat?post=448136"},{"taxonomy":"product_tag","embeddable":true,"href":"https:\/\/www.pricetornado.com\/da\/wp-json\/wp\/v2\/product_tag?post=448136"}],"curies":[{"name":"wp","href":"https:\/\/api.w.org\/{rel}","templated":true}]}}