{"id":448133,"date":"2025-02-24T06:18:39","date_gmt":"2025-02-24T05:18:39","guid":{"rendered":"https:\/\/www.pricetornado.com\/da\/produkt\/lenco-pladespiller-i-trae-med-indbyggede-hoejttalere-og-bluetooth-ls-60bk\/"},"modified":"2026-04-15T01:57:05","modified_gmt":"2026-04-14T23:57:05","slug":"lenco-pladespiller-i-trae-med-indbyggede-hoejttalere-og-bluetooth-ls-60bk","status":"publish","type":"product","link":"https:\/\/www.pricetornado.com\/da\/produkt\/lenco-pladespiller-i-trae-med-indbyggede-hoejttalere-og-bluetooth-ls-60bk\/","title":{"rendered":"Lenco &#8211; Pladespiller i tr\u00e6 med indbyggede h\u00f8jttalere og Bluetooth\u00ae. &#8211; LS-60BK"},"content":{"rendered":"<p>K\u00f8b billig Lenco &#8211; Pladespiller i tr\u00e6 med indbyggede h\u00f8jttalere og Bluetooth\u00ae. &#8211; LS-60BK!<br \/>\nLenco LS-60BK er en alsidig og brugervenlig pladespiller, der er ideel til vinylentusiaster, som \u00f8nsker klassisk lyd kombineret med moderne teknologi. Pladespilleren er indkapslet i et robust MDF-tr\u00e6kabinet, der giver et tidl\u00f8st vintage-look, styrker holdbarheden og forbedrer akustikken, uden at det g\u00e5r ud over b\u00e6rbarheden til hjemmebrug.Den b\u00e6ltdrevne motor giver mulighed for afspilning ved 33, 45 og 78 RPM, hvilket sikrer kompatibilitet med stort set alle typer vinylplader. Det g\u00f8r Lenco LS-60BK perfekt til dig med en varieret pladesamling.Lenco LS-60BK har en indbygget stereo forst\u00e6rker, der leverer 2 x 5 watt gennem to integrerede h\u00f8jttalere, s\u00e5 du kan lytte til dine plader uden ekstern forst\u00e6rker eller h\u00f8jttalere. Pladespilleren leveres desuden med en forinstalleret Audio-Technica AT-3600 MMC-pickup, der sikrer klar og p\u00e5lidelig lydgengivelse.To-vejs Bluetooth 5.x for fleksibel tr\u00e5dl\u00f8s afspilningStream tr\u00e5dl\u00f8st fra vinyl til Bluetooth-hovedtelefoner eller -h\u00f8jttalere.Afspil musik fra eksterne Bluetooth-enheder via pladespillerens egne h\u00f8jttalere.Bluetooth 5.x-teknologien sikrer stabil forbindelse b\u00e5de ved tr\u00e5dl\u00f8s afspilning og modtagelse, hvilket giver dig stor fleksibilitet i hverdagen.Med RCA line-out kan Lenco LS-60BK nemt tilsluttes eksterne hi-fi-systemer, s\u00e5 du kan opgradere din lydoplevelse efter behov.Det solide MDF-tr\u00e6kabinet fungerer b\u00e5de som akustisk forst\u00e6rker og beskyttende ramme for de indvendige komponenter, og giver pladespilleren et klassisk og holdbart udtryk, der passer ind i de fleste hjem.Lenco LS-60BK er den ideelle pladespiller for dig, der \u00f8nsker at forene \u00e6gte vinyloplevelse med moderne bekvemmelighed takket v\u00e6re indbyggede h\u00f8jttalere og avancerede Bluetooth-muligheder.<\/p>\n<p>Sammenlign priser p\u00e5 Lenco &#8211; Pladespiller i tr\u00e6 med indbyggede h\u00f8jttalere og Bluetooth\u00ae. &#8211; LS-60BK og k\u00f8b online til den billigste pris, samt p\u00e5 tilbud!\u00a0\u00a0Tjek den bedste pris, produkt beskrivelse, video, test, anmeldelser osv.<\/p>\n<p><strong>Brand: <\/strong>Lenco<br \/>\n<strong>EAN: <\/strong>8711902090397<br \/>\n<strong>Producentens varenr.:<\/strong> 8711902090397<\/p>\n<p><strong>P.S.<\/strong><br \/>\nTilmeld dig til &#8220;Opret Gratis Prisfald Alarm&#8221;, og bliv underrettet med det samme om prisfald p\u00e5 Lenco &#8211; Pladespiller i tr\u00e6 med indbyggede h\u00f8jttalere og Bluetooth\u00ae. &#8211; LS-60BK, og f\u00e5 den billigste pris!<\/p>\n<p>&nbsp;<\/p>\n<p>&nbsp;<\/p>\n","protected":false},"excerpt":{"rendered":"<p>K\u00f8b billig Lenco &#8211; Pladespiller i tr\u00e6 med indbyggede h\u00f8jttalere og Bluetooth\u00ae. &#8211; LS-60BK! Lenco LS-60BK er en alsidig og brugervenlig pladespiller, der er ideel til vinylentusiaster, som \u00f8nsker klassisk lyd kombineret med moderne teknologi. Pladespilleren er indkapslet i et robust MDF-tr\u00e6kabinet, der giver et tidl\u00f8st vintage-look, styrker holdbarheden og forbedrer akustikken, uden at det [&hellip;]<\/p>\n","protected":false},"featured_media":0,"template":"","meta":[],"store":[1272516],"product_brand":[1272526],"product_cat":[1272471],"product_tag":[1275188,1272790],"class_list":{"0":"post-448133","1":"product","2":"type-product","3":"status-publish","5":"store-butik24","6":"product_brand-lenco","7":"product_cat-underholdning","8":"product_tag-lenco","9":"product_tag-underholdning","10":"pa_maerke-lenco","12":"first","13":"instock","14":"product-type-external"},"_links":{"self":[{"href":"https:\/\/www.pricetornado.com\/da\/wp-json\/wp\/v2\/product\/448133","targetHints":{"allow":["GET"]}}],"collection":[{"href":"https:\/\/www.pricetornado.com\/da\/wp-json\/wp\/v2\/product"}],"about":[{"href":"https:\/\/www.pricetornado.com\/da\/wp-json\/wp\/v2\/types\/product"}],"wp:attachment":[{"href":"https:\/\/www.pricetornado.com\/da\/wp-json\/wp\/v2\/media?parent=448133"}],"wp:term":[{"taxonomy":"store","embeddable":true,"href":"https:\/\/www.pricetornado.com\/da\/wp-json\/wp\/v2\/store?post=448133"},{"taxonomy":"product_brand","embeddable":true,"href":"https:\/\/www.pricetornado.com\/da\/wp-json\/wp\/v2\/product_brand?post=448133"},{"taxonomy":"product_cat","embeddable":true,"href":"https:\/\/www.pricetornado.com\/da\/wp-json\/wp\/v2\/product_cat?post=448133"},{"taxonomy":"product_tag","embeddable":true,"href":"https:\/\/www.pricetornado.com\/da\/wp-json\/wp\/v2\/product_tag?post=448133"}],"curies":[{"name":"wp","href":"https:\/\/api.w.org\/{rel}","templated":true}]}}