{"id":448120,"date":"2025-02-21T13:31:35","date_gmt":"2025-02-21T12:31:35","guid":{"rendered":"https:\/\/www.pricetornado.com\/da\/produkt\/alecto-hoerevaern-til-babyer-og-smaaboern-sort-bv-71bk\/"},"modified":"2026-04-29T10:10:19","modified_gmt":"2026-04-29T08:10:19","slug":"alecto-hoerevaern-til-babyer-og-smaaboern-sort-bv-71bk","status":"publish","type":"product","link":"https:\/\/www.pricetornado.com\/da\/produkt\/alecto-hoerevaern-til-babyer-og-smaaboern-sort-bv-71bk\/","title":{"rendered":"Alecto &#8211; H\u00f8rev\u00e6rn til babyer og sm\u00e5b\u00f8rn Sort &#8211; BV-71BK"},"content":{"rendered":"<p>K\u00f8b billig Alecto &#8211; H\u00f8rev\u00e6rn til babyer og sm\u00e5b\u00f8rn Sort &#8211; BV-71BK!<br \/>\nMange b\u00f8rn lider af h\u00f8retab p\u00e5 grund af h\u00f8reskader, og antallet af tilf\u00e6lde er desv\u00e6rre stigende. Forskning har vist, at b\u00f8rns h\u00f8relse stadig er under udvikling og derfor er mere s\u00e5rbar over for kraftig st\u00f8j. I vores samfund m\u00f8der b\u00f8rn ofte h\u00f8je st\u00f8jniveauer, s\u00e5som fyrv\u00e6rkeri nyt\u00e5rsaften, festivaler, messer eller andre arrangementer. Det g\u00f8r det vigtigt at beskytte deres h\u00f8relse med et p\u00e5lideligt h\u00f8rev\u00e6rn.Festivaler er blevet familiearrangementer, hvor for\u00e6ldre ofte tager deres b\u00f8rn med for at nyde musik og kultur. Her uds\u00e6ttes b\u00f8rn i stigende grad for h\u00f8j st\u00f8j. Det er derfor klogt at give dit barn et godt h\u00f8rev\u00e6rn, der beskytter deres f\u00f8lsomme h\u00f8relse uden at udelukke dem fra f\u00e6llesskabet.Alecto BV-71 h\u00f8rev\u00e6rn til b\u00f8rn er fremstillet prim\u00e6rt af let og holdbart plast og vejer ca. 200 gram. Den justerbare hovedb\u00f8jle g\u00f8r, at h\u00f8rev\u00e6rnet passer til b\u00f8rn fra 18 m\u00e5neder og opefter, hvilket sikrer en behagelig og sikker pasform i takt med barnets v\u00e6kst. Den bl\u00f8de hovedb\u00f8jle giver ekstra komfort selv ved l\u00e6ngere tids brug. Det sammenklappelige og kompakte design g\u00f8r det nemt at tage h\u00f8rev\u00e6rnet med overalt \u2013 ideelt til festivaler, arrangementer og udflugter.H\u00f8rev\u00e6rnet d\u00e6mper effektivt skadelige og kraftige lyde med en st\u00f8jd\u00e6mpning p\u00e5 29 dB SNR, men tillader samtidig, at dit barn stadig kan h\u00f8re omgivende lyde. Dette \u00f8ger sikkerheden, da barnet kan opfatte vigtige signaler og stemmer i n\u00e6rheden.Letv\u00e6gts og holdbart plastmateriale, vejer ca. 200 gramAlecto er kendt for at udvikle brugervenlige kvalitetsprodukter, der g\u00f8r livet lettere for for\u00e6ldre. H\u00f8rev\u00e6rnet til b\u00f8rn er udviklet og testet p\u00e5 vores forskningsfaciliteter i Holland, hvilket giver garanti for h\u00f8j ydeevne og sikkerhed. N\u00e5r du v\u00e6lger Alecto, f\u00e5r du et gennemt\u00e6nkt, praktisk og gennemtestet produkt, der beskytter dit barns h\u00f8relse i st\u00f8jfyldte omgivelser.V\u00e6lg Alecto h\u00f8rev\u00e6rn til b\u00f8rn og giv optimal beskyttelse mod skadelig st\u00f8j \u2013 et trygt valg til hverdag og fest.<\/p>\n<p>Sammenlign priser p\u00e5 Alecto &#8211; H\u00f8rev\u00e6rn til babyer og sm\u00e5b\u00f8rn Sort &#8211; BV-71BK og k\u00f8b online til den billigste pris, samt p\u00e5 tilbud!\u00a0\u00a0Tjek den bedste pris, produkt beskrivelse, video, test, anmeldelser osv.<\/p>\n<p><strong>Brand: <\/strong>Alecto<br \/>\n<strong>EAN: <\/strong>8712412586370<br \/>\n<strong>Producentens varenr.:<\/strong> 8712412586370<\/p>\n<p><strong>P.S.<\/strong><br \/>\nTilmeld dig til &#8220;Opret Gratis Prisfald Alarm&#8221;, og bliv underrettet med det samme om prisfald p\u00e5 Alecto &#8211; H\u00f8rev\u00e6rn til babyer og sm\u00e5b\u00f8rn Sort &#8211; BV-71BK, og f\u00e5 den billigste pris!<\/p>\n<p>&nbsp;<\/p>\n<p>&nbsp;<\/p>\n","protected":false},"excerpt":{"rendered":"<p>K\u00f8b billig Alecto &#8211; H\u00f8rev\u00e6rn til babyer og sm\u00e5b\u00f8rn Sort &#8211; BV-71BK! Mange b\u00f8rn lider af h\u00f8retab p\u00e5 grund af h\u00f8reskader, og antallet af tilf\u00e6lde er desv\u00e6rre stigende. Forskning har vist, at b\u00f8rns h\u00f8relse stadig er under udvikling og derfor er mere s\u00e5rbar over for kraftig st\u00f8j. I vores samfund m\u00f8der b\u00f8rn ofte h\u00f8je st\u00f8jniveauer, [&hellip;]<\/p>\n","protected":false},"featured_media":999980000004481200,"template":"","meta":[],"store":[1272516],"product_brand":[1272518],"product_cat":[1272510],"product_tag":[1275186,1272728],"class_list":{"0":"post-448120","1":"product","2":"type-product","3":"status-publish","4":"has-post-thumbnail","6":"store-butik24","7":"product_brand-alecto","8":"product_cat-babypleje","9":"product_tag-alecto","10":"product_tag-babypleje","11":"pa_maerke-alecto","13":"first","14":"instock","15":"product-type-external"},"_links":{"self":[{"href":"https:\/\/www.pricetornado.com\/da\/wp-json\/wp\/v2\/product\/448120","targetHints":{"allow":["GET"]}}],"collection":[{"href":"https:\/\/www.pricetornado.com\/da\/wp-json\/wp\/v2\/product"}],"about":[{"href":"https:\/\/www.pricetornado.com\/da\/wp-json\/wp\/v2\/types\/product"}],"wp:featuredmedia":[{"embeddable":true,"href":"https:\/\/www.pricetornado.com\/da\/wp-json\/"}],"wp:attachment":[{"href":"https:\/\/www.pricetornado.com\/da\/wp-json\/wp\/v2\/media?parent=448120"}],"wp:term":[{"taxonomy":"store","embeddable":true,"href":"https:\/\/www.pricetornado.com\/da\/wp-json\/wp\/v2\/store?post=448120"},{"taxonomy":"product_brand","embeddable":true,"href":"https:\/\/www.pricetornado.com\/da\/wp-json\/wp\/v2\/product_brand?post=448120"},{"taxonomy":"product_cat","embeddable":true,"href":"https:\/\/www.pricetornado.com\/da\/wp-json\/wp\/v2\/product_cat?post=448120"},{"taxonomy":"product_tag","embeddable":true,"href":"https:\/\/www.pricetornado.com\/da\/wp-json\/wp\/v2\/product_tag?post=448120"}],"curies":[{"name":"wp","href":"https:\/\/api.w.org\/{rel}","templated":true}]}}