{"id":448113,"date":"2025-02-24T21:03:08","date_gmt":"2025-02-24T20:03:08","guid":{"rendered":"https:\/\/www.pricetornado.com\/da\/produkt\/lenco-pladespiller-med-indbygget-forstaerker-og-bluetooth-plus-2-eksterne-hoejttalere-wood-ls-480wd\/"},"modified":"2026-03-11T02:42:15","modified_gmt":"2026-03-11T01:42:15","slug":"lenco-pladespiller-med-indbygget-forstaerker-og-bluetooth-plus-2-eksterne-hoejttalere-wood-ls-480wd","status":"publish","type":"product","link":"https:\/\/www.pricetornado.com\/da\/produkt\/lenco-pladespiller-med-indbygget-forstaerker-og-bluetooth-plus-2-eksterne-hoejttalere-wood-ls-480wd\/","title":{"rendered":"Lenco &#8211; Pladespiller med indbygget forst\u00e6rker og Bluetooth\u00ae plus 2 eksterne h\u00f8jttalere Wood &#8211; LS-480WD"},"content":{"rendered":"<p>K\u00f8b billig Lenco &#8211; Pladespiller med indbygget forst\u00e6rker og Bluetooth\u00ae plus 2 eksterne h\u00f8jttalere Wood &#8211; LS-480WD!<br \/>\nLenco LS-480WD er en alsidig pladespiller, der kombinerer klassisk pladespillerdesign med moderne lydteknologi. Modellen henvender sig til b\u00e5de begyndere og passionerede vinylsamlere og leverer en ubesv\u00e6ret, brugervenlig og behagelig lytteoplevelse. Pladespilleren er udstyret med et st\u00f8vcover i plastik, som effektivt beskytter mod st\u00f8v og \u00f8ger produktets holdbarhed og nemme vedligeholdelse. De to separate, medf\u00f8lgende h\u00f8jttalere er udf\u00f8rt med MDF-tr\u00e6finish, der passer flot ind i hjemmets indretning, samtidig med at de leverer en klar og varm lyd, som fremh\u00e6ver detaljerne i dine plader.Med sit remdrevssystem og mulighed for at v\u00e6lge mellem 33 og 45 RPM f\u00e5r du fleksibilitet til at afspille b\u00e5de LP\u2019er og singler korrekt. Dermed bevares de autentiske, analoge toner og kvaliteten i din vinylsamling.Takket v\u00e6re den indbyggede forst\u00e6rker beh\u00f8ver du ikke tilslutte en ekstern forst\u00e6rker for at nyde optimal lyd. Med en udgangseffekt p\u00e5 2 \u00d7 30 W RMS fylder LS-480WD ethvert rum med rig og detaljeret lyd direkte fra de stilfulde tr\u00e6h\u00f8jttalere.Lenco LS-480WD er udstyret med en bev\u00e6gelig magnetisk patron (AT 3600) og anti-skating-mekanisme. Dette sikrer minimal forvr\u00e6ngning og en stabil, balanceret lydgengivelse, s\u00e5 hver eneste plade bliver gengivet s\u00e5 t\u00e6t p\u00e5 originalen som muligt.Foruden vinylafspilning har LS-480WD indbygget Bluetooth\u00ae-funktionalitet, s\u00e5 du kan streame digital musik tr\u00e5dl\u00f8st direkte fra din smartphone, tablet eller computer. Det giver dig friheden til at v\u00e6lge mellem klassisk analog lyd og moderne digital streaming i \u00e9n komplet lydl\u00f8sning.Ops\u00e6tningen er hurtig og enkel, uanset dit erfaringsniveau. Pakken indeholder alt n\u00f8dvendigt udstyr: to separate tr\u00e6h\u00f8jttalere, h\u00f8jttalerkabler, st\u00f8vcover i plastik, glidem\u00e5tte, modv\u00e6gt, 45 RPM-adapter, justeringsv\u00e6rkt\u00f8j og en flersproget manual. Du kan derfor komme i gang med at opleve din vinylsamling med det samme.Med Lenco LS-480WD f\u00e5r du en fuldt udstyret og brugervenlig pladespiller, der forener det bedste fra b\u00e5de analog og digital musik. Ideel til enhver, der v\u00e6rds\u00e6tter bekvemmelighed, flot design og fantastisk lydkvalitet.<\/p>\n<p>Sammenlign priser p\u00e5 Lenco &#8211; Pladespiller med indbygget forst\u00e6rker og Bluetooth\u00ae plus 2 eksterne h\u00f8jttalere Wood &#8211; LS-480WD og k\u00f8b online til den billigste pris, samt p\u00e5 tilbud!\u00a0\u00a0Tjek den bedste pris, produkt beskrivelse, video, test, anmeldelser osv.<\/p>\n<p><strong>Brand: <\/strong>Lenco<br \/>\n<strong>EAN: <\/strong>8711902073222<br \/>\n<strong>Producentens varenr.:<\/strong> 8711902073222<\/p>\n<p><strong>P.S.<\/strong><br \/>\nTilmeld dig til &#8220;Opret Gratis Prisfald Alarm&#8221;, og bliv underrettet med det samme om prisfald p\u00e5 Lenco &#8211; Pladespiller med indbygget forst\u00e6rker og Bluetooth\u00ae plus 2 eksterne h\u00f8jttalere Wood &#8211; LS-480WD, og f\u00e5 den billigste pris!<\/p>\n<p>&nbsp;<\/p>\n<p>&nbsp;<\/p>\n","protected":false},"excerpt":{"rendered":"<p>K\u00f8b billig Lenco &#8211; Pladespiller med indbygget forst\u00e6rker og Bluetooth\u00ae plus 2 eksterne h\u00f8jttalere Wood &#8211; LS-480WD! Lenco LS-480WD er en alsidig pladespiller, der kombinerer klassisk pladespillerdesign med moderne lydteknologi. Modellen henvender sig til b\u00e5de begyndere og passionerede vinylsamlere og leverer en ubesv\u00e6ret, brugervenlig og behagelig lytteoplevelse. Pladespilleren er udstyret med et st\u00f8vcover i plastik, [&hellip;]<\/p>\n","protected":false},"featured_media":0,"template":"","meta":[],"store":[1272516],"product_brand":[1272526],"product_cat":[1272471],"product_tag":[1275188,1272790],"class_list":{"0":"post-448113","1":"product","2":"type-product","3":"status-publish","5":"store-butik24","6":"product_brand-lenco","7":"product_cat-underholdning","8":"product_tag-lenco","9":"product_tag-underholdning","10":"pa_maerke-lenco","12":"first","13":"instock","14":"product-type-external"},"_links":{"self":[{"href":"https:\/\/www.pricetornado.com\/da\/wp-json\/wp\/v2\/product\/448113","targetHints":{"allow":["GET"]}}],"collection":[{"href":"https:\/\/www.pricetornado.com\/da\/wp-json\/wp\/v2\/product"}],"about":[{"href":"https:\/\/www.pricetornado.com\/da\/wp-json\/wp\/v2\/types\/product"}],"wp:attachment":[{"href":"https:\/\/www.pricetornado.com\/da\/wp-json\/wp\/v2\/media?parent=448113"}],"wp:term":[{"taxonomy":"store","embeddable":true,"href":"https:\/\/www.pricetornado.com\/da\/wp-json\/wp\/v2\/store?post=448113"},{"taxonomy":"product_brand","embeddable":true,"href":"https:\/\/www.pricetornado.com\/da\/wp-json\/wp\/v2\/product_brand?post=448113"},{"taxonomy":"product_cat","embeddable":true,"href":"https:\/\/www.pricetornado.com\/da\/wp-json\/wp\/v2\/product_cat?post=448113"},{"taxonomy":"product_tag","embeddable":true,"href":"https:\/\/www.pricetornado.com\/da\/wp-json\/wp\/v2\/product_tag?post=448113"}],"curies":[{"name":"wp","href":"https:\/\/api.w.org\/{rel}","templated":true}]}}