{"id":448111,"date":"2025-02-23T10:45:49","date_gmt":"2025-02-23T09:45:49","guid":{"rendered":"https:\/\/www.pricetornado.com\/da\/produkt\/lenco-direkte-drevet-pladespiller-med-usb-pc-kodning-sort-l-3818bk\/"},"modified":"2026-04-18T06:30:24","modified_gmt":"2026-04-18T04:30:24","slug":"lenco-direkte-drevet-pladespiller-med-usb-pc-kodning-sort-l-3818bk","status":"publish","type":"product","link":"https:\/\/www.pricetornado.com\/da\/produkt\/lenco-direkte-drevet-pladespiller-med-usb-pc-kodning-sort-l-3818bk\/","title":{"rendered":"Lenco &#8211; Direkte drevet pladespiller med USB\/PC-kodning Sort &#8211; L-3818BK"},"content":{"rendered":"<p>K\u00f8b billig Lenco &#8211; Direkte drevet pladespiller med USB\/PC-kodning Sort &#8211; L-3818BK!<br \/>\nLenco L-3818BK er en professionel pladespiller med direkte drev, s\u00e6rligt velegnet til DJs og musikelskere, der \u00f8nsker h\u00f8j kvalitet og pr\u00e6cision. Det direkte drev sikrer \u00f8jeblikkelig opstart, ogs\u00e5 kaldet &apos;quick start&apos;, s\u00e5 pladen starter med det samme. Pladespilleren er robust konstrueret i aluminium, metal og plastik, hvor den solide aluminiumspladetallerken giver stabil og ensartet rotation. Det medf\u00f8lgende plastikst\u00f8vd\u00e6ksel beskytter enheden mod st\u00f8v, n\u00e5r den ikke er i brug.Bevar din vinylsamling for altid ved at digitalisere dine plader med Lenco L-3818BK. Takket v\u00e6re USB\/PC-kodning kan du nemt omdanne dine plader til digitale filer ved at tilslutte pladespilleren direkte til din computer med det medf\u00f8lgende USB-kabel. Dette g\u00f8r det muligt at nyde din yndlingsmusik digitalt \u2013 hvor som helst og n\u00e5r som helst.Lenco L-3818BK tilbyder professionel lyd, solid konstruktion og brugervenlige funktioner til en attraktiv pris. Uanset om du vil DJ\u2019e, nyde din vinylsamling p\u00e5 ny eller gemme musikken digitalt, er dette et p\u00e5lideligt og alsidigt valg til alle behov.<\/p>\n<p>Sammenlign priser p\u00e5 Lenco &#8211; Direkte drevet pladespiller med USB\/PC-kodning Sort &#8211; L-3818BK og k\u00f8b online til den billigste pris, samt p\u00e5 tilbud!\u00a0\u00a0Tjek den bedste pris, produkt beskrivelse, video, test, anmeldelser osv.<\/p>\n<p><strong>Brand: <\/strong>Lenco<br \/>\n<strong>EAN: <\/strong>8711902069058<br \/>\n<strong>Producentens varenr.:<\/strong> 8711902069058<\/p>\n<p><strong>P.S.<\/strong><br \/>\nTilmeld dig til &#8220;Opret Gratis Prisfald Alarm&#8221;, og bliv underrettet med det samme om prisfald p\u00e5 Lenco &#8211; Direkte drevet pladespiller med USB\/PC-kodning Sort &#8211; L-3818BK, og f\u00e5 den billigste pris!<\/p>\n<p>&nbsp;<\/p>\n<p>&nbsp;<\/p>\n","protected":false},"excerpt":{"rendered":"<p>K\u00f8b billig Lenco &#8211; Direkte drevet pladespiller med USB\/PC-kodning Sort &#8211; L-3818BK! Lenco L-3818BK er en professionel pladespiller med direkte drev, s\u00e6rligt velegnet til DJs og musikelskere, der \u00f8nsker h\u00f8j kvalitet og pr\u00e6cision. Det direkte drev sikrer \u00f8jeblikkelig opstart, ogs\u00e5 kaldet &apos;quick start&apos;, s\u00e5 pladen starter med det samme. Pladespilleren er robust konstrueret i aluminium, [&hellip;]<\/p>\n","protected":false},"featured_media":999980000004481110,"template":"","meta":[],"store":[1272516],"product_brand":[1272526],"product_cat":[1272471],"product_tag":[1275188,1272790],"class_list":{"0":"post-448111","1":"product","2":"type-product","3":"status-publish","4":"has-post-thumbnail","6":"store-butik24","7":"product_brand-lenco","8":"product_cat-underholdning","9":"product_tag-lenco","10":"product_tag-underholdning","11":"pa_maerke-lenco","13":"first","14":"instock","15":"product-type-external"},"_links":{"self":[{"href":"https:\/\/www.pricetornado.com\/da\/wp-json\/wp\/v2\/product\/448111","targetHints":{"allow":["GET"]}}],"collection":[{"href":"https:\/\/www.pricetornado.com\/da\/wp-json\/wp\/v2\/product"}],"about":[{"href":"https:\/\/www.pricetornado.com\/da\/wp-json\/wp\/v2\/types\/product"}],"wp:featuredmedia":[{"embeddable":true,"href":"https:\/\/www.pricetornado.com\/da\/wp-json\/"}],"wp:attachment":[{"href":"https:\/\/www.pricetornado.com\/da\/wp-json\/wp\/v2\/media?parent=448111"}],"wp:term":[{"taxonomy":"store","embeddable":true,"href":"https:\/\/www.pricetornado.com\/da\/wp-json\/wp\/v2\/store?post=448111"},{"taxonomy":"product_brand","embeddable":true,"href":"https:\/\/www.pricetornado.com\/da\/wp-json\/wp\/v2\/product_brand?post=448111"},{"taxonomy":"product_cat","embeddable":true,"href":"https:\/\/www.pricetornado.com\/da\/wp-json\/wp\/v2\/product_cat?post=448111"},{"taxonomy":"product_tag","embeddable":true,"href":"https:\/\/www.pricetornado.com\/da\/wp-json\/wp\/v2\/product_tag?post=448111"}],"curies":[{"name":"wp","href":"https:\/\/api.w.org\/{rel}","templated":true}]}}