{"id":448108,"date":"2025-02-23T01:56:22","date_gmt":"2025-02-23T00:56:22","guid":{"rendered":"https:\/\/www.pricetornado.com\/da\/produkt\/lenco-bluetooth-pladespiller-med-indbyggede-hoejttalere-cream-tt-115cr\/"},"modified":"2026-04-15T02:04:27","modified_gmt":"2026-04-15T00:04:27","slug":"lenco-bluetooth-pladespiller-med-indbyggede-hoejttalere-cream-tt-115cr","status":"publish","type":"product","link":"https:\/\/www.pricetornado.com\/da\/produkt\/lenco-bluetooth-pladespiller-med-indbyggede-hoejttalere-cream-tt-115cr\/","title":{"rendered":"Lenco &#8211; Bluetooth\u00ae-pladespiller med indbyggede h\u00f8jttalere Cream &#8211; TT-115CR"},"content":{"rendered":"<p>K\u00f8b billig Lenco &#8211; Bluetooth\u00ae-pladespiller med indbyggede h\u00f8jttalere Cream &#8211; TT-115CR!<br \/>\nOplev autentisk vinyllyd sammen med moderne bekvemmelighed med Lenco TT-115CR Bluetooth\u00ae pladespiller. Denne stilfulde og b\u00e6rbare kuffertpladespiller i retrodesign er bygget af holdbare materialer som MDF, kunstl\u00e6der, metal, plast og tr\u00e6 \u2013 og kombinerer et klassisk udtryk med stor robusthed og brugervenlighed. Det solide etui med h\u00e5ndtag beskytter pladespilleren og g\u00f8r den let at tage med, s\u00e5 du kan nyde musik derhjemme eller p\u00e5 farten.Bluetooth\u00ae 5.0 \u2013 stream tr\u00e5dl\u00f8st dine yndlingssange fra smartphone eller tablet til pladespillerens h\u00f8jttalereIndbyggede h\u00f8jttalere: 2 x 2W maks. outputLenco TT-115CR er ideel til dig, der \u00f8nsker den klassiske vinyloplevelse kombineret med moderne streamingmuligheder og fleksibel optagelse. Uanset om du spiller dine yndlingsplader, streamer tr\u00e5dl\u00f8st, optager til USB eller bruger hovedtelefoner, f\u00e5r du frihed og kvalitet samlet i \u00e9n enhed. Den retroinspirerede kuffert med h\u00e5ndtag g\u00f8r pladespilleren b\u00e5de nem at tage med og beskytter effektivt under transporten.G\u00e5 p\u00e5 opdagelse i vinylens verden med Lenco TT-115CR \u2013 hvor retrodesign, fleksibilitet og moderne funktioner forenes i en kompakt og brugervenlig pladespiller.<\/p>\n<p>Sammenlign priser p\u00e5 Lenco &#8211; Bluetooth\u00ae-pladespiller med indbyggede h\u00f8jttalere Cream &#8211; TT-115CR og k\u00f8b online til den billigste pris, samt p\u00e5 tilbud!\u00a0\u00a0Tjek den bedste pris, produkt beskrivelse, video, test, anmeldelser osv.<\/p>\n<p><strong>Brand: <\/strong>Lenco<br \/>\n<strong>EAN: <\/strong>8711902072447<br \/>\n<strong>Producentens varenr.:<\/strong> 8711902072447<\/p>\n<p><strong>P.S.<\/strong><br \/>\nTilmeld dig til &#8220;Opret Gratis Prisfald Alarm&#8221;, og bliv underrettet med det samme om prisfald p\u00e5 Lenco &#8211; Bluetooth\u00ae-pladespiller med indbyggede h\u00f8jttalere Cream &#8211; TT-115CR, og f\u00e5 den billigste pris!<\/p>\n<p>&nbsp;<\/p>\n<p>&nbsp;<\/p>\n","protected":false},"excerpt":{"rendered":"<p>K\u00f8b billig Lenco &#8211; Bluetooth\u00ae-pladespiller med indbyggede h\u00f8jttalere Cream &#8211; TT-115CR! Oplev autentisk vinyllyd sammen med moderne bekvemmelighed med Lenco TT-115CR Bluetooth\u00ae pladespiller. Denne stilfulde og b\u00e6rbare kuffertpladespiller i retrodesign er bygget af holdbare materialer som MDF, kunstl\u00e6der, metal, plast og tr\u00e6 \u2013 og kombinerer et klassisk udtryk med stor robusthed og brugervenlighed. Det solide [&hellip;]<\/p>\n","protected":false},"featured_media":0,"template":"","meta":[],"store":[1272516],"product_brand":[1272526],"product_cat":[1272471],"product_tag":[1275188,1272790],"class_list":{"0":"post-448108","1":"product","2":"type-product","3":"status-publish","5":"store-butik24","6":"product_brand-lenco","7":"product_cat-underholdning","8":"product_tag-lenco","9":"product_tag-underholdning","10":"pa_maerke-lenco","12":"first","13":"instock","14":"product-type-external"},"_links":{"self":[{"href":"https:\/\/www.pricetornado.com\/da\/wp-json\/wp\/v2\/product\/448108","targetHints":{"allow":["GET"]}}],"collection":[{"href":"https:\/\/www.pricetornado.com\/da\/wp-json\/wp\/v2\/product"}],"about":[{"href":"https:\/\/www.pricetornado.com\/da\/wp-json\/wp\/v2\/types\/product"}],"wp:attachment":[{"href":"https:\/\/www.pricetornado.com\/da\/wp-json\/wp\/v2\/media?parent=448108"}],"wp:term":[{"taxonomy":"store","embeddable":true,"href":"https:\/\/www.pricetornado.com\/da\/wp-json\/wp\/v2\/store?post=448108"},{"taxonomy":"product_brand","embeddable":true,"href":"https:\/\/www.pricetornado.com\/da\/wp-json\/wp\/v2\/product_brand?post=448108"},{"taxonomy":"product_cat","embeddable":true,"href":"https:\/\/www.pricetornado.com\/da\/wp-json\/wp\/v2\/product_cat?post=448108"},{"taxonomy":"product_tag","embeddable":true,"href":"https:\/\/www.pricetornado.com\/da\/wp-json\/wp\/v2\/product_tag?post=448108"}],"curies":[{"name":"wp","href":"https:\/\/api.w.org\/{rel}","templated":true}]}}