{"id":448103,"date":"2025-02-24T01:22:18","date_gmt":"2025-02-24T00:22:18","guid":{"rendered":"https:\/\/www.pricetornado.com\/da\/produkt\/nedis-vaegoplader-20-w-gan-pd3-0-hurtigopladningsfunktion-1-5-2-0-2-22-a-3-0-a-antal-output-2-usb-a-usb-c-usb-c-loes-kabel-1-50-m-automatisk-valgt-sp\/"},"modified":"2026-04-01T01:44:55","modified_gmt":"2026-03-31T23:44:55","slug":"nedis-vaegoplader-20-w-gan-pd3-0-hurtigopladningsfunktion-1-5-2-0-2-22-a-3-0-a-antal-output-2-usb-a-usb-c-usb-c-loes-kabel-1-50-m-automatisk-valgt-sp","status":"publish","type":"product","link":"https:\/\/www.pricetornado.com\/da\/produkt\/nedis-vaegoplader-20-w-gan-pd3-0-hurtigopladningsfunktion-1-5-2-0-2-22-a-3-0-a-antal-output-2-usb-a-usb-c-usb-c-loes-kabel-1-50-m-automatisk-valgt-sp\/","title":{"rendered":"Nedis &#8211; V\u00e6goplader | 20 W | GaN | PD3.0 | Hurtigopladningsfunktion | 1.5 \/ 2.0 \/ 2.22 A \/ 3.0 A | Antal output: 2 | USB-A \/ USB-C\u2122 | USB-C\u2122 (L\u00f8s) kabel | 1.50 m | Automatisk Valgt Sp\u00e6nding | Hvid &#8211; WCHA20WTUC"},"content":{"rendered":"<p>K\u00f8b billig Nedis &#8211; V\u00e6goplader | 20 W | GaN | PD3.0 | Hurtigopladningsfunktion | 1.5 \/ 2.0 \/ 2.22 A \/ 3.0 A | Antal output: 2 | USB-A \/ USB-C\u2122 | USB-C\u2122 (L\u00f8s) kabel | 1.50 m | Automatisk Valgt Sp\u00e6nding | Hvid &#8211; WCHA20WTUC!<br \/>\nF\u00e5 hurtigt og effektivt str\u00f8m p\u00e5 dine enheder med Nedis Compact Dual GaN Wall Charger. Denne h\u00f8jtydende oplader har den nyeste GaN-teknologi, der sikrer hurtigere opladningshastigheder, forbedret effektivitet og et mere kompakt design.Med to kraftige porte kan du oplade to enheder samtidigt uden at g\u00e5 p\u00e5 kompromis med hastigheden. USB-C\u2122 Power Delivery (PD)-porten leverer 20 W, hvilket er ideelt til hurtig opladning af de nyeste Apple-smartphones, iPads og andre kompatible enheder. USB-A Quick Charge\u2122 3.0-porten leverer 18 W, hvilket g\u00f8r den perfekt til Android-enheder, der underst\u00f8tter Power Delivery og Quick Charge\u2122 3.0.Takket v\u00e6re intelligent opladningsteknologi registrerer opladeren automatisk tilsluttede enheder og giver det optimale str\u00f8mniveau for sikker og effektiv opladning. Uanset om du oplader en smartphone, tablet eller en anden USB-drevet enhed, leverer denne oplader den str\u00f8m, du har brug for.Det kompakte og lette design g\u00f8r den til et fremragende valg til hjemmet, kontoret eller p\u00e5 rejsen. Med sin pladsbesparende form og h\u00f8je effektivitet er Nedis Compact Dual GaN Wall Charger den perfekte ledsager til alle, der \u00f8nsker hurtig, p\u00e5lidelig og bekvem opladning. Pakken indeholder et 1,5 meter langt USB-C\u2122 til USB-C\u2122-kabel, der er perfekt til dataoverf\u00f8rsel og opladning af dine USB-C\u2122-enheder lige fra kassen.<\/p>\n<p>Sammenlign priser p\u00e5 Nedis &#8211; V\u00e6goplader | 20 W | GaN | PD3.0 | Hurtigopladningsfunktion | 1.5 \/ 2.0 \/ 2.22 A \/ 3.0 A | Antal output: 2 | USB-A \/ USB-C\u2122 | USB-C\u2122 (L\u00f8s) kabel | 1.50 m | Automatisk Valgt Sp\u00e6nding | Hvid &#8211; WCHA20WTUC og k\u00f8b online til den billigste pris, samt p\u00e5 tilbud!\u00a0\u00a0Tjek den bedste pris, produkt beskrivelse, video, test, anmeldelser osv.<\/p>\n<p><strong>Brand: <\/strong>Nedis<br \/>\n<strong>EAN: <\/strong>5412810470273<br \/>\n<strong>Producentens varenr.:<\/strong> 5412810470273<\/p>\n<p><strong>P.S.<\/strong><br \/>\nTilmeld dig til &#8220;Opret Gratis Prisfald Alarm&#8221;, og bliv underrettet med det samme om prisfald p\u00e5 Nedis &#8211; V\u00e6goplader | 20 W | GaN | PD3.0 | Hurtigopladningsfunktion | 1.5 \/ 2.0 \/ 2.22 A \/ 3.0 A | Antal output: 2 | USB-A \/ USB-C\u2122 | USB-C\u2122 (L\u00f8s) kabel | 1.50 m | Automatisk Valgt Sp\u00e6nding | Hvid &#8211; WCHA20WTUC, og f\u00e5 den billigste pris!<\/p>\n<p>&nbsp;<\/p>\n<p>&nbsp;<\/p>\n","protected":false},"excerpt":{"rendered":"<p>K\u00f8b billig Nedis &#8211; V\u00e6goplader | 20 W | GaN | PD3.0 | Hurtigopladningsfunktion | 1.5 \/ 2.0 \/ 2.22 A \/ 3.0 A | Antal output: 2 | USB-A \/ USB-C\u2122 | USB-C\u2122 (L\u00f8s) kabel | 1.50 m | Automatisk Valgt Sp\u00e6nding | Hvid &#8211; WCHA20WTUC! F\u00e5 hurtigt og effektivt str\u00f8m p\u00e5 dine enheder [&hellip;]<\/p>\n","protected":false},"featured_media":0,"template":"","meta":[],"store":[1272516],"product_brand":[1272517],"product_cat":[1272436],"product_tag":[1275178,1272965],"class_list":{"0":"post-448103","1":"product","2":"type-product","3":"status-publish","5":"store-butik24","6":"product_brand-nedis","7":"product_cat-stroemforsyning","8":"product_tag-nedis","9":"product_tag-stroemforsyning","10":"pa_maerke-nedis","12":"first","13":"instock","14":"product-type-external"},"_links":{"self":[{"href":"https:\/\/www.pricetornado.com\/da\/wp-json\/wp\/v2\/product\/448103","targetHints":{"allow":["GET"]}}],"collection":[{"href":"https:\/\/www.pricetornado.com\/da\/wp-json\/wp\/v2\/product"}],"about":[{"href":"https:\/\/www.pricetornado.com\/da\/wp-json\/wp\/v2\/types\/product"}],"wp:attachment":[{"href":"https:\/\/www.pricetornado.com\/da\/wp-json\/wp\/v2\/media?parent=448103"}],"wp:term":[{"taxonomy":"store","embeddable":true,"href":"https:\/\/www.pricetornado.com\/da\/wp-json\/wp\/v2\/store?post=448103"},{"taxonomy":"product_brand","embeddable":true,"href":"https:\/\/www.pricetornado.com\/da\/wp-json\/wp\/v2\/product_brand?post=448103"},{"taxonomy":"product_cat","embeddable":true,"href":"https:\/\/www.pricetornado.com\/da\/wp-json\/wp\/v2\/product_cat?post=448103"},{"taxonomy":"product_tag","embeddable":true,"href":"https:\/\/www.pricetornado.com\/da\/wp-json\/wp\/v2\/product_tag?post=448103"}],"curies":[{"name":"wp","href":"https:\/\/api.w.org\/{rel}","templated":true}]}}