{"id":448095,"date":"2025-02-21T00:44:22","date_gmt":"2025-02-20T23:44:22","guid":{"rendered":"https:\/\/www.pricetornado.com\/da\/produkt\/nedis-smartlife-led-baand-wi-fi-cool-hvid-rgb-varm-hvid-smd-5-00-m-ip21-2700-6500-k-960-lm-android-ios-wifils52crgbw\/"},"modified":"2026-03-25T02:00:41","modified_gmt":"2026-03-25T01:00:41","slug":"nedis-smartlife-led-baand-wi-fi-cool-hvid-rgb-varm-hvid-smd-5-00-m-ip21-2700-6500-k-960-lm-android-ios-wifils52crgbw","status":"publish","type":"product","link":"https:\/\/www.pricetornado.com\/da\/produkt\/nedis-smartlife-led-baand-wi-fi-cool-hvid-rgb-varm-hvid-smd-5-00-m-ip21-2700-6500-k-960-lm-android-ios-wifils52crgbw\/","title":{"rendered":"Nedis &#8211; SmartLife LED-B\u00e5nd | Wi-Fi | Cool Hvid \/ RGB \/ Varm Hvid | SMD | 5.00 m | IP21 | 2700 &#8211; 6500 K | 960 lm | Android\u2122 \/ IOS &#8211; WIFILS52CRGBW"},"content":{"rendered":"<p>K\u00f8b billig Nedis &#8211; SmartLife LED-B\u00e5nd | Wi-Fi | Cool Hvid \/ RGB \/ Varm Hvid | SMD | 5.00 m | IP21 | 2700 &#8211; 6500 K | 960 lm | Android\u2122 \/ IOS &#8211; WIFILS52CRGBW!<br \/>\nNedis SmartLife Wi-Fi LED-strip er en alsidig og intelligent belysningsl\u00f8sning, der giver levende farver og justerbare hvide nuancer til ethvert rum i hjemmet. Med en l\u00e6ngde p\u00e5 5 meter er b\u00e5ndet ideelt til b\u00e5de store og sm\u00e5 omr\u00e5der, og du kan afkorte strippen for pr\u00e6cis tilpasning. Den smarte LED-strip g\u00f8r det nemt at skabe den perfekte atmosf\u00e6re \u2013 uanset om du \u00f8nsker at tilf\u00f8je varme til en hyggelig aften, fremh\u00e6ve din indretning med farver eller skabe dynamisk stemning.LED-strippen er fremstillet af silikone, som g\u00f8r den b\u00e5de fleksibel og s\u00e6rdeles robust. Silikonen bidrager til h\u00f8j holdbarhed og modstandsdygtighed overfor almindelige p\u00e5virkninger, hvilket giver lang levetid. Med IP21-certificering er strippen beskyttet mod faste partikler og let fugt, hvilket g\u00f8r den velegnet til brug indend\u00f8rs.LED-strippen tilbyder millioner af farver i RGB, samt justerbart klart og varmt hvidt lys (2700-6500 Kelvin). B\u00e5ndet er desuden d\u00e6mpbart, s\u00e5 du kan skr\u00e6ddersy lysintensiteten til enhver stemning eller situation.Styr belysningen fra din smartphone med Nedis SmartLife-appen, der er kompatibel med b\u00e5de Android og iOS. Skift farver og nuancer, juster lysstyrken, og opret personlige lysscener eller v\u00e6lg blandt forudindstillede scenarier til begivenheder som fest, film eller hygge. Du kan programmere automatisk t\u00e6nd\/sluk og tilpasse belysningen i forhold til f.eks. solnedgang \u2013 det \u00f8ger b\u00e5de bekvemmelighed, sikkerhed og energibesparelse. LED-strippen underst\u00f8tter stemmestyring med Amazon Alexa og Google Home, s\u00e5 du kan kontrollere lyset med en simpel talekommando.Forudmonteret dobbeltsidet 3M-kl\u00e6beb\u00e5nd for hurtig og sikker montering p\u00e5 de fleste glatte overflader.B\u00e5ndet kan afkortes, s\u00e5 det passer til dit behov.Nem ops\u00e6tning uden behov for hub via Wi-Fi \u2013 blot tilslut i SmartLife-appen.Flere brugere kan f\u00e5 adgang til og styre belysningen samtidig.Energieffektiv med et lavt str\u00f8mforbrug p\u00e5 maks. 20 W.960 lumen sikrer effektiv og behagelig belysning.Integreres fuldt med andre produkter i Nedis SmartLife-serien for en komplet smart home-oplevelse.Brug LED-strippen til indirekte belysning under sengen, bag gardiner, langs trapper eller v\u00e6gge, og skab kreative lyseffekter, som passer til din personlige stil eller lejlighed. Uanset om det g\u00e6lder accentbelysning, fest, hygge eller \u00f8get tryghed, er Nedis SmartLife Wi-Fi LED-strip det oplagte valg til nem, smart og energieffektiv belysning.<\/p>\n<p>Sammenlign priser p\u00e5 Nedis &#8211; SmartLife LED-B\u00e5nd | Wi-Fi | Cool Hvid \/ RGB \/ Varm Hvid | SMD | 5.00 m | IP21 | 2700 &#8211; 6500 K | 960 lm | Android\u2122 \/ IOS &#8211; WIFILS52CRGBW og k\u00f8b online til den billigste pris, samt p\u00e5 tilbud!\u00a0\u00a0Tjek den bedste pris, produkt beskrivelse, video, test, anmeldelser osv.<\/p>\n<p><strong>Brand: <\/strong>Nedis<br \/>\n<strong>EAN: <\/strong>5412810468867<br \/>\n<strong>Producentens varenr.:<\/strong> 5412810468867<\/p>\n<p><strong>P.S.<\/strong><br \/>\nTilmeld dig til &#8220;Opret Gratis Prisfald Alarm&#8221;, og bliv underrettet med det samme om prisfald p\u00e5 Nedis &#8211; SmartLife LED-B\u00e5nd | Wi-Fi | Cool Hvid \/ RGB \/ Varm Hvid | SMD | 5.00 m | IP21 | 2700 &#8211; 6500 K | 960 lm | Android\u2122 \/ IOS &#8211; WIFILS52CRGBW, og f\u00e5 den billigste pris!<\/p>\n<p>&nbsp;<\/p>\n<p>&nbsp;<\/p>\n","protected":false},"excerpt":{"rendered":"<p>K\u00f8b billig Nedis &#8211; SmartLife LED-B\u00e5nd | Wi-Fi | Cool Hvid \/ RGB \/ Varm Hvid | SMD | 5.00 m | IP21 | 2700 &#8211; 6500 K | 960 lm | Android\u2122 \/ IOS &#8211; WIFILS52CRGBW! Nedis SmartLife Wi-Fi LED-strip er en alsidig og intelligent belysningsl\u00f8sning, der giver levende farver og justerbare hvide nuancer [&hellip;]<\/p>\n","protected":false},"featured_media":0,"template":"","meta":[],"store":[1272516],"product_brand":[1272517],"product_cat":[1272407],"product_tag":[1272697,1275178],"class_list":{"0":"post-448095","1":"product","2":"type-product","3":"status-publish","5":"store-butik24","6":"product_brand-nedis","7":"product_cat-belysning-2","8":"product_tag-belysning","9":"product_tag-nedis","10":"pa_maerke-nedis","12":"first","13":"instock","14":"product-type-external"},"_links":{"self":[{"href":"https:\/\/www.pricetornado.com\/da\/wp-json\/wp\/v2\/product\/448095","targetHints":{"allow":["GET"]}}],"collection":[{"href":"https:\/\/www.pricetornado.com\/da\/wp-json\/wp\/v2\/product"}],"about":[{"href":"https:\/\/www.pricetornado.com\/da\/wp-json\/wp\/v2\/types\/product"}],"wp:attachment":[{"href":"https:\/\/www.pricetornado.com\/da\/wp-json\/wp\/v2\/media?parent=448095"}],"wp:term":[{"taxonomy":"store","embeddable":true,"href":"https:\/\/www.pricetornado.com\/da\/wp-json\/wp\/v2\/store?post=448095"},{"taxonomy":"product_brand","embeddable":true,"href":"https:\/\/www.pricetornado.com\/da\/wp-json\/wp\/v2\/product_brand?post=448095"},{"taxonomy":"product_cat","embeddable":true,"href":"https:\/\/www.pricetornado.com\/da\/wp-json\/wp\/v2\/product_cat?post=448095"},{"taxonomy":"product_tag","embeddable":true,"href":"https:\/\/www.pricetornado.com\/da\/wp-json\/wp\/v2\/product_tag?post=448095"}],"curies":[{"name":"wp","href":"https:\/\/api.w.org\/{rel}","templated":true}]}}