{"id":448094,"date":"2025-02-22T04:28:12","date_gmt":"2025-02-22T03:28:12","guid":{"rendered":"https:\/\/www.pricetornado.com\/da\/produkt\/nedis-smartlife-afbryder-zigbee-3-0-2x100-w-terminalforbindelse-app-tilgaengelig-til-android-ios-zbwd20rd\/"},"modified":"2026-04-15T01:48:48","modified_gmt":"2026-04-14T23:48:48","slug":"nedis-smartlife-afbryder-zigbee-3-0-2x100-w-terminalforbindelse-app-tilgaengelig-til-android-ios-zbwd20rd","status":"publish","type":"product","link":"https:\/\/www.pricetornado.com\/da\/produkt\/nedis-smartlife-afbryder-zigbee-3-0-2x100-w-terminalforbindelse-app-tilgaengelig-til-android-ios-zbwd20rd\/","title":{"rendered":"Nedis &#8211; SmartLife Afbryder | Zigbee 3.0 | 2&#215;100 W | Terminalforbindelse | App tilg\u00e6ngelig til: Android\u2122 \/ IOS &#8211; ZBWD20RD"},"content":{"rendered":"<p>K\u00f8b billig Nedis &#8211; SmartLife Afbryder | Zigbee 3.0 | 2&#215;100 W | Terminalforbindelse | App tilg\u00e6ngelig til: Android\u2122 \/ IOS &#8211; ZBWD20RD!<br \/>\nMed Nedis Zigbee Smart Dimmer kan du nemt forvandle din almindelige lyskontakt til et intelligent og energieffektivt smart home-system. Denne kompakte og robuste lysd\u00e6mper, fremstillet af holdbar plast, installeres problemfrit bag din eksisterende kontakt* og tilf\u00f8jer smart d\u00e6mpningsfunktionalitet samt avanceret styring til dit hjem. Produktet underst\u00f8tter Zigbee 3.0-teknologi, hvilket sikrer stabil, lavenergi og p\u00e5lidelig forbindelse til \u00f8vrige Zigbee-enheder.Kompatibel med Zigbee 3.0 for enkel integration med andre smart home-enhederStyr din belysning og dine apparater nemt, uanset hvor du befinder dig, via Nedis SmartLife-appen, der findes til b\u00e5de Android og iOS. Opret automatiske tidsplaner, tilpassede scener og del kontrollen med hele familien via appens familiedelingsfunktion. Produktet er kompatibelt med stemmeassistenter som Amazon Alexa og Google Home, s\u00e5 du f\u00e5r mulighed for fuldst\u00e6ndig h\u00e5ndfri kontrol over hjemmets belysning.Kombiner Zigbee Smart Dimmer med andre Nedis SmartLife-produkter for at opn\u00e5 en fuldt integreret smart home-l\u00f8sning. Med en Nedis Zigbee-gateway kan du lave avancerede scener og automatiseringer, der \u00f8ger komforten, sparer energi og tilpasser styringen efter dine behov.Oplev en nem installation, energibesparelse og maksimal kontrol lige ved h\u00e5nden \u2013 g\u00f8r dit hjem smartere og mere bekvemt med Nedis Zigbee Smart Dimmer i dag.* Neutral ledning p\u00e5kr\u00e6vet ved installation.<\/p>\n<p>Sammenlign priser p\u00e5 Nedis &#8211; SmartLife Afbryder | Zigbee 3.0 | 2&#215;100 W | Terminalforbindelse | App tilg\u00e6ngelig til: Android\u2122 \/ IOS &#8211; ZBWD20RD og k\u00f8b online til den billigste pris, samt p\u00e5 tilbud!\u00a0\u00a0Tjek den bedste pris, produkt beskrivelse, video, test, anmeldelser osv.<\/p>\n<p><strong>Brand: <\/strong>Nedis<br \/>\n<strong>EAN: <\/strong>5412810452187<br \/>\n<strong>Producentens varenr.:<\/strong> 5412810452187<\/p>\n<p><strong>P.S.<\/strong><br \/>\nTilmeld dig til &#8220;Opret Gratis Prisfald Alarm&#8221;, og bliv underrettet med det samme om prisfald p\u00e5 Nedis &#8211; SmartLife Afbryder | Zigbee 3.0 | 2&#215;100 W | Terminalforbindelse | App tilg\u00e6ngelig til: Android\u2122 \/ IOS &#8211; ZBWD20RD, og f\u00e5 den billigste pris!<\/p>\n<p>&nbsp;<\/p>\n<p>&nbsp;<\/p>\n","protected":false},"excerpt":{"rendered":"<p>K\u00f8b billig Nedis &#8211; SmartLife Afbryder | Zigbee 3.0 | 2&#215;100 W | Terminalforbindelse | App tilg\u00e6ngelig til: Android\u2122 \/ IOS &#8211; ZBWD20RD! Med Nedis Zigbee Smart Dimmer kan du nemt forvandle din almindelige lyskontakt til et intelligent og energieffektivt smart home-system. Denne kompakte og robuste lysd\u00e6mper, fremstillet af holdbar plast, installeres problemfrit bag din [&hellip;]<\/p>\n","protected":false},"featured_media":0,"template":"","meta":[],"store":[1272516],"product_brand":[1272517],"product_cat":[1272467],"product_tag":[1275178,1273383],"class_list":{"0":"post-448094","1":"product","2":"type-product","3":"status-publish","5":"store-butik24","6":"product_brand-nedis","7":"product_cat-power-og-energi","8":"product_tag-nedis","9":"product_tag-power-og-energi","10":"pa_maerke-nedis","12":"first","13":"instock","14":"product-type-external"},"_links":{"self":[{"href":"https:\/\/www.pricetornado.com\/da\/wp-json\/wp\/v2\/product\/448094","targetHints":{"allow":["GET"]}}],"collection":[{"href":"https:\/\/www.pricetornado.com\/da\/wp-json\/wp\/v2\/product"}],"about":[{"href":"https:\/\/www.pricetornado.com\/da\/wp-json\/wp\/v2\/types\/product"}],"wp:attachment":[{"href":"https:\/\/www.pricetornado.com\/da\/wp-json\/wp\/v2\/media?parent=448094"}],"wp:term":[{"taxonomy":"store","embeddable":true,"href":"https:\/\/www.pricetornado.com\/da\/wp-json\/wp\/v2\/store?post=448094"},{"taxonomy":"product_brand","embeddable":true,"href":"https:\/\/www.pricetornado.com\/da\/wp-json\/wp\/v2\/product_brand?post=448094"},{"taxonomy":"product_cat","embeddable":true,"href":"https:\/\/www.pricetornado.com\/da\/wp-json\/wp\/v2\/product_cat?post=448094"},{"taxonomy":"product_tag","embeddable":true,"href":"https:\/\/www.pricetornado.com\/da\/wp-json\/wp\/v2\/product_tag?post=448094"}],"curies":[{"name":"wp","href":"https:\/\/api.w.org\/{rel}","templated":true}]}}