{"id":448090,"date":"2025-02-20T01:30:18","date_gmt":"2025-02-20T00:30:18","guid":{"rendered":"https:\/\/www.pricetornado.com\/da\/produkt\/nedis-smartlife-gateway-bluetooth-zigbee-3-0-50-enheder-usb-drevet-android-ios-hvid-wifizbt10wt\/"},"modified":"2026-04-29T01:54:12","modified_gmt":"2026-04-28T23:54:12","slug":"nedis-smartlife-gateway-bluetooth-zigbee-3-0-50-enheder-usb-drevet-android-ios-hvid-wifizbt10wt","status":"publish","type":"product","link":"https:\/\/www.pricetornado.com\/da\/produkt\/nedis-smartlife-gateway-bluetooth-zigbee-3-0-50-enheder-usb-drevet-android-ios-hvid-wifizbt10wt\/","title":{"rendered":"Nedis &#8211; SmartLife Gateway | Bluetooth\u00ae \/ Zigbee 3.0 | 50 Enheder | USB Drevet | Android\u2122 \/ IOS | Hvid &#8211; WIFIZBT10WT"},"content":{"rendered":"<p>K\u00f8b billig Nedis &#8211; SmartLife Gateway | Bluetooth\u00ae \/ Zigbee 3.0 | 50 Enheder | USB Drevet | Android\u2122 \/ IOS | Hvid &#8211; WIFIZBT10WT!<br \/>\nNedis SmartLife Gateway forbinder direkte til Wi-Fi og eliminerer derved behovet for ethernet-kabler. Install\u00e9r gatewayen let i Nedis SmartLife-appen og f\u00e5 mulighed for at tilkoble op til 50 Zigbee-produkter eller smarte Bluetooth-enheder til \u00e9n gateway. Hver tilsluttet enhed fremg\u00e5r i SmartLife-appen, hvilket g\u00f8r det enkelt at integrere dem s\u00f8ml\u00f8st i dine automatiseringer, som var de direkte forbundet til Wi-Fi.Energieffektiv Zigbee 3.0 og robust d\u00e6kning i hele hjemmetZigbee-teknologien giver \u00f8jeblikkelig og energieffektiv kommunikation med et meget lavt batteriforbrug. Det g\u00f8r gatewayen ideel til sm\u00e5 tr\u00e5dl\u00f8se sensorer, der kan fungere i \u00e5revis p\u00e5 et enkelt batteri. Den robuste signald\u00e6kning sikrer en p\u00e5lidelig forbindelse i hele dit hjem, og gatewayens kompakte og slanke design passer ubesv\u00e6ret ind i ethvert milj\u00f8.Underst\u00f8tter b\u00e5de Zigbee 3.0 og Bluetooth-protokoller for bred kompatibilitetMed Nedis SmartLife Gateway kan du tilg\u00e5 og administrere alle dine tilsluttede enheder fra hvor som helst via appen. Den brugervenlige gr\u00e6nseflade forenkler administrationen, s\u00e5 du nemt kan skr\u00e6ddersy dine automatiseringer og f\u00e5 maksimal v\u00e6rdi ud af dit smarte hjem. SmartLife Gateway i dag.<\/p>\n<p>Sammenlign priser p\u00e5 Nedis &#8211; SmartLife Gateway | Bluetooth\u00ae \/ Zigbee 3.0 | 50 Enheder | USB Drevet | Android\u2122 \/ IOS | Hvid &#8211; WIFIZBT10WT og k\u00f8b online til den billigste pris, samt p\u00e5 tilbud!\u00a0\u00a0Tjek den bedste pris, produkt beskrivelse, video, test, anmeldelser osv.<\/p>\n<p><strong>Brand: <\/strong>Nedis<br \/>\n<strong>EAN: <\/strong>5412810467365<br \/>\n<strong>Producentens varenr.:<\/strong> 5412810467365<\/p>\n<p><strong>P.S.<\/strong><br \/>\nTilmeld dig til &#8220;Opret Gratis Prisfald Alarm&#8221;, og bliv underrettet med det samme om prisfald p\u00e5 Nedis &#8211; SmartLife Gateway | Bluetooth\u00ae \/ Zigbee 3.0 | 50 Enheder | USB Drevet | Android\u2122 \/ IOS | Hvid &#8211; WIFIZBT10WT, og f\u00e5 den billigste pris!<\/p>\n<p>&nbsp;<\/p>\n<p>&nbsp;<\/p>\n","protected":false},"excerpt":{"rendered":"<p>K\u00f8b billig Nedis &#8211; SmartLife Gateway | Bluetooth\u00ae \/ Zigbee 3.0 | 50 Enheder | USB Drevet | Android\u2122 \/ IOS | Hvid &#8211; WIFIZBT10WT! Nedis SmartLife Gateway forbinder direkte til Wi-Fi og eliminerer derved behovet for ethernet-kabler. Install\u00e9r gatewayen let i Nedis SmartLife-appen og f\u00e5 mulighed for at tilkoble op til 50 Zigbee-produkter eller [&hellip;]<\/p>\n","protected":false},"featured_media":0,"template":"","meta":[],"store":[1272516],"product_brand":[1272517],"product_cat":[1272494],"product_tag":[1275178,1274292],"class_list":{"0":"post-448090","1":"product","2":"type-product","3":"status-publish","5":"store-butik24","6":"product_brand-nedis","7":"product_cat-styring","8":"product_tag-nedis","9":"product_tag-styring","10":"pa_maerke-nedis","12":"first","13":"instock","14":"product-type-external"},"_links":{"self":[{"href":"https:\/\/www.pricetornado.com\/da\/wp-json\/wp\/v2\/product\/448090","targetHints":{"allow":["GET"]}}],"collection":[{"href":"https:\/\/www.pricetornado.com\/da\/wp-json\/wp\/v2\/product"}],"about":[{"href":"https:\/\/www.pricetornado.com\/da\/wp-json\/wp\/v2\/types\/product"}],"wp:attachment":[{"href":"https:\/\/www.pricetornado.com\/da\/wp-json\/wp\/v2\/media?parent=448090"}],"wp:term":[{"taxonomy":"store","embeddable":true,"href":"https:\/\/www.pricetornado.com\/da\/wp-json\/wp\/v2\/store?post=448090"},{"taxonomy":"product_brand","embeddable":true,"href":"https:\/\/www.pricetornado.com\/da\/wp-json\/wp\/v2\/product_brand?post=448090"},{"taxonomy":"product_cat","embeddable":true,"href":"https:\/\/www.pricetornado.com\/da\/wp-json\/wp\/v2\/product_cat?post=448090"},{"taxonomy":"product_tag","embeddable":true,"href":"https:\/\/www.pricetornado.com\/da\/wp-json\/wp\/v2\/product_tag?post=448090"}],"curies":[{"name":"wp","href":"https:\/\/api.w.org\/{rel}","templated":true}]}}