{"id":448085,"date":"2025-02-21T18:40:58","date_gmt":"2025-02-21T17:40:58","guid":{"rendered":"https:\/\/www.pricetornado.com\/da\/produkt\/nedis-stoevsuger-starter-kit-bil-electrolux-universal-32-35-mm-vckt100car\/"},"modified":"2026-04-17T03:59:54","modified_gmt":"2026-04-17T01:59:54","slug":"nedis-stoevsuger-starter-kit-bil-electrolux-universal-32-35-mm-vckt100car","status":"publish","type":"product","link":"https:\/\/www.pricetornado.com\/da\/produkt\/nedis-stoevsuger-starter-kit-bil-electrolux-universal-32-35-mm-vckt100car\/","title":{"rendered":"Nedis &#8211; St\u00f8vsuger Starter Kit | Bil | Electrolux \/ Universal | 32 &#8211; 35 mm &#8211; VCKT100CAR"},"content":{"rendered":"<p>K\u00f8b billig Nedis &#8211; St\u00f8vsuger Starter Kit | Bil | Electrolux \/ Universal | 32 &#8211; 35 mm &#8211; VCKT100CAR!<br \/>\nNedis universal bilreng\u00f8ringss\u00e6t indeholder alle n\u00f8dvendige redskaber, der g\u00f8r det let og effektivt at reng\u00f8re selv de vanskeligste steder i din bil. S\u00e6ttet er fremstillet i let og holdbart plast, hvilket sikrer nem h\u00e5ndtering og lang levetid. Den kompakte st\u00f8rrelse g\u00f8r det nemt at opbevare og transportere, s\u00e5 du altid har v\u00e6rkt\u00f8jerne ved h\u00e5nden, n\u00e5r din bil tr\u00e6nger til en opfriskning. Giver adgang til smalle og sv\u00e6rt tilg\u00e6ngelige omr\u00e5der mellem s\u00e6der og andre trange steder. Fjerner effektivt snavs, st\u00f8v og dyreh\u00e5r fra bilens indtr\u00e6k og t\u00e6pper. Reng\u00f8r forsigtigt st\u00f8v og snavs fra instrumentbr\u00e6ttet og andre f\u00f8lsomme overflader. Velegnet til generelle reng\u00f8ringsopgaver p\u00e5 alle slags overflader. Perfekt til vedligeholdelse og reng\u00f8ring af bils\u00e6der samt andre stofoverflader.S\u00e6ttet passer til alle st\u00f8vsugere med en diameter p\u00e5 32 mm eller 35 mm og leveres med en oval Electrolux-adapter. Det sikrer, at du kan bruge reng\u00f8ringsredskaberne med de fleste st\u00f8vsugermodeller p\u00e5 markedet \u2013 uanset m\u00e6rke.Dette Nedis bilreng\u00f8ringss\u00e6t er den ideelle l\u00f8sning til at holde bilens kabine ren, frisk og pr\u00e6sentabel. G\u00f8r bilpleje nem og effektiv med et komplet s\u00e6t, der kan klare alle daglige og grundige reng\u00f8ringsopgaver. her i butikken.<\/p>\n<p>Sammenlign priser p\u00e5 Nedis &#8211; St\u00f8vsuger Starter Kit | Bil | Electrolux \/ Universal | 32 &#8211; 35 mm &#8211; VCKT100CAR og k\u00f8b online til den billigste pris, samt p\u00e5 tilbud!\u00a0\u00a0Tjek den bedste pris, produkt beskrivelse, video, test, anmeldelser osv.<\/p>\n<p><strong>Brand: <\/strong>Nedis<br \/>\n<strong>EAN: <\/strong>5412810464715<br \/>\n<strong>Producentens varenr.:<\/strong> 5412810464715<\/p>\n<p><strong>P.S.<\/strong><br \/>\nTilmeld dig til &#8220;Opret Gratis Prisfald Alarm&#8221;, og bliv underrettet med det samme om prisfald p\u00e5 Nedis &#8211; St\u00f8vsuger Starter Kit | Bil | Electrolux \/ Universal | 32 &#8211; 35 mm &#8211; VCKT100CAR, og f\u00e5 den billigste pris!<\/p>\n<p>&nbsp;<\/p>\n<p>&nbsp;<\/p>\n","protected":false},"excerpt":{"rendered":"<p>K\u00f8b billig Nedis &#8211; St\u00f8vsuger Starter Kit | Bil | Electrolux \/ Universal | 32 &#8211; 35 mm &#8211; VCKT100CAR! Nedis universal bilreng\u00f8ringss\u00e6t indeholder alle n\u00f8dvendige redskaber, der g\u00f8r det let og effektivt at reng\u00f8re selv de vanskeligste steder i din bil. S\u00e6ttet er fremstillet i let og holdbart plast, hvilket sikrer nem h\u00e5ndtering og [&hellip;]<\/p>\n","protected":false},"featured_media":999980000004480850,"template":"","meta":[],"store":[1272516],"product_brand":[1272517],"product_cat":[1272466],"product_tag":[1275178,1272776],"class_list":{"0":"post-448085","1":"product","2":"type-product","3":"status-publish","4":"has-post-thumbnail","6":"store-butik24","7":"product_brand-nedis","8":"product_cat-stoevsugning","9":"product_tag-nedis","10":"product_tag-stoevsugning","11":"pa_maerke-nedis","13":"first","14":"instock","15":"product-type-external"},"_links":{"self":[{"href":"https:\/\/www.pricetornado.com\/da\/wp-json\/wp\/v2\/product\/448085","targetHints":{"allow":["GET"]}}],"collection":[{"href":"https:\/\/www.pricetornado.com\/da\/wp-json\/wp\/v2\/product"}],"about":[{"href":"https:\/\/www.pricetornado.com\/da\/wp-json\/wp\/v2\/types\/product"}],"wp:featuredmedia":[{"embeddable":true,"href":"https:\/\/www.pricetornado.com\/da\/wp-json\/"}],"wp:attachment":[{"href":"https:\/\/www.pricetornado.com\/da\/wp-json\/wp\/v2\/media?parent=448085"}],"wp:term":[{"taxonomy":"store","embeddable":true,"href":"https:\/\/www.pricetornado.com\/da\/wp-json\/wp\/v2\/store?post=448085"},{"taxonomy":"product_brand","embeddable":true,"href":"https:\/\/www.pricetornado.com\/da\/wp-json\/wp\/v2\/product_brand?post=448085"},{"taxonomy":"product_cat","embeddable":true,"href":"https:\/\/www.pricetornado.com\/da\/wp-json\/wp\/v2\/product_cat?post=448085"},{"taxonomy":"product_tag","embeddable":true,"href":"https:\/\/www.pricetornado.com\/da\/wp-json\/wp\/v2\/product_tag?post=448085"}],"curies":[{"name":"wp","href":"https:\/\/api.w.org\/{rel}","templated":true}]}}