{"id":448080,"date":"2025-02-21T03:22:49","date_gmt":"2025-02-21T02:22:49","guid":{"rendered":"https:\/\/www.pricetornado.com\/da\/produkt\/nedis-dryp-bakke-til-koele-fryseskab-61-cm-59-cm-59-cm-5-cm-gennemsigtig-plastik-ffdt110at61\/"},"modified":"2026-04-20T02:50:14","modified_gmt":"2026-04-20T00:50:14","slug":"nedis-dryp-bakke-til-koele-fryseskab-61-cm-59-cm-59-cm-5-cm-gennemsigtig-plastik-ffdt110at61","status":"publish","type":"product","link":"https:\/\/www.pricetornado.com\/da\/produkt\/nedis-dryp-bakke-til-koele-fryseskab-61-cm-59-cm-59-cm-5-cm-gennemsigtig-plastik-ffdt110at61\/","title":{"rendered":"Nedis &#8211; Dryp bakke til k\u00f8le \/ fryseskab | 61 cm | 59 cm | 59 cm | 5 cm | Gennemsigtig | Plastik &#8211; FFDT110AT61"},"content":{"rendered":"<p>K\u00f8b billig Nedis &#8211; Dryp bakke til k\u00f8le \/ fryseskab | 61 cm | 59 cm | 59 cm | 5 cm | Gennemsigtig | Plastik &#8211; FFDT110AT61!<br \/>\nDenne drypbakke er ideel til placering under k\u00f8leskabe og frysere for at opsamle vand og forhindre skader p\u00e5 gulvet. Produktet er anbefalet af forsikringsselskaber, da det effektivt forebygger vandskader og reducerer risikoen for dyre reparationer i hjemmet.Drypbakken er fremstillet af gennemsigtigt plast, som g\u00f8r det nemt at holde \u00f8je med opsamlet vand. Plastmaterialet er b\u00e5de holdbart og let og vejer kun 513 gram, hvilket g\u00f8r den let at h\u00e5ndtere under montering og reng\u00f8ring.Denne monteringsmetode sikrer en korrekt placering og effektiv opsamling af eventuelle l\u00e6kager.Med denne drypbakke minimerer du risikoen for vandskader, da designet er optimeret til passiv vandopsamling uden brug af aktive eller smarte mekanismer. Den er udviklet til at beskytte hjemmets gulve p\u00e5 en enkel og p\u00e5lidelig m\u00e5de..<\/p>\n<p>Sammenlign priser p\u00e5 Nedis &#8211; Dryp bakke til k\u00f8le \/ fryseskab | 61 cm | 59 cm | 59 cm | 5 cm | Gennemsigtig | Plastik &#8211; FFDT110AT61 og k\u00f8b online til den billigste pris, samt p\u00e5 tilbud!\u00a0\u00a0Tjek den bedste pris, produkt beskrivelse, video, test, anmeldelser osv.<\/p>\n<p><strong>Brand: <\/strong>Nedis<br \/>\n<strong>EAN: <\/strong>5412810301737<br \/>\n<strong>Producentens varenr.:<\/strong> 5412810301737<\/p>\n<p><strong>P.S.<\/strong><br \/>\nTilmeld dig til &#8220;Opret Gratis Prisfald Alarm&#8221;, og bliv underrettet med det samme om prisfald p\u00e5 Nedis &#8211; Dryp bakke til k\u00f8le \/ fryseskab | 61 cm | 59 cm | 59 cm | 5 cm | Gennemsigtig | Plastik &#8211; FFDT110AT61, og f\u00e5 den billigste pris!<\/p>\n<p>&nbsp;<\/p>\n<p>&nbsp;<\/p>\n","protected":false},"excerpt":{"rendered":"<p>K\u00f8b billig Nedis &#8211; Dryp bakke til k\u00f8le \/ fryseskab | 61 cm | 59 cm | 59 cm | 5 cm | Gennemsigtig | Plastik &#8211; FFDT110AT61! Denne drypbakke er ideel til placering under k\u00f8leskabe og frysere for at opsamle vand og forhindre skader p\u00e5 gulvet. Produktet er anbefalet af forsikringsselskaber, da det effektivt [&hellip;]<\/p>\n","protected":false},"featured_media":999980000004480800,"template":"","meta":[],"store":[1272516],"product_brand":[1272517],"product_cat":[1272508],"product_tag":[1272837,1275178],"class_list":{"0":"post-448080","1":"product","2":"type-product","3":"status-publish","4":"has-post-thumbnail","6":"store-butik24","7":"product_brand-nedis","8":"product_cat-husholdningsapparater","9":"product_tag-husholdningsapparater","10":"product_tag-nedis","11":"pa_maerke-nedis","13":"first","14":"instock","15":"product-type-external"},"_links":{"self":[{"href":"https:\/\/www.pricetornado.com\/da\/wp-json\/wp\/v2\/product\/448080","targetHints":{"allow":["GET"]}}],"collection":[{"href":"https:\/\/www.pricetornado.com\/da\/wp-json\/wp\/v2\/product"}],"about":[{"href":"https:\/\/www.pricetornado.com\/da\/wp-json\/wp\/v2\/types\/product"}],"wp:featuredmedia":[{"embeddable":true,"href":"https:\/\/www.pricetornado.com\/da\/wp-json\/"}],"wp:attachment":[{"href":"https:\/\/www.pricetornado.com\/da\/wp-json\/wp\/v2\/media?parent=448080"}],"wp:term":[{"taxonomy":"store","embeddable":true,"href":"https:\/\/www.pricetornado.com\/da\/wp-json\/wp\/v2\/store?post=448080"},{"taxonomy":"product_brand","embeddable":true,"href":"https:\/\/www.pricetornado.com\/da\/wp-json\/wp\/v2\/product_brand?post=448080"},{"taxonomy":"product_cat","embeddable":true,"href":"https:\/\/www.pricetornado.com\/da\/wp-json\/wp\/v2\/product_cat?post=448080"},{"taxonomy":"product_tag","embeddable":true,"href":"https:\/\/www.pricetornado.com\/da\/wp-json\/wp\/v2\/product_tag?post=448080"}],"curies":[{"name":"wp","href":"https:\/\/api.w.org\/{rel}","templated":true}]}}