{"id":448072,"date":"2025-02-26T19:56:46","date_gmt":"2025-02-26T18:56:46","guid":{"rendered":"https:\/\/www.pricetornado.com\/da\/produkt\/lenco-baerbar-stereo-fm-radio-med-cd-afspiller-sort-soelv-scd-24-bl-si\/"},"modified":"2026-04-17T01:50:24","modified_gmt":"2026-04-16T23:50:24","slug":"lenco-baerbar-stereo-fm-radio-med-cd-afspiller-sort-soelv-scd-24-bl-si","status":"publish","type":"product","link":"https:\/\/www.pricetornado.com\/da\/produkt\/lenco-baerbar-stereo-fm-radio-med-cd-afspiller-sort-soelv-scd-24-bl-si\/","title":{"rendered":"Lenco &#8211; B\u00e6rbar stereo FM-radio med cd-afspiller Sort\/s\u00f8lv &#8211; SCD-24 BL\/SI"},"content":{"rendered":"<p>K\u00f8b billig Lenco &#8211; B\u00e6rbar stereo FM-radio med cd-afspiller Sort\/s\u00f8lv &#8211; SCD-24 BL\/SI!<br \/>\nLenco SCD-24 er en praktisk og brugervenlig b\u00e6rbar FM-radio og cd-afspiller, der egner sig til b\u00e5de unge og \u00e6ldre. Det enkle design g\u00f8r den let at betjene, s\u00e5 du hurtigt kan lytte til din yndlingsmusik uanset hvor du befinder dig. Alt du skal g\u00f8re er at tilslutte den til en stikkontakt eller inds\u00e6tte batterier \u2013 s\u00e5 er du klar til at nyde musik p\u00e5 ingen tid.Lenco SCD-24 kan str\u00f8mforsynes b\u00e5de via en almindelig stikkontakt eller batterier, hvilket giver dig fuld frihed til at bruge radioen b\u00e5de hjemme og ude. Med et enkelt tryk p\u00e5 en knap kan du skifte mellem FM-radio og cd-afspilning, og med den programmerbare hukommelse kan du gemme dine foretrukne tracks eller radiokanaler.Radioen er fremstillet i holdbar plastik, som g\u00f8r den b\u00e5de let og robust \u2013 perfekt til transport og brug b\u00e5de indend\u00f8rs og udend\u00f8rs. Den kompakte st\u00f8rrelse og det indbyggede b\u00e6reh\u00e5ndtag g\u00f8r det nemt at tage Lenco SCD-24 med i parken, til stranden eller p\u00e5 bes\u00f8g hos venner og familie, s\u00e5 du kan nyde musik overalt.Lenco SCD-24 er udstyret med et stereo lydsystem, der sikrer god lydoplevelse, uanset om du lytter til dine yndlings-cd&apos;er eller til radio. Du kan programmere op til 20 FM-radiostationer for hurtig adgang til dine favoritkanaler, og programm\u00e9rbar hukommelse g\u00f8r det let at spille dine egne musikvalg igen og igen.Med Lenco SCD-24 kan du altid tage din musik med dig \u2013 tilf\u00f8j farve og sjov til din hverdag, og lyt til dine yndlingssange n\u00e5r som helst og hvor som helst. Se hele udvalget af produkter hos Butik24 og find den model, der passer bedst til dine behov.<\/p>\n<p>Sammenlign priser p\u00e5 Lenco &#8211; B\u00e6rbar stereo FM-radio med cd-afspiller Sort\/s\u00f8lv &#8211; SCD-24 BL\/SI og k\u00f8b online til den billigste pris, samt p\u00e5 tilbud!\u00a0\u00a0Tjek den bedste pris, produkt beskrivelse, video, test, anmeldelser osv.<\/p>\n<p><strong>Brand: <\/strong>Lenco<br \/>\n<strong>EAN: <\/strong>8711902040255<br \/>\n<strong>Producentens varenr.:<\/strong> 8711902040255<\/p>\n<p><strong>P.S.<\/strong><br \/>\nTilmeld dig til &#8220;Opret Gratis Prisfald Alarm&#8221;, og bliv underrettet med det samme om prisfald p\u00e5 Lenco &#8211; B\u00e6rbar stereo FM-radio med cd-afspiller Sort\/s\u00f8lv &#8211; SCD-24 BL\/SI, og f\u00e5 den billigste pris!<\/p>\n<p>&nbsp;<\/p>\n<p>&nbsp;<\/p>\n","protected":false},"excerpt":{"rendered":"<p>K\u00f8b billig Lenco &#8211; B\u00e6rbar stereo FM-radio med cd-afspiller Sort\/s\u00f8lv &#8211; SCD-24 BL\/SI! Lenco SCD-24 er en praktisk og brugervenlig b\u00e6rbar FM-radio og cd-afspiller, der egner sig til b\u00e5de unge og \u00e6ldre. Det enkle design g\u00f8r den let at betjene, s\u00e5 du hurtigt kan lytte til din yndlingsmusik uanset hvor du befinder dig. Alt du [&hellip;]<\/p>\n","protected":false},"featured_media":999980000004480720,"template":"","meta":[],"store":[1272516],"product_brand":[1272526],"product_cat":[1272439],"product_tag":[1275188,1272694],"class_list":{"0":"post-448072","1":"product","2":"type-product","3":"status-publish","4":"has-post-thumbnail","6":"store-butik24","7":"product_brand-lenco","8":"product_cat-radio-2","9":"product_tag-lenco","10":"product_tag-radio","11":"pa_maerke-lenco","13":"first","14":"instock","15":"product-type-external"},"_links":{"self":[{"href":"https:\/\/www.pricetornado.com\/da\/wp-json\/wp\/v2\/product\/448072","targetHints":{"allow":["GET"]}}],"collection":[{"href":"https:\/\/www.pricetornado.com\/da\/wp-json\/wp\/v2\/product"}],"about":[{"href":"https:\/\/www.pricetornado.com\/da\/wp-json\/wp\/v2\/types\/product"}],"wp:featuredmedia":[{"embeddable":true,"href":"https:\/\/www.pricetornado.com\/da\/wp-json\/"}],"wp:attachment":[{"href":"https:\/\/www.pricetornado.com\/da\/wp-json\/wp\/v2\/media?parent=448072"}],"wp:term":[{"taxonomy":"store","embeddable":true,"href":"https:\/\/www.pricetornado.com\/da\/wp-json\/wp\/v2\/store?post=448072"},{"taxonomy":"product_brand","embeddable":true,"href":"https:\/\/www.pricetornado.com\/da\/wp-json\/wp\/v2\/product_brand?post=448072"},{"taxonomy":"product_cat","embeddable":true,"href":"https:\/\/www.pricetornado.com\/da\/wp-json\/wp\/v2\/product_cat?post=448072"},{"taxonomy":"product_tag","embeddable":true,"href":"https:\/\/www.pricetornado.com\/da\/wp-json\/wp\/v2\/product_tag?post=448072"}],"curies":[{"name":"wp","href":"https:\/\/api.w.org\/{rel}","templated":true}]}}