{"id":448064,"date":"2025-02-20T12:21:13","date_gmt":"2025-02-20T11:21:13","guid":{"rendered":"https:\/\/www.pricetornado.com\/da\/produkt\/nedis-kablede-on-ear-hovedtelefoner-3-5-mm-kabellaengde-1-20-m-sort-hpwd1100bk\/"},"modified":"2026-04-20T06:20:14","modified_gmt":"2026-04-20T04:20:14","slug":"nedis-kablede-on-ear-hovedtelefoner-3-5-mm-kabellaengde-1-20-m-sort-hpwd1100bk","status":"publish","type":"product","link":"https:\/\/www.pricetornado.com\/da\/produkt\/nedis-kablede-on-ear-hovedtelefoner-3-5-mm-kabellaengde-1-20-m-sort-hpwd1100bk\/","title":{"rendered":"Nedis &#8211; Kablede On-Ear Hovedtelefoner | 3.5 mm | Kabell\u00e6ngde: 1.20 m | Sort &#8211; HPWD1100BK"},"content":{"rendered":"<p>K\u00f8b billig Nedis &#8211; Kablede On-Ear Hovedtelefoner | 3.5 mm | Kabell\u00e6ngde: 1.20 m | Sort &#8211; HPWD1100BK!<br \/>\nLyt til dine yndlingsnumre med disse on-ear hovedtelefoner fra Nedis, der afspejler din personlige stil. Hovedtelefonerne f\u00e5s i flere flotte farver, s\u00e5 du kan v\u00e6lge netop den, der passer til din smag. Med en v\u00e6gt p\u00e5 kun 122 gram f\u00e5r du et behageligt letv\u00e6gtsdesign, der egner sig perfekt til musik b\u00e5de hjemme og p\u00e5 farten.Hovedtelefonerne er fremstillet i slagfast og prisvenlig Acrylonitrile Butadiene Styrene (ABS), som sikrer god holdbarhed og g\u00f8r dem nemme at tage med sig. Det foldbare design giver dig mulighed for at opbevare og transportere hovedtelefonerne uden besv\u00e6r. Den justerbare hovedb\u00f8jle og drejelige \u00f8repuder betyder, at hovedtelefonerne nemt kan tilpasses forskellige hovedst\u00f8rrelser for optimal komfort.Med Nedis hovedtelefoner f\u00e5r du en enest\u00e5ende og praktisk musikoplevelse, uanset hvor du befinder dig. Find flere farver og stilarter i Nedis-serien, og v\u00e6lg dine favoritter.<\/p>\n<p>Sammenlign priser p\u00e5 Nedis &#8211; Kablede On-Ear Hovedtelefoner | 3.5 mm | Kabell\u00e6ngde: 1.20 m | Sort &#8211; HPWD1100BK og k\u00f8b online til den billigste pris, samt p\u00e5 tilbud!\u00a0\u00a0Tjek den bedste pris, produkt beskrivelse, video, test, anmeldelser osv.<\/p>\n<p><strong>Brand: <\/strong>Nedis<br \/>\n<strong>EAN: <\/strong>5412810266494<br \/>\n<strong>Producentens varenr.:<\/strong> 5412810266494<\/p>\n<p><strong>P.S.<\/strong><br \/>\nTilmeld dig til &#8220;Opret Gratis Prisfald Alarm&#8221;, og bliv underrettet med det samme om prisfald p\u00e5 Nedis &#8211; Kablede On-Ear Hovedtelefoner | 3.5 mm | Kabell\u00e6ngde: 1.20 m | Sort &#8211; HPWD1100BK, og f\u00e5 den billigste pris!<\/p>\n<p>&nbsp;<\/p>\n<p>&nbsp;<\/p>\n","protected":false},"excerpt":{"rendered":"<p>K\u00f8b billig Nedis &#8211; Kablede On-Ear Hovedtelefoner | 3.5 mm | Kabell\u00e6ngde: 1.20 m | Sort &#8211; HPWD1100BK! Lyt til dine yndlingsnumre med disse on-ear hovedtelefoner fra Nedis, der afspejler din personlige stil. Hovedtelefonerne f\u00e5s i flere flotte farver, s\u00e5 du kan v\u00e6lge netop den, der passer til din smag. Med en v\u00e6gt p\u00e5 kun [&hellip;]<\/p>\n","protected":false},"featured_media":999980000004480640,"template":"","meta":[],"store":[1272516],"product_brand":[1272517],"product_cat":[1272434],"product_tag":[1272843,1275178],"class_list":{"0":"post-448064","1":"product","2":"type-product","3":"status-publish","4":"has-post-thumbnail","6":"store-butik24","7":"product_brand-nedis","8":"product_cat-hovedtelefoner","9":"product_tag-hovedtelefoner","10":"product_tag-nedis","11":"pa_maerke-nedis","13":"first","14":"instock","15":"product-type-external"},"_links":{"self":[{"href":"https:\/\/www.pricetornado.com\/da\/wp-json\/wp\/v2\/product\/448064","targetHints":{"allow":["GET"]}}],"collection":[{"href":"https:\/\/www.pricetornado.com\/da\/wp-json\/wp\/v2\/product"}],"about":[{"href":"https:\/\/www.pricetornado.com\/da\/wp-json\/wp\/v2\/types\/product"}],"wp:featuredmedia":[{"embeddable":true,"href":"https:\/\/www.pricetornado.com\/da\/wp-json\/"}],"wp:attachment":[{"href":"https:\/\/www.pricetornado.com\/da\/wp-json\/wp\/v2\/media?parent=448064"}],"wp:term":[{"taxonomy":"store","embeddable":true,"href":"https:\/\/www.pricetornado.com\/da\/wp-json\/wp\/v2\/store?post=448064"},{"taxonomy":"product_brand","embeddable":true,"href":"https:\/\/www.pricetornado.com\/da\/wp-json\/wp\/v2\/product_brand?post=448064"},{"taxonomy":"product_cat","embeddable":true,"href":"https:\/\/www.pricetornado.com\/da\/wp-json\/wp\/v2\/product_cat?post=448064"},{"taxonomy":"product_tag","embeddable":true,"href":"https:\/\/www.pricetornado.com\/da\/wp-json\/wp\/v2\/product_tag?post=448064"}],"curies":[{"name":"wp","href":"https:\/\/api.w.org\/{rel}","templated":true}]}}