{"id":448062,"date":"2025-02-23T04:40:34","date_gmt":"2025-02-23T03:40:34","guid":{"rendered":"https:\/\/www.pricetornado.com\/da\/produkt\/nedis-smartlife-roegalarm-wi-fi-batteri-sensorlevetid-10-aar-en-14604-maks-batteritid-24-maaned-85-db-hvid-1-stk-wifids21wt\/"},"modified":"2026-04-20T03:20:21","modified_gmt":"2026-04-20T01:20:21","slug":"nedis-smartlife-roegalarm-wi-fi-batteri-sensorlevetid-10-aar-en-14604-maks-batteritid-24-maaned-85-db-hvid-1-stk-wifids21wt","status":"publish","type":"product","link":"https:\/\/www.pricetornado.com\/da\/produkt\/nedis-smartlife-roegalarm-wi-fi-batteri-sensorlevetid-10-aar-en-14604-maks-batteritid-24-maaned-85-db-hvid-1-stk-wifids21wt\/","title":{"rendered":"Nedis &#8211; SmartLife R\u00f8galarm | Wi-Fi | Batteri | Sensorlevetid: 10 \u00c5r | EN 14604 | Maks. batteritid: 24 M\u00e5ned | 85 dB | Hvid | 1 stk. &#8211; WIFIDS21WT"},"content":{"rendered":"<p>K\u00f8b billig Nedis &#8211; SmartLife R\u00f8galarm | Wi-Fi | Batteri | Sensorlevetid: 10 \u00c5r | EN 14604 | Maks. batteritid: 24 M\u00e5ned | 85 dB | Hvid | 1 stk. &#8211; WIFIDS21WT!<br \/>\nF\u00f8l dig tryg med den intelligente Nedis SmartLife r\u00f8galarm \u2013 ogs\u00e5 n\u00e5r du ikke er hjemme. R\u00f8galarmen registrerer b\u00e5de r\u00f8g og hurtige temperaturstigninger og sender straks en notifikation til din smartphone via den gratis Nedis SmartLife-app. Den kraftige 85 dB alarm sikrer, at du bliver advaret tydeligt ved fare. Med Wi-Fi-forbindelse kan du f\u00f8lge alarmstatus og lokation direkte p\u00e5 din telefon og reagere hurtigt i n\u00f8dsituationer.Den kompakte r\u00f8galarm m\u00e5ler kun 76 x 76 x 28,5 mm og er fremstillet i let plastik, hvilket g\u00f8r den diskret og nem at placere overalt i hjemmet. Materialet sikrer kompatibilitet med almindelige husholdningsmilj\u00f8er og installationen klares hurtigt uden behov for ekstra udstyr.Med Nedis SmartLife-appen kan du koble r\u00f8galarmen sammen med andre smarte enheder i hjemmet for at \u00f8ge sikkerheden. Du kan for eksempel indstille, at lyset t\u00e6ndes automatisk, eller skodder \u00e5bnes ved alarm. Produktet underst\u00f8tter stemmestyring via Amazon Alexa og Google Home, hvilket g\u00f8r det nemt at kontrollere og automatisere din brandsikring.R\u00f8galarmen drives af to medf\u00f8lgende AA-alkalinebatterier med en levetid p\u00e5 op til 24 m\u00e5neder. N\u00e5r batteriet er ved at v\u00e6re fladt, f\u00e5r du en notifikation direkte p\u00e5 din smartphone, s\u00e5 du undg\u00e5r irritationsmomentet med biplyde om natten. Sensoren har desuden en levetid p\u00e5 hele 10 \u00e5r, hvilket minimerer behovet for vedligehold.Nedis SmartLife r\u00f8galarm overholder EN 14604-standarden for brandalarmer og opfylder dermed kravene til kvalitet og driftssikkerhed. Dual detektionsfunktion \u00f8ger effektiviteten i forhold til at opdage fare.Med Nedis SmartLife f\u00e5r du adgang til et bredt og voksende sortiment af smarte produkter som p\u00e6rer, kontakter, fatninger, sensorer og kameraer, der alle styres via \u00e9n intuitiv app. Uanset om du \u00f8nsker en enkelt smart enhed eller vil automatisere hele hjemmet, g\u00f8r stemmestyring og Wi-Fi-integration det let at skabe et intelligent og sikkert hjem. Se hele udvalget af -produkter og oplev, hvor tilg\u00e6ngelig smart teknologi er i dag.<\/p>\n<p>Sammenlign priser p\u00e5 Nedis &#8211; SmartLife R\u00f8galarm | Wi-Fi | Batteri | Sensorlevetid: 10 \u00c5r | EN 14604 | Maks. batteritid: 24 M\u00e5ned | 85 dB | Hvid | 1 stk. &#8211; WIFIDS21WT og k\u00f8b online til den billigste pris, samt p\u00e5 tilbud!\u00a0\u00a0Tjek den bedste pris, produkt beskrivelse, video, test, anmeldelser osv.<\/p>\n<p><strong>Brand: <\/strong>Nedis<br \/>\n<strong>EAN: <\/strong>5412810464562<br \/>\n<strong>Producentens varenr.:<\/strong> 5412810464562<\/p>\n<p><strong>P.S.<\/strong><br \/>\nTilmeld dig til &#8220;Opret Gratis Prisfald Alarm&#8221;, og bliv underrettet med det samme om prisfald p\u00e5 Nedis &#8211; SmartLife R\u00f8galarm | Wi-Fi | Batteri | Sensorlevetid: 10 \u00c5r | EN 14604 | Maks. batteritid: 24 M\u00e5ned | 85 dB | Hvid | 1 stk. &#8211; WIFIDS21WT, og f\u00e5 den billigste pris!<\/p>\n<p>&nbsp;<\/p>\n<p>&nbsp;<\/p>\n","protected":false},"excerpt":{"rendered":"<p>K\u00f8b billig Nedis &#8211; SmartLife R\u00f8galarm | Wi-Fi | Batteri | Sensorlevetid: 10 \u00c5r | EN 14604 | Maks. batteritid: 24 M\u00e5ned | 85 dB | Hvid | 1 stk. &#8211; WIFIDS21WT! F\u00f8l dig tryg med den intelligente Nedis SmartLife r\u00f8galarm \u2013 ogs\u00e5 n\u00e5r du ikke er hjemme. R\u00f8galarmen registrerer b\u00e5de r\u00f8g og hurtige temperaturstigninger [&hellip;]<\/p>\n","protected":false},"featured_media":999980000004480620,"template":"","meta":[],"store":[1272516],"product_brand":[1272517],"product_cat":[1272469],"product_tag":[1273060,1275178],"class_list":{"0":"post-448062","1":"product","2":"type-product","3":"status-publish","4":"has-post-thumbnail","6":"store-butik24","7":"product_brand-nedis","8":"product_cat-detektorer","9":"product_tag-detektorer","10":"product_tag-nedis","11":"pa_maerke-nedis","13":"first","14":"instock","15":"product-type-external"},"_links":{"self":[{"href":"https:\/\/www.pricetornado.com\/da\/wp-json\/wp\/v2\/product\/448062","targetHints":{"allow":["GET"]}}],"collection":[{"href":"https:\/\/www.pricetornado.com\/da\/wp-json\/wp\/v2\/product"}],"about":[{"href":"https:\/\/www.pricetornado.com\/da\/wp-json\/wp\/v2\/types\/product"}],"wp:featuredmedia":[{"embeddable":true,"href":"https:\/\/www.pricetornado.com\/da\/wp-json\/"}],"wp:attachment":[{"href":"https:\/\/www.pricetornado.com\/da\/wp-json\/wp\/v2\/media?parent=448062"}],"wp:term":[{"taxonomy":"store","embeddable":true,"href":"https:\/\/www.pricetornado.com\/da\/wp-json\/wp\/v2\/store?post=448062"},{"taxonomy":"product_brand","embeddable":true,"href":"https:\/\/www.pricetornado.com\/da\/wp-json\/wp\/v2\/product_brand?post=448062"},{"taxonomy":"product_cat","embeddable":true,"href":"https:\/\/www.pricetornado.com\/da\/wp-json\/wp\/v2\/product_cat?post=448062"},{"taxonomy":"product_tag","embeddable":true,"href":"https:\/\/www.pricetornado.com\/da\/wp-json\/wp\/v2\/product_tag?post=448062"}],"curies":[{"name":"wp","href":"https:\/\/api.w.org\/{rel}","templated":true}]}}