{"id":448061,"date":"2025-02-26T16:40:30","date_gmt":"2025-02-26T15:40:30","guid":{"rendered":"https:\/\/www.pricetornado.com\/da\/produkt\/alecto-smart-plug20-smart-wi-fi-stik-med-energimonitor-16a-3680w-smart-plug20\/"},"modified":"2026-04-16T10:00:09","modified_gmt":"2026-04-16T08:00:09","slug":"alecto-smart-plug20-smart-wi-fi-stik-med-energimonitor-16a-3680w-smart-plug20","status":"publish","type":"product","link":"https:\/\/www.pricetornado.com\/da\/produkt\/alecto-smart-plug20-smart-wi-fi-stik-med-energimonitor-16a-3680w-smart-plug20\/","title":{"rendered":"Alecto &#8211; SMART-PLUG20 Smart Wi-Fi-stik med energimonitor 16A 3680W &#8211; SMART-PLUG20"},"content":{"rendered":"<p>K\u00f8b billig Alecto &#8211; SMART-PLUG20 Smart Wi-Fi-stik med energimonitor 16A 3680W &#8211; SMART-PLUG20!<br \/>\nG\u00f8r dit hjem smartere og mere bekvemt med Alecto smart Wi-Fi-stik. Med dette stik f\u00e5r du fuld kontrol over dine elektriske apparater direkte fra din telefon, tablet eller pc \u2013 uanset hvor du befinder dig. Du kan betjene stikket via popul\u00e6re apps som SmartLife og Tuya samt med stemmekommandoer p\u00e5 Alexa og Google Home. Det smarte stik er ideelt til at opgradere dit boligareal og give dig en nem, intelligent l\u00f8sning til dagligdags komfort.Med den indbyggede energimonitor kan du nemt f\u00f8lge og analysere str\u00f8mforbruget p\u00e5 tilsluttede enheder som lys, k\u00f8leskab, aircondition, kedel, fryser og tv. Identificer hurtigt de store str\u00f8mslugere i hjemmet og tr\u00e6f beslutninger, der kan f\u00f8re til lavere elregning og reduceret energiforbrug. Funktionerne g\u00f8r stikket b\u00e5de \u00f8konomisk og milj\u00f8venligt.Den indbyggede timer g\u00f8r det enkelt at oprette tidsplaner for automatisk t\u00e6nding og slukning af apparater. Planl\u00e6g fx at vandvarmeren slukker om natten, eller at havelysene t\u00e6nder automatisk, n\u00e5r det bliver m\u00f8rkt. S\u00e5dan f\u00e5r du optimal komfort og undg\u00e5r un\u00f8dvendigt energiforbrug \u2013 helt uden manuelt besv\u00e6r.Alecto smart Wi-Fi-stik er lavet i let og holdbart plastik, hvilket g\u00f8r det ideelt til indend\u00f8rs brug. Det ergonomiske design (84x50x50 mm) sikrer, at stikket nemt passer ind i de fleste stikkontakter uden at blokere for andre udtag. Sikkerheden er i top med b\u00f8rnesikring og 230V kortslutningsbeskyttelse, som beskytter dine apparater mod elektriske fejl og forebygger uheld i hjemmet.Installationen af det smarte stik tager kun f\u00e5 minutter og kr\u00e6ver hverken gateway eller bro, da forbindelsen sker direkte til dit Wi-Fi-netv\u00e6rk. Brugervenligheden er i fokus, s\u00e5 b\u00e5de ops\u00e6tning og daglig betjening er intuitiv og enkel for alle i husstanden. og oplev, hvordan intelligent teknologi kan forvandle din hverdag til det bedre og mere energivenlige.<\/p>\n<p>Sammenlign priser p\u00e5 Alecto &#8211; SMART-PLUG20 Smart Wi-Fi-stik med energimonitor 16A 3680W &#8211; SMART-PLUG20 og k\u00f8b online til den billigste pris, samt p\u00e5 tilbud!\u00a0\u00a0Tjek den bedste pris, produkt beskrivelse, video, test, anmeldelser osv.<\/p>\n<p><strong>Brand: <\/strong>Alecto<br \/>\n<strong>EAN: <\/strong>8712412583560<br \/>\n<strong>Producentens varenr.:<\/strong> 8712412583560<\/p>\n<p><strong>P.S.<\/strong><br \/>\nTilmeld dig til &#8220;Opret Gratis Prisfald Alarm&#8221;, og bliv underrettet med det samme om prisfald p\u00e5 Alecto &#8211; SMART-PLUG20 Smart Wi-Fi-stik med energimonitor 16A 3680W &#8211; SMART-PLUG20, og f\u00e5 den billigste pris!<\/p>\n<p>&nbsp;<\/p>\n<p>&nbsp;<\/p>\n","protected":false},"excerpt":{"rendered":"<p>K\u00f8b billig Alecto &#8211; SMART-PLUG20 Smart Wi-Fi-stik med energimonitor 16A 3680W &#8211; SMART-PLUG20! G\u00f8r dit hjem smartere og mere bekvemt med Alecto smart Wi-Fi-stik. Med dette stik f\u00e5r du fuld kontrol over dine elektriske apparater direkte fra din telefon, tablet eller pc \u2013 uanset hvor du befinder dig. Du kan betjene stikket via popul\u00e6re apps [&hellip;]<\/p>\n","protected":false},"featured_media":999980000004480610,"template":"","meta":[],"store":[1272516],"product_brand":[1272518],"product_cat":[1272467],"product_tag":[1275186,1273383],"class_list":{"0":"post-448061","1":"product","2":"type-product","3":"status-publish","4":"has-post-thumbnail","6":"store-butik24","7":"product_brand-alecto","8":"product_cat-power-og-energi","9":"product_tag-alecto","10":"product_tag-power-og-energi","11":"pa_maerke-alecto","13":"first","14":"instock","15":"product-type-external"},"_links":{"self":[{"href":"https:\/\/www.pricetornado.com\/da\/wp-json\/wp\/v2\/product\/448061","targetHints":{"allow":["GET"]}}],"collection":[{"href":"https:\/\/www.pricetornado.com\/da\/wp-json\/wp\/v2\/product"}],"about":[{"href":"https:\/\/www.pricetornado.com\/da\/wp-json\/wp\/v2\/types\/product"}],"wp:featuredmedia":[{"embeddable":true,"href":"https:\/\/www.pricetornado.com\/da\/wp-json\/"}],"wp:attachment":[{"href":"https:\/\/www.pricetornado.com\/da\/wp-json\/wp\/v2\/media?parent=448061"}],"wp:term":[{"taxonomy":"store","embeddable":true,"href":"https:\/\/www.pricetornado.com\/da\/wp-json\/wp\/v2\/store?post=448061"},{"taxonomy":"product_brand","embeddable":true,"href":"https:\/\/www.pricetornado.com\/da\/wp-json\/wp\/v2\/product_brand?post=448061"},{"taxonomy":"product_cat","embeddable":true,"href":"https:\/\/www.pricetornado.com\/da\/wp-json\/wp\/v2\/product_cat?post=448061"},{"taxonomy":"product_tag","embeddable":true,"href":"https:\/\/www.pricetornado.com\/da\/wp-json\/wp\/v2\/product_tag?post=448061"}],"curies":[{"name":"wp","href":"https:\/\/api.w.org\/{rel}","templated":true}]}}