{"id":448058,"date":"2025-02-23T05:10:57","date_gmt":"2025-02-23T04:10:57","guid":{"rendered":"https:\/\/www.pricetornado.com\/da\/produkt\/nedis-smartlife-afbryder-zigbee-3-0-2-5-w-terminalforbindelse-app-tilgaengelig-til-android-ios-zbgdn10rd\/"},"modified":"2026-04-01T01:26:56","modified_gmt":"2026-03-31T23:26:56","slug":"nedis-smartlife-afbryder-zigbee-3-0-2-5-w-terminalforbindelse-app-tilgaengelig-til-android-ios-zbgdn10rd","status":"publish","type":"product","link":"https:\/\/www.pricetornado.com\/da\/produkt\/nedis-smartlife-afbryder-zigbee-3-0-2-5-w-terminalforbindelse-app-tilgaengelig-til-android-ios-zbgdn10rd\/","title":{"rendered":"Nedis &#8211; SmartLife Afbryder | Zigbee 3.0 | 2.5 W | Terminalforbindelse | App tilg\u00e6ngelig til: Android\u2122 \/ IOS &#8211; ZBGDN10RD"},"content":{"rendered":"<p>K\u00f8b billig Nedis &#8211; SmartLife Afbryder | Zigbee 3.0 | 2.5 W | Terminalforbindelse | App tilg\u00e6ngelig til: Android\u2122 \/ IOS &#8211; ZBGDN10RD!<br \/>\nOmdan nemt din traditionelle garageport til en smart og forbundet l\u00f8sning med Nedis Zigbee Smart Garage Door Switch. Denne kompakte og lette afbryder er fremstillet i holdbart plast og er designet til diskret montering bag din eksisterende kontakt, hvilket giver en nem installationsproces uden at \u00e6ndre det nuv\u00e6rende ledningsdesign. Du bevarer den manuelle funktionalitet, samtidig med at du f\u00e5r adgang til smarte funktioner.Nem integration i dit smart home med Zigbee 3.0Afbryderen er fuldt kompatibel med Zigbee 3.0 og muligg\u00f8r integration i alle st\u00f8rre garageportoperativsystemer. Du kan styre og planl\u00e6gge garageportens funktion fra hvor som helst via Nedis SmartLife-appen til b\u00e5de Android og iOS. F\u00e5 notifikationer i realtid, hvis din garageport st\u00e5r \u00e5ben eller lukket for l\u00e6nge, hvilket \u00f8ger sikkerheden for hus og ejendele.Du modtager statusopdateringer i realtid, s\u00e5 du altid ved, om din garageport er \u00e5ben eller lukket, hvilket giver ekstra tryghed. Familiedelingsfunktionen i SmartLife-appen g\u00f8r det nemt for hele familien at f\u00e5 adgang, og integration med Amazon Alexa eller Google Home giver dig mulighed for nem stemmestyring.Kombiner Nedis Zigbee-afbryderen med andre Nedis SmartLife-produkter for at skabe personlige scener og automatiseringer. Dette kr\u00e6ver en Nedis Zigbee-gateway og sikrer optimal kontrol og effektivitet i dit smarte hjem. Oplev en fleksibel l\u00f8sning, der g\u00f8r hverdagen mere komfortabel og sikker.<\/p>\n<p>Sammenlign priser p\u00e5 Nedis &#8211; SmartLife Afbryder | Zigbee 3.0 | 2.5 W | Terminalforbindelse | App tilg\u00e6ngelig til: Android\u2122 \/ IOS &#8211; ZBGDN10RD og k\u00f8b online til den billigste pris, samt p\u00e5 tilbud!\u00a0\u00a0Tjek den bedste pris, produkt beskrivelse, video, test, anmeldelser osv.<\/p>\n<p><strong>Brand: <\/strong>Nedis<br \/>\n<strong>EAN: <\/strong>5412810452194<br \/>\n<strong>Producentens varenr.:<\/strong> 5412810452194<\/p>\n<p><strong>P.S.<\/strong><br \/>\nTilmeld dig til &#8220;Opret Gratis Prisfald Alarm&#8221;, og bliv underrettet med det samme om prisfald p\u00e5 Nedis &#8211; SmartLife Afbryder | Zigbee 3.0 | 2.5 W | Terminalforbindelse | App tilg\u00e6ngelig til: Android\u2122 \/ IOS &#8211; ZBGDN10RD, og f\u00e5 den billigste pris!<\/p>\n<p>&nbsp;<\/p>\n<p>&nbsp;<\/p>\n","protected":false},"excerpt":{"rendered":"<p>K\u00f8b billig Nedis &#8211; SmartLife Afbryder | Zigbee 3.0 | 2.5 W | Terminalforbindelse | App tilg\u00e6ngelig til: Android\u2122 \/ IOS &#8211; ZBGDN10RD! Omdan nemt din traditionelle garageport til en smart og forbundet l\u00f8sning med Nedis Zigbee Smart Garage Door Switch. Denne kompakte og lette afbryder er fremstillet i holdbart plast og er designet til [&hellip;]<\/p>\n","protected":false},"featured_media":0,"template":"","meta":[],"store":[1272516],"product_brand":[1272517],"product_cat":[1272467],"product_tag":[1275178,1273383],"class_list":{"0":"post-448058","1":"product","2":"type-product","3":"status-publish","5":"store-butik24","6":"product_brand-nedis","7":"product_cat-power-og-energi","8":"product_tag-nedis","9":"product_tag-power-og-energi","10":"pa_maerke-nedis","12":"first","13":"instock","14":"product-type-external"},"_links":{"self":[{"href":"https:\/\/www.pricetornado.com\/da\/wp-json\/wp\/v2\/product\/448058","targetHints":{"allow":["GET"]}}],"collection":[{"href":"https:\/\/www.pricetornado.com\/da\/wp-json\/wp\/v2\/product"}],"about":[{"href":"https:\/\/www.pricetornado.com\/da\/wp-json\/wp\/v2\/types\/product"}],"wp:attachment":[{"href":"https:\/\/www.pricetornado.com\/da\/wp-json\/wp\/v2\/media?parent=448058"}],"wp:term":[{"taxonomy":"store","embeddable":true,"href":"https:\/\/www.pricetornado.com\/da\/wp-json\/wp\/v2\/store?post=448058"},{"taxonomy":"product_brand","embeddable":true,"href":"https:\/\/www.pricetornado.com\/da\/wp-json\/wp\/v2\/product_brand?post=448058"},{"taxonomy":"product_cat","embeddable":true,"href":"https:\/\/www.pricetornado.com\/da\/wp-json\/wp\/v2\/product_cat?post=448058"},{"taxonomy":"product_tag","embeddable":true,"href":"https:\/\/www.pricetornado.com\/da\/wp-json\/wp\/v2\/product_tag?post=448058"}],"curies":[{"name":"wp","href":"https:\/\/api.w.org\/{rel}","templated":true}]}}