{"id":448056,"date":"2025-02-23T05:22:29","date_gmt":"2025-02-23T04:22:29","guid":{"rendered":"https:\/\/www.pricetornado.com\/da\/produkt\/nedis-kawk510eor-elkedel\/"},"modified":"2026-04-17T03:59:52","modified_gmt":"2026-04-17T01:59:52","slug":"nedis-kawk510eor-elkedel","status":"publish","type":"product","link":"https:\/\/www.pricetornado.com\/da\/produkt\/nedis-kawk510eor-elkedel\/","title":{"rendered":"Nedis KAWK510EOR Elkedel"},"content":{"rendered":"<p>K\u00f8b billig Nedis KAWK510EOR Elkedel!<br \/>\nDenne elegante og kraftfulde elkedel fra Nedis kombinerer moderne design med h\u00f8j funktionalitet og holdbarhed. Elkedlen har en rummelig kapacitet p\u00e5 1,7 liter, hvilket g\u00f8r det nemt at lave 6-8 kopper te eller kaffe ad gangen \u2013 perfekt, n\u00e5r du har g\u00e6ster eller brug for flere kopper hurtigt. Kroppen er udf\u00f8rt i rustfrit st\u00e5l, der b\u00e5de sikrer styrke, modstandsdygtighed mod korrosion og nem reng\u00f8ring. Den bl\u00f8de soft-touch-overflade giver et behageligt greb og et stilfuldt udtryk til k\u00f8kkenet.Elkedlen er udstyret med et skjult 2200 W varmelegeme, som garanterer hurtig opkogning og reducerer kalkaflejringer. Det aftagelige kalkfilter sikrer rent vand og minimerer ophobning af kalk, hvilket forl\u00e6nger kedlens levetid. Med den ledningsfri 360\u00b0 pirouette-bund kan elkedlen nemt l\u00f8ftes og placeres fra alle vinkler, og ledningsoprul g\u00f8r det let at holde k\u00f8kkenbordet ryddeligt.For ekstra sikkerhed har elkedlen b\u00e5de t\u00f8rkogssikring og overhedningsbeskyttelse, som automatisk slukker elkedlen, hvis der ikke er nok vand, eller hvis den bliver for varm. En indikatorlampe giver hurtigt overblik over elkedlens status, og Strix-kontrollen garanterer drift i overensstemmelse med internationale sikkerhedsstandarder.Det ergonomiske greb g\u00f8r det nemt og komfortabelt at h\u00e6lde fra elkedlen, ogs\u00e5 n\u00e5r den er fyldt helt op. Det slidst\u00e6rke materiale og den reng\u00f8ringsvenlige konstruktion g\u00f8r elkedlen til en praktisk og dekorativ tilf\u00f8jelse til ethvert k\u00f8kken. \u2013 g\u00f8r hverdagen b\u00e5de nemmere og mere stilfuld.<\/p>\n<p>Sammenlign priser p\u00e5 Nedis KAWK510EOR Elkedel og k\u00f8b online til den billigste pris, samt p\u00e5 tilbud!\u00a0\u00a0Tjek den bedste pris, produkt beskrivelse, video, test, anmeldelser osv.<\/p>\n<p><strong>Brand: <\/strong>Nedis<br \/>\n<strong>EAN: <\/strong>5412810451159<br \/>\n<strong>Producentens varenr.:<\/strong> 5412810451159<\/p>\n<p><strong>P.S.<\/strong><br \/>\nTilmeld dig til &#8220;Opret Gratis Prisfald Alarm&#8221;, og bliv underrettet med det samme om prisfald p\u00e5 Nedis KAWK510EOR Elkedel, og f\u00e5 den billigste pris!<\/p>\n<p>&nbsp;<\/p>\n<p>&nbsp;<\/p>\n","protected":false},"excerpt":{"rendered":"<p>K\u00f8b billig Nedis KAWK510EOR Elkedel! Denne elegante og kraftfulde elkedel fra Nedis kombinerer moderne design med h\u00f8j funktionalitet og holdbarhed. Elkedlen har en rummelig kapacitet p\u00e5 1,7 liter, hvilket g\u00f8r det nemt at lave 6-8 kopper te eller kaffe ad gangen \u2013 perfekt, n\u00e5r du har g\u00e6ster eller brug for flere kopper hurtigt. Kroppen er [&hellip;]<\/p>\n","protected":false},"featured_media":999980000004480560,"template":"","meta":[],"store":[1272516],"product_brand":[1272517],"product_cat":[831418],"product_tag":[1272683,1275178],"class_list":{"0":"post-448056","1":"product","2":"type-product","3":"status-publish","4":"has-post-thumbnail","6":"store-butik24","7":"product_brand-nedis","8":"product_cat-koekkenudstyr","9":"product_tag-koekkenudstyr","10":"product_tag-nedis","11":"pa_maerke-nedis","13":"first","14":"instock","15":"product-type-external"},"_links":{"self":[{"href":"https:\/\/www.pricetornado.com\/da\/wp-json\/wp\/v2\/product\/448056","targetHints":{"allow":["GET"]}}],"collection":[{"href":"https:\/\/www.pricetornado.com\/da\/wp-json\/wp\/v2\/product"}],"about":[{"href":"https:\/\/www.pricetornado.com\/da\/wp-json\/wp\/v2\/types\/product"}],"wp:featuredmedia":[{"embeddable":true,"href":"https:\/\/www.pricetornado.com\/da\/wp-json\/"}],"wp:attachment":[{"href":"https:\/\/www.pricetornado.com\/da\/wp-json\/wp\/v2\/media?parent=448056"}],"wp:term":[{"taxonomy":"store","embeddable":true,"href":"https:\/\/www.pricetornado.com\/da\/wp-json\/wp\/v2\/store?post=448056"},{"taxonomy":"product_brand","embeddable":true,"href":"https:\/\/www.pricetornado.com\/da\/wp-json\/wp\/v2\/product_brand?post=448056"},{"taxonomy":"product_cat","embeddable":true,"href":"https:\/\/www.pricetornado.com\/da\/wp-json\/wp\/v2\/product_cat?post=448056"},{"taxonomy":"product_tag","embeddable":true,"href":"https:\/\/www.pricetornado.com\/da\/wp-json\/wp\/v2\/product_tag?post=448056"}],"curies":[{"name":"wp","href":"https:\/\/api.w.org\/{rel}","templated":true}]}}