{"id":448052,"date":"2025-02-25T05:09:53","date_gmt":"2025-02-25T04:09:53","guid":{"rendered":"https:\/\/www.pricetornado.com\/da\/produkt\/alecto-ekstra-kamera-til-dvm-140-hvid-dvm-140c\/"},"modified":"2026-04-18T09:00:14","modified_gmt":"2026-04-18T07:00:14","slug":"alecto-ekstra-kamera-til-dvm-140-hvid-dvm-140c","status":"publish","type":"product","link":"https:\/\/www.pricetornado.com\/da\/produkt\/alecto-ekstra-kamera-til-dvm-140-hvid-dvm-140c\/","title":{"rendered":"Alecto &#8211; Ekstra kamera til DVM-140 Hvid &#8211; DVM-140C"},"content":{"rendered":"<p>K\u00f8b billig Alecto &#8211; Ekstra kamera til DVM-140 Hvid &#8211; DVM-140C!<br \/>\nUdvid din overv\u00e5gningsl\u00f8sning med dette ekstra kamera til Alecto DVM-140 babyalarmen. Kameraet g\u00f8r det muligt at tilslutte op til fire kameraer til samme for\u00e6ldre-enhed, s\u00e5 du kan holde \u00f8je med flere rum og skabe st\u00f8rre tryghed omkring dit barn.Kameraet er fremstillet i sort og hvidt plast, som giver en let og holdbar konstruktion, ideel til hjemmemilj\u00f8et. Der er ikke anvendt specielle sikkerheds- eller vandt\u00e6tte materialer.B\u00e5de kameraet og for\u00e6ldre-enheden underst\u00f8tter genopladelige Li-ion batterier og energieffektiv eco-tilstand, hvilket giver op til 11 timers brugstid samt fleksibel og praktisk monitorering.Med dette ekstra kamera f\u00e5r du en driftssikker udvidelse til din Alecto DVM-140 babyalarm, s\u00e5 du kan overv\u00e5ge dit barn trygt og effektivt i hjemmet.<\/p>\n<p>Sammenlign priser p\u00e5 Alecto &#8211; Ekstra kamera til DVM-140 Hvid &#8211; DVM-140C og k\u00f8b online til den billigste pris, samt p\u00e5 tilbud!\u00a0\u00a0Tjek den bedste pris, produkt beskrivelse, video, test, anmeldelser osv.<\/p>\n<p><strong>Brand: <\/strong>Alecto<br \/>\n<strong>EAN: <\/strong>8712412585045<br \/>\n<strong>Producentens varenr.:<\/strong> 8712412585045<\/p>\n<p><strong>P.S.<\/strong><br \/>\nTilmeld dig til &#8220;Opret Gratis Prisfald Alarm&#8221;, og bliv underrettet med det samme om prisfald p\u00e5 Alecto &#8211; Ekstra kamera til DVM-140 Hvid &#8211; DVM-140C, og f\u00e5 den billigste pris!<\/p>\n<p>&nbsp;<\/p>\n<p>&nbsp;<\/p>\n","protected":false},"excerpt":{"rendered":"<p>K\u00f8b billig Alecto &#8211; Ekstra kamera til DVM-140 Hvid &#8211; DVM-140C! Udvid din overv\u00e5gningsl\u00f8sning med dette ekstra kamera til Alecto DVM-140 babyalarmen. Kameraet g\u00f8r det muligt at tilslutte op til fire kameraer til samme for\u00e6ldre-enhed, s\u00e5 du kan holde \u00f8je med flere rum og skabe st\u00f8rre tryghed omkring dit barn.Kameraet er fremstillet i sort og [&hellip;]<\/p>\n","protected":false},"featured_media":999980000004480520,"template":"","meta":[],"store":[1272516],"product_brand":[1272518],"product_cat":[1272510],"product_tag":[1275186,1272728],"class_list":{"0":"post-448052","1":"product","2":"type-product","3":"status-publish","4":"has-post-thumbnail","6":"store-butik24","7":"product_brand-alecto","8":"product_cat-babypleje","9":"product_tag-alecto","10":"product_tag-babypleje","11":"pa_maerke-alecto","13":"first","14":"instock","15":"product-type-external"},"_links":{"self":[{"href":"https:\/\/www.pricetornado.com\/da\/wp-json\/wp\/v2\/product\/448052","targetHints":{"allow":["GET"]}}],"collection":[{"href":"https:\/\/www.pricetornado.com\/da\/wp-json\/wp\/v2\/product"}],"about":[{"href":"https:\/\/www.pricetornado.com\/da\/wp-json\/wp\/v2\/types\/product"}],"wp:featuredmedia":[{"embeddable":true,"href":"https:\/\/www.pricetornado.com\/da\/wp-json\/"}],"wp:attachment":[{"href":"https:\/\/www.pricetornado.com\/da\/wp-json\/wp\/v2\/media?parent=448052"}],"wp:term":[{"taxonomy":"store","embeddable":true,"href":"https:\/\/www.pricetornado.com\/da\/wp-json\/wp\/v2\/store?post=448052"},{"taxonomy":"product_brand","embeddable":true,"href":"https:\/\/www.pricetornado.com\/da\/wp-json\/wp\/v2\/product_brand?post=448052"},{"taxonomy":"product_cat","embeddable":true,"href":"https:\/\/www.pricetornado.com\/da\/wp-json\/wp\/v2\/product_cat?post=448052"},{"taxonomy":"product_tag","embeddable":true,"href":"https:\/\/www.pricetornado.com\/da\/wp-json\/wp\/v2\/product_tag?post=448052"}],"curies":[{"name":"wp","href":"https:\/\/api.w.org\/{rel}","templated":true}]}}