{"id":448045,"date":"2025-02-27T10:07:10","date_gmt":"2025-02-27T09:07:10","guid":{"rendered":"https:\/\/www.pricetornado.com\/da\/produkt\/scanpan-to-go-termoflaske-750ml-aluminium-natural-grey\/"},"modified":"2026-04-18T09:10:09","modified_gmt":"2026-04-18T07:10:09","slug":"scanpan-to-go-termoflaske-750ml-aluminium-natural-grey","status":"publish","type":"product","link":"https:\/\/www.pricetornado.com\/da\/produkt\/scanpan-to-go-termoflaske-750ml-aluminium-natural-grey\/","title":{"rendered":"Scanpan To Go Termoflaske -750ml &#8211; Aluminium &#8211; Natural Grey"},"content":{"rendered":"<p>K\u00f8b billig Scanpan To Go Termoflaske -750ml &#8211; Aluminium &#8211; Natural Grey!<br \/>\ntermoflasker er designet med fokus p\u00e5 mode, funktionalitet og b\u00e6redygtighed. Denne termoflaske er det ideelle valg til en aktiv livsstil, uanset om du skal til fitness, p\u00e5 arbejde eller bare er p\u00e5 farten. Flasken kombinerer et elegant look med praktiske egenskaber, s\u00e5 du nemt kan tage dine drikkevarer med dig \u2013 og holde dem p\u00e5 den rette temperatur hele dagen.Scanpan To Go termoflasken er fremstillet af rustfrit st\u00e5l, som er korrosionsbestandigt, nemt at reng\u00f8re og langtidsholdbart. Pulverlakeringen er ekstra ridsefast, hvilket giver flasken et stilrent udtryk og forl\u00e6nger dens livscyklus. Den kondensfri overflade og det ergonomiske design g\u00f8r flasken behagelig at bruge samt nem at tage med \u2013 uanset hvor din dag bringer dig hen.V\u00e6lg den farve, der passer til din personlige stil, og g\u00f8r Scanpan To Go termoflasken til et fast accessorize i din hverdag. Den stilfulde og praktiske flaske kan hurtigt blive en trofast f\u00f8lgesvend..<\/p>\n<p>Sammenlign priser p\u00e5 Scanpan To Go Termoflaske -750ml &#8211; Aluminium &#8211; Natural Grey og k\u00f8b online til den billigste pris, samt p\u00e5 tilbud!\u00a0\u00a0Tjek den bedste pris, produkt beskrivelse, video, test, anmeldelser osv.<\/p>\n<p><strong>Brand: <\/strong>Scanpan<br \/>\n<strong>EAN: <\/strong>083421199171<br \/>\n<strong>Producentens varenr.:<\/strong> 083421199171<\/p>\n<p><strong>P.S.<\/strong><br \/>\nTilmeld dig til &#8220;Opret Gratis Prisfald Alarm&#8221;, og bliv underrettet med det samme om prisfald p\u00e5 Scanpan To Go Termoflaske -750ml &#8211; Aluminium &#8211; Natural Grey, og f\u00e5 den billigste pris!<\/p>\n<p>&nbsp;<\/p>\n<p>&nbsp;<\/p>\n","protected":false},"excerpt":{"rendered":"<p>K\u00f8b billig Scanpan To Go Termoflaske -750ml &#8211; Aluminium &#8211; Natural Grey! termoflasker er designet med fokus p\u00e5 mode, funktionalitet og b\u00e6redygtighed. Denne termoflaske er det ideelle valg til en aktiv livsstil, uanset om du skal til fitness, p\u00e5 arbejde eller bare er p\u00e5 farten. Flasken kombinerer et elegant look med praktiske egenskaber, s\u00e5 du [&hellip;]<\/p>\n","protected":false},"featured_media":999980000004480450,"template":"","meta":[],"store":[1272516],"product_brand":[1272521],"product_cat":[831418],"product_tag":[1272683,1275184],"class_list":{"0":"post-448045","1":"product","2":"type-product","3":"status-publish","4":"has-post-thumbnail","6":"store-butik24","7":"product_brand-scanpan","8":"product_cat-koekkenudstyr","9":"product_tag-koekkenudstyr","10":"product_tag-scanpan","11":"pa_maerke-scanpan","13":"first","14":"instock","15":"product-type-external"},"_links":{"self":[{"href":"https:\/\/www.pricetornado.com\/da\/wp-json\/wp\/v2\/product\/448045","targetHints":{"allow":["GET"]}}],"collection":[{"href":"https:\/\/www.pricetornado.com\/da\/wp-json\/wp\/v2\/product"}],"about":[{"href":"https:\/\/www.pricetornado.com\/da\/wp-json\/wp\/v2\/types\/product"}],"wp:featuredmedia":[{"embeddable":true,"href":"https:\/\/www.pricetornado.com\/da\/wp-json\/"}],"wp:attachment":[{"href":"https:\/\/www.pricetornado.com\/da\/wp-json\/wp\/v2\/media?parent=448045"}],"wp:term":[{"taxonomy":"store","embeddable":true,"href":"https:\/\/www.pricetornado.com\/da\/wp-json\/wp\/v2\/store?post=448045"},{"taxonomy":"product_brand","embeddable":true,"href":"https:\/\/www.pricetornado.com\/da\/wp-json\/wp\/v2\/product_brand?post=448045"},{"taxonomy":"product_cat","embeddable":true,"href":"https:\/\/www.pricetornado.com\/da\/wp-json\/wp\/v2\/product_cat?post=448045"},{"taxonomy":"product_tag","embeddable":true,"href":"https:\/\/www.pricetornado.com\/da\/wp-json\/wp\/v2\/product_tag?post=448045"}],"curies":[{"name":"wp","href":"https:\/\/api.w.org\/{rel}","templated":true}]}}