{"id":448044,"date":"2025-02-21T15:13:10","date_gmt":"2025-02-21T14:13:10","guid":{"rendered":"https:\/\/www.pricetornado.com\/da\/produkt\/philips-hd2581-00-broedrister-hvid\/"},"modified":"2026-04-29T08:50:01","modified_gmt":"2026-04-29T06:50:01","slug":"philips-hd2581-00-broedrister-hvid","status":"publish","type":"product","link":"https:\/\/www.pricetornado.com\/da\/produkt\/philips-hd2581-00-broedrister-hvid\/","title":{"rendered":"Philips HD2581\/00 Br\u00f8drister &#8211; Hvid"},"content":{"rendered":"<p>K\u00f8b billig Philips HD2581\/00 Br\u00f8drister &#8211; Hvid!<br \/>\nG\u00f8r morgenmaden lettere med Philips br\u00f8dristeren, der hver dag leverer spr\u00f8dt og gyldent ristet br\u00f8d. Br\u00f8dristeren er fremstillet i let og holdbart plastmateriale, hvilket g\u00f8r den enkel at flytte og nem at reng\u00f8re. Med 8 forskellige risteindstillinger kan du nemt tilpasse br\u00f8dets farve og spr\u00f8dhed efter din egen smag.Uanset om du foretr\u00e6kker tykke eller tynde skiver, passer de 2 store, variable br\u00f8dholdere til alle st\u00f8rrelser og typer af br\u00f8d. Den integrerede bollevarmer g\u00f8r det nemt at opvarme rundstykker, wienerbr\u00f8d eller boller \u2013 perfekt til weekendens morgenbord. Med opt\u00f8nings- og genopvarmningsfunktioner h\u00e5ndterer du b\u00e5de frostbr\u00f8d og tidligere ristet br\u00f8d hurtigt og nemt.Philips br\u00f8dristeren forener kompakt design med en r\u00e6kke smarte funktioner, der sikrer ensartet ristning hver gang. Oplev st\u00f8rre fleksibilitet, let anvendelighed og sikkerhed i hverdagen med denne brugervenlige br\u00f8drister fra Philips.<\/p>\n<p>Sammenlign priser p\u00e5 Philips HD2581\/00 Br\u00f8drister &#8211; Hvid og k\u00f8b online til den billigste pris, samt p\u00e5 tilbud!\u00a0\u00a0Tjek den bedste pris, produkt beskrivelse, video, test, anmeldelser osv.<\/p>\n<p><strong>Brand: <\/strong>Philips<br \/>\n<strong>EAN: <\/strong>8710103800347<br \/>\n<strong>Producentens varenr.:<\/strong> 8710103800347<\/p>\n<p><strong>P.S.<\/strong><br \/>\nTilmeld dig til &#8220;Opret Gratis Prisfald Alarm&#8221;, og bliv underrettet med det samme om prisfald p\u00e5 Philips HD2581\/00 Br\u00f8drister &#8211; Hvid, og f\u00e5 den billigste pris!<\/p>\n<p>&nbsp;<\/p>\n<p>&nbsp;<\/p>\n","protected":false},"excerpt":{"rendered":"<p>K\u00f8b billig Philips HD2581\/00 Br\u00f8drister &#8211; Hvid! G\u00f8r morgenmaden lettere med Philips br\u00f8dristeren, der hver dag leverer spr\u00f8dt og gyldent ristet br\u00f8d. Br\u00f8dristeren er fremstillet i let og holdbart plastmateriale, hvilket g\u00f8r den enkel at flytte og nem at reng\u00f8re. Med 8 forskellige risteindstillinger kan du nemt tilpasse br\u00f8dets farve og spr\u00f8dhed efter din egen [&hellip;]<\/p>\n","protected":false},"featured_media":999980000004480440,"template":"","meta":[],"store":[1272516],"product_brand":[1272519],"product_cat":[831418],"product_tag":[1272683,1275180],"class_list":{"0":"post-448044","1":"product","2":"type-product","3":"status-publish","4":"has-post-thumbnail","6":"store-butik24","7":"product_brand-philips","8":"product_cat-koekkenudstyr","9":"product_tag-koekkenudstyr","10":"product_tag-philips","11":"pa_maerke-philips","13":"first","14":"instock","15":"product-type-external"},"_links":{"self":[{"href":"https:\/\/www.pricetornado.com\/da\/wp-json\/wp\/v2\/product\/448044","targetHints":{"allow":["GET"]}}],"collection":[{"href":"https:\/\/www.pricetornado.com\/da\/wp-json\/wp\/v2\/product"}],"about":[{"href":"https:\/\/www.pricetornado.com\/da\/wp-json\/wp\/v2\/types\/product"}],"wp:featuredmedia":[{"embeddable":true,"href":"https:\/\/www.pricetornado.com\/da\/wp-json\/"}],"wp:attachment":[{"href":"https:\/\/www.pricetornado.com\/da\/wp-json\/wp\/v2\/media?parent=448044"}],"wp:term":[{"taxonomy":"store","embeddable":true,"href":"https:\/\/www.pricetornado.com\/da\/wp-json\/wp\/v2\/store?post=448044"},{"taxonomy":"product_brand","embeddable":true,"href":"https:\/\/www.pricetornado.com\/da\/wp-json\/wp\/v2\/product_brand?post=448044"},{"taxonomy":"product_cat","embeddable":true,"href":"https:\/\/www.pricetornado.com\/da\/wp-json\/wp\/v2\/product_cat?post=448044"},{"taxonomy":"product_tag","embeddable":true,"href":"https:\/\/www.pricetornado.com\/da\/wp-json\/wp\/v2\/product_tag?post=448044"}],"curies":[{"name":"wp","href":"https:\/\/api.w.org\/{rel}","templated":true}]}}