{"id":448039,"date":"2025-02-26T02:21:27","date_gmt":"2025-02-26T01:21:27","guid":{"rendered":"https:\/\/www.pricetornado.com\/da\/produkt\/philips-shk2000pk-00-boernehovedtelefoner-on-ear-lyseroede-og-lilla\/"},"modified":"2026-04-17T04:10:19","modified_gmt":"2026-04-17T02:10:19","slug":"philips-shk2000pk-00-boernehovedtelefoner-on-ear-lyseroede-og-lilla","status":"publish","type":"product","link":"https:\/\/www.pricetornado.com\/da\/produkt\/philips-shk2000pk-00-boernehovedtelefoner-on-ear-lyseroede-og-lilla\/","title":{"rendered":"Philips SHK2000PK\/00 B\u00f8rnehovedtelefoner On-ear &#8211; Lyser\u00f8de og lilla"},"content":{"rendered":"<p>K\u00f8b billig Philips SHK2000PK\/00 B\u00f8rnehovedtelefoner On-ear &#8211; Lyser\u00f8de og lilla!<br \/>\nPhilips b\u00f8rnehovedtelefoner er designet specielt til b\u00f8rn og g\u00f8r musiklytning sjovt, sikkert og komfortabelt. Den maksimale lydstyrke er begr\u00e6nset til 85 dB, s\u00e5 du kan trygt lade b\u00f8rnene udforske musikkens verden uden risiko for h\u00f8reskader. Det legesyge og robuste design er ideelt til b\u00f8rn i voksealderen og udviklet til at modst\u00e5 daglig brug.En ultralet, ergonomisk og justerbar hovedb\u00f8jle sikrer, at hovedtelefonerne vokser med barnet og giver langvarig komfort. De bl\u00f8de \u00f8repuder omslutter \u00f8rerne, hvilket b\u00e5de \u00f8ger komforten og giver en sikker pasform, selv ved l\u00e6ngere tids brug.Hovedtelefonerne er fremstillet med et skruefrit og holdbart design, s\u00e5 delene kan poppe af og p\u00e5, hvilket g\u00f8r dem perfekte til b\u00f8rns aktive hverdag. \u00d8rekopperne er polstret med bl\u00f8dt skum, der \u00f8ger b\u00e5de komforten og holdbarheden.De indbyggede 32 mm neodym-h\u00f8jttalerenheder s\u00f8rger for en ren og harmonisk lydoplevelse. Sammen med lydisolerende \u00f8repuder sikrer de, at b\u00f8rn kan fordybe sig i musikken uden at skulle skrue op for volumen \u2013 med sikkerheden bevaret gennem den faste lydbegr\u00e6nser p\u00e5 85 dB.<\/p>\n<p>Sammenlign priser p\u00e5 Philips SHK2000PK\/00 B\u00f8rnehovedtelefoner On-ear &#8211; Lyser\u00f8de og lilla og k\u00f8b online til den billigste pris, samt p\u00e5 tilbud!\u00a0\u00a0Tjek den bedste pris, produkt beskrivelse, video, test, anmeldelser osv.<\/p>\n<p><strong>Brand: <\/strong>Philips<br \/>\n<strong>EAN: <\/strong>6923410730630<br \/>\n<strong>Producentens varenr.:<\/strong> 6923410730630<\/p>\n<p><strong>P.S.<\/strong><br \/>\nTilmeld dig til &#8220;Opret Gratis Prisfald Alarm&#8221;, og bliv underrettet med det samme om prisfald p\u00e5 Philips SHK2000PK\/00 B\u00f8rnehovedtelefoner On-ear &#8211; Lyser\u00f8de og lilla, og f\u00e5 den billigste pris!<\/p>\n<p>&nbsp;<\/p>\n<p>&nbsp;<\/p>\n","protected":false},"excerpt":{"rendered":"<p>K\u00f8b billig Philips SHK2000PK\/00 B\u00f8rnehovedtelefoner On-ear &#8211; Lyser\u00f8de og lilla! Philips b\u00f8rnehovedtelefoner er designet specielt til b\u00f8rn og g\u00f8r musiklytning sjovt, sikkert og komfortabelt. Den maksimale lydstyrke er begr\u00e6nset til 85 dB, s\u00e5 du kan trygt lade b\u00f8rnene udforske musikkens verden uden risiko for h\u00f8reskader. Det legesyge og robuste design er ideelt til b\u00f8rn i [&hellip;]<\/p>\n","protected":false},"featured_media":999980000004480390,"template":"","meta":[],"store":[1272516],"product_brand":[1272519],"product_cat":[1272434],"product_tag":[1272843,1275180],"class_list":{"0":"post-448039","1":"product","2":"type-product","3":"status-publish","4":"has-post-thumbnail","6":"store-butik24","7":"product_brand-philips","8":"product_cat-hovedtelefoner","9":"product_tag-hovedtelefoner","10":"product_tag-philips","11":"pa_maerke-philips","13":"first","14":"instock","15":"product-type-external"},"_links":{"self":[{"href":"https:\/\/www.pricetornado.com\/da\/wp-json\/wp\/v2\/product\/448039","targetHints":{"allow":["GET"]}}],"collection":[{"href":"https:\/\/www.pricetornado.com\/da\/wp-json\/wp\/v2\/product"}],"about":[{"href":"https:\/\/www.pricetornado.com\/da\/wp-json\/wp\/v2\/types\/product"}],"wp:featuredmedia":[{"embeddable":true,"href":"https:\/\/www.pricetornado.com\/da\/wp-json\/"}],"wp:attachment":[{"href":"https:\/\/www.pricetornado.com\/da\/wp-json\/wp\/v2\/media?parent=448039"}],"wp:term":[{"taxonomy":"store","embeddable":true,"href":"https:\/\/www.pricetornado.com\/da\/wp-json\/wp\/v2\/store?post=448039"},{"taxonomy":"product_brand","embeddable":true,"href":"https:\/\/www.pricetornado.com\/da\/wp-json\/wp\/v2\/product_brand?post=448039"},{"taxonomy":"product_cat","embeddable":true,"href":"https:\/\/www.pricetornado.com\/da\/wp-json\/wp\/v2\/product_cat?post=448039"},{"taxonomy":"product_tag","embeddable":true,"href":"https:\/\/www.pricetornado.com\/da\/wp-json\/wp\/v2\/product_tag?post=448039"}],"curies":[{"name":"wp","href":"https:\/\/api.w.org\/{rel}","templated":true}]}}