{"id":448038,"date":"2025-02-25T10:34:17","date_gmt":"2025-02-25T09:34:17","guid":{"rendered":"https:\/\/www.pricetornado.com\/da\/produkt\/philips-dst5030-20-5000-series-dampstrygejern\/"},"modified":"2026-04-21T10:10:30","modified_gmt":"2026-04-21T08:10:30","slug":"philips-dst5030-20-5000-series-dampstrygejern","status":"publish","type":"product","link":"https:\/\/www.pricetornado.com\/da\/produkt\/philips-dst5030-20-5000-series-dampstrygejern\/","title":{"rendered":"Philips DST5030\/20 5000 Series Dampstrygejern"},"content":{"rendered":"<p>K\u00f8b billig Philips DST5030\/20 5000 Series Dampstrygejern!<br \/>\nPhilips DST5030\/20 5000 Series dampstrygejern er udviklet til effektiv og p\u00e5lidelig strygning, dag efter dag. Med en kraftfuld effekt p\u00e5 2400 W opn\u00e5r du hurtig opvarmning og et konstant dampniveau p\u00e5 op til 45 g\/min, hvilket sikrer st\u00e6rk og robust ydeevne. Den ridsefaste og slip-let SteamGlide Plus-stryges\u00e5l glider nemt over alle tekstiler, modst\u00e5r slid og er let at reng\u00f8re, hvilket giver komfort og flot resultat hver gang.Drypstop-systemet forhindrer, at vand drypper ned p\u00e5 t\u00f8jet \u2013 selv ved lave temperaturer \u2013 og hj\u00e6lper dermed med at holde dit t\u00f8j pletfrit. H\u00e5ndtaget har en ergonomisk, tekstureret overflade, som sikrer et skridsikkert og behageligt greb under brug. Den indbyggede Calc-Clean skyder g\u00f8r det nemt at forebygge kalkaflejringer og sikrer langvarig dampydelse, ogs\u00e5 ved brug af almindeligt postevand.Med en kraftig dampboost p\u00e5 180 g kan du nemt rette selv st\u00e6dige folder ud. Den vertikale dampfunktion giver mulighed for hurtigt at friske h\u00e6ngende t\u00f8j og gardiner op direkte uden strygebr\u00e6t. Vandt\u00e5gefunktionen hj\u00e6lper med at bl\u00f8dg\u00f8re genstridige folder p\u00e5 t\u00f8rre tekstiler, s\u00e5 du altid opn\u00e5r et professionelt og glat resultat.Philips DST5030\/20 5000 Series dampstrygejern kombinerer effektivitet, brugervenlighed og lang holdbarhed \u2013 ideelt til daglig strygning. Se ogs\u00e5 vores \u00f8vrige udvalg af -produkter.<\/p>\n<p>Sammenlign priser p\u00e5 Philips DST5030\/20 5000 Series Dampstrygejern og k\u00f8b online til den billigste pris, samt p\u00e5 tilbud!\u00a0\u00a0Tjek den bedste pris, produkt beskrivelse, video, test, anmeldelser osv.<\/p>\n<p><strong>Brand: <\/strong>Philips<br \/>\n<strong>EAN: <\/strong>8710103968160<br \/>\n<strong>Producentens varenr.:<\/strong> 8710103968160<\/p>\n<p><strong>P.S.<\/strong><br \/>\nTilmeld dig til &#8220;Opret Gratis Prisfald Alarm&#8221;, og bliv underrettet med det samme om prisfald p\u00e5 Philips DST5030\/20 5000 Series Dampstrygejern, og f\u00e5 den billigste pris!<\/p>\n<p>&nbsp;<\/p>\n<p>&nbsp;<\/p>\n","protected":false},"excerpt":{"rendered":"<p>K\u00f8b billig Philips DST5030\/20 5000 Series Dampstrygejern! Philips DST5030\/20 5000 Series dampstrygejern er udviklet til effektiv og p\u00e5lidelig strygning, dag efter dag. Med en kraftfuld effekt p\u00e5 2400 W opn\u00e5r du hurtig opvarmning og et konstant dampniveau p\u00e5 op til 45 g\/min, hvilket sikrer st\u00e6rk og robust ydeevne. Den ridsefaste og slip-let SteamGlide Plus-stryges\u00e5l glider [&hellip;]<\/p>\n","protected":false},"featured_media":999980000004480380,"template":"","meta":[],"store":[1272516],"product_brand":[1272519],"product_cat":[1272415],"product_tag":[1272724,1275180],"class_list":{"0":"post-448038","1":"product","2":"type-product","3":"status-publish","4":"has-post-thumbnail","6":"store-butik24","7":"product_brand-philips","8":"product_cat-husholdning","9":"product_tag-husholdning","10":"product_tag-philips","11":"pa_maerke-philips","13":"first","14":"instock","15":"product-type-external"},"_links":{"self":[{"href":"https:\/\/www.pricetornado.com\/da\/wp-json\/wp\/v2\/product\/448038","targetHints":{"allow":["GET"]}}],"collection":[{"href":"https:\/\/www.pricetornado.com\/da\/wp-json\/wp\/v2\/product"}],"about":[{"href":"https:\/\/www.pricetornado.com\/da\/wp-json\/wp\/v2\/types\/product"}],"wp:featuredmedia":[{"embeddable":true,"href":"https:\/\/www.pricetornado.com\/da\/wp-json\/"}],"wp:attachment":[{"href":"https:\/\/www.pricetornado.com\/da\/wp-json\/wp\/v2\/media?parent=448038"}],"wp:term":[{"taxonomy":"store","embeddable":true,"href":"https:\/\/www.pricetornado.com\/da\/wp-json\/wp\/v2\/store?post=448038"},{"taxonomy":"product_brand","embeddable":true,"href":"https:\/\/www.pricetornado.com\/da\/wp-json\/wp\/v2\/product_brand?post=448038"},{"taxonomy":"product_cat","embeddable":true,"href":"https:\/\/www.pricetornado.com\/da\/wp-json\/wp\/v2\/product_cat?post=448038"},{"taxonomy":"product_tag","embeddable":true,"href":"https:\/\/www.pricetornado.com\/da\/wp-json\/wp\/v2\/product_tag?post=448038"}],"curies":[{"name":"wp","href":"https:\/\/api.w.org\/{rel}","templated":true}]}}