{"id":448035,"date":"2025-02-21T16:13:17","date_gmt":"2025-02-21T15:13:17","guid":{"rendered":"https:\/\/www.pricetornado.com\/da\/produkt\/jvc-ha-s36w-wu-on-ear-bluetooth-hovedtelefoner-hvid\/"},"modified":"2026-04-19T19:21:52","modified_gmt":"2026-04-19T17:21:52","slug":"jvc-ha-s36w-wu-on-ear-bluetooth-hovedtelefoner-hvid","status":"publish","type":"product","link":"https:\/\/www.pricetornado.com\/da\/produkt\/jvc-ha-s36w-wu-on-ear-bluetooth-hovedtelefoner-hvid\/","title":{"rendered":"JVC HA-S36W-WU On-Ear Bluetooth hovedtelefoner &#8211; Hvid"},"content":{"rendered":"<p>K\u00f8b billig JVC HA-S36W-WU On-Ear Bluetooth hovedtelefoner &#8211; Hvid!<br \/>\nJVC HA-S36W er stilfulde og lette on-ear Bluetooth hovedtelefoner, der kombinerer et slankt, moderne design med praktiske funktioner \u2013 ideelle til dig, der er ofte p\u00e5 farten. Med en v\u00e6gt p\u00e5 kun 157 gram og et foldbart design kan hovedtelefonerne nemt tages med i tasken eller b\u00e6res om halsen, n\u00e5r de ikke er i brug. De vinklede, justerbare \u00f8repuder sikrer ergonomisk komfort for langvarig lytning.HA-S36W giver dig nem og praktisk kontrol takket v\u00e6re on-ear knapper, der lader dig styre lydstyrken, skifte sange, besvare eller afvise opkald samt mute mikrofonen for \u00f8get privatliv under samtaler. Hovedtelefonerne underst\u00f8tter ogs\u00e5 stemmeassistent, s\u00e5 du kan styre din smartphone h\u00e5ndfrit via den indbyggede mikrofon og fjernbetjening.Nyd en personlig lydoplevelse med tre EQ-lydtilstande: bass, clear og normal. Basforst\u00e6rkning leverer dyb og kraftig baslyd med h\u00f8j klarhed, s\u00e5 du altid kan tilpasse lyden til din egen stil.Stabil Bluetooth 5.2 og praktisk multi-point forbindelseBluetooth version 5.2 sikrer en stabil tr\u00e5dl\u00f8s forbindelse med r\u00e6kkevidde op til 10 meter og Power Class 1-teknologi for optimal stabilitet. Multi-point pairing g\u00f8r det muligt at tilslutte to enheder ad gangen, s\u00e5 du let kan skifte mellem fx telefon og tablet.Med op til 35 timers tr\u00e5dl\u00f8s afspilning og hurtig opladning via USB (fuldt opladet p\u00e5 ca. 3 timer) undg\u00e5r du at l\u00f8be t\u00f8r for musik, selv n\u00e5r du er meget p\u00e5 farten. Den indbyggede lithium-ion batteri sikrer p\u00e5lidelig og langvarig lytning.Bluetooth 5.2 med multi-point tilslutningOplev imponerende og fleksibel lydkvalitet med JVC HA-S36W \u2013 hovedtelefoner designet til din stil og hverdag.<\/p>\n<p>Sammenlign priser p\u00e5 JVC HA-S36W-WU On-Ear Bluetooth hovedtelefoner &#8211; Hvid og k\u00f8b online til den billigste pris, samt p\u00e5 tilbud!\u00a0\u00a0Tjek den bedste pris, produkt beskrivelse, video, test, anmeldelser osv.<\/p>\n<p><strong>Brand: <\/strong>JVC<br \/>\n<strong>EAN: <\/strong>4975769472824<br \/>\n<strong>Producentens varenr.:<\/strong> 4975769472824<\/p>\n<p><strong>P.S.<\/strong><br \/>\nTilmeld dig til &#8220;Opret Gratis Prisfald Alarm&#8221;, og bliv underrettet med det samme om prisfald p\u00e5 JVC HA-S36W-WU On-Ear Bluetooth hovedtelefoner &#8211; Hvid, og f\u00e5 den billigste pris!<\/p>\n<p>&nbsp;<\/p>\n<p>&nbsp;<\/p>\n","protected":false},"excerpt":{"rendered":"<p>K\u00f8b billig JVC HA-S36W-WU On-Ear Bluetooth hovedtelefoner &#8211; Hvid! JVC HA-S36W er stilfulde og lette on-ear Bluetooth hovedtelefoner, der kombinerer et slankt, moderne design med praktiske funktioner \u2013 ideelle til dig, der er ofte p\u00e5 farten. Med en v\u00e6gt p\u00e5 kun 157 gram og et foldbart design kan hovedtelefonerne nemt tages med i tasken eller [&hellip;]<\/p>\n","protected":false},"featured_media":999980000004480350,"template":"","meta":[],"store":[1272516],"product_brand":[1272530],"product_cat":[1272434],"product_tag":[1272843,1275190],"class_list":{"0":"post-448035","1":"product","2":"type-product","3":"status-publish","4":"has-post-thumbnail","6":"store-butik24","7":"product_brand-jvc","8":"product_cat-hovedtelefoner","9":"product_tag-hovedtelefoner","10":"product_tag-jvc","11":"pa_maerke-jvc","13":"first","14":"instock","15":"product-type-external"},"_links":{"self":[{"href":"https:\/\/www.pricetornado.com\/da\/wp-json\/wp\/v2\/product\/448035","targetHints":{"allow":["GET"]}}],"collection":[{"href":"https:\/\/www.pricetornado.com\/da\/wp-json\/wp\/v2\/product"}],"about":[{"href":"https:\/\/www.pricetornado.com\/da\/wp-json\/wp\/v2\/types\/product"}],"wp:featuredmedia":[{"embeddable":true,"href":"https:\/\/www.pricetornado.com\/da\/wp-json\/"}],"wp:attachment":[{"href":"https:\/\/www.pricetornado.com\/da\/wp-json\/wp\/v2\/media?parent=448035"}],"wp:term":[{"taxonomy":"store","embeddable":true,"href":"https:\/\/www.pricetornado.com\/da\/wp-json\/wp\/v2\/store?post=448035"},{"taxonomy":"product_brand","embeddable":true,"href":"https:\/\/www.pricetornado.com\/da\/wp-json\/wp\/v2\/product_brand?post=448035"},{"taxonomy":"product_cat","embeddable":true,"href":"https:\/\/www.pricetornado.com\/da\/wp-json\/wp\/v2\/product_cat?post=448035"},{"taxonomy":"product_tag","embeddable":true,"href":"https:\/\/www.pricetornado.com\/da\/wp-json\/wp\/v2\/product_tag?post=448035"}],"curies":[{"name":"wp","href":"https:\/\/api.w.org\/{rel}","templated":true}]}}