{"id":448032,"date":"2025-02-23T16:08:52","date_gmt":"2025-02-23T15:08:52","guid":{"rendered":"https:\/\/www.pricetornado.com\/da\/produkt\/nedis-vcbg100rd-stoevsuger-med-pose-700-w-15-l-kapacitet-roed\/"},"modified":"2026-04-17T03:20:27","modified_gmt":"2026-04-17T01:20:27","slug":"nedis-vcbg100rd-stoevsuger-med-pose-700-w-15-l-kapacitet-roed","status":"publish","type":"product","link":"https:\/\/www.pricetornado.com\/da\/produkt\/nedis-vcbg100rd-stoevsuger-med-pose-700-w-15-l-kapacitet-roed\/","title":{"rendered":"Nedis VCBG100RD St\u00f8vsuger med Pose 700 W 1,5 L Kapacitet &#8211; R\u00f8d"},"content":{"rendered":"<p>K\u00f8b billig Nedis VCBG100RD St\u00f8vsuger med Pose 700 W 1,5 L Kapacitet &#8211; R\u00f8d!<br \/>\nDen lette og praktiske Nedis st\u00f8vsuger er den perfekte l\u00f8sning til dig, der har begr\u00e6nset plads, men ikke vil g\u00e5 p\u00e5 kompromis med reng\u00f8ringen. Med et kompakt design og en v\u00e6gt p\u00e5 kun 3,8 kg er denne st\u00f8vsuger nem at h\u00e5ndtere og b\u00e6re rundt i hjemmet, op ad trapper eller ud til bilen. Det integrerede b\u00e6reh\u00e5ndtag g\u00f8r transporten ekstra enkel, og konstruktionen i holdbart ABS-materiale sikrer lang levetid og modstandsdygtighed over for st\u00f8d.St\u00f8vsugeren passer ind n\u00e6sten alle steder, hvilket g\u00f8r den ideel til hjem med begr\u00e6nset plads. St\u00f8vsugerposen er let at skifte og bortskaffe, og den automatiske kabeloprulning sikrer, at kablet altid er p\u00e6nt og sikkert opbevaret efter brug.Med denne Nedis st\u00f8vsuger f\u00e5r du effektiv og bekvem reng\u00f8ring, forbedret luftkvalitet og optimal brugeroplevelse \u2013 alt samlet i et kompakt og let h\u00e5ndterbart design.<\/p>\n<p>Sammenlign priser p\u00e5 Nedis VCBG100RD St\u00f8vsuger med Pose 700 W 1,5 L Kapacitet &#8211; R\u00f8d og k\u00f8b online til den billigste pris, samt p\u00e5 tilbud!\u00a0\u00a0Tjek den bedste pris, produkt beskrivelse, video, test, anmeldelser osv.<\/p>\n<p><strong>Brand: <\/strong>Nedis<br \/>\n<strong>EAN: <\/strong>5412810309733<br \/>\n<strong>Producentens varenr.:<\/strong> 5412810309733<\/p>\n<p><strong>P.S.<\/strong><br \/>\nTilmeld dig til &#8220;Opret Gratis Prisfald Alarm&#8221;, og bliv underrettet med det samme om prisfald p\u00e5 Nedis VCBG100RD St\u00f8vsuger med Pose 700 W 1,5 L Kapacitet &#8211; R\u00f8d, og f\u00e5 den billigste pris!<\/p>\n<p>&nbsp;<\/p>\n<p>&nbsp;<\/p>\n","protected":false},"excerpt":{"rendered":"<p>K\u00f8b billig Nedis VCBG100RD St\u00f8vsuger med Pose 700 W 1,5 L Kapacitet &#8211; R\u00f8d! Den lette og praktiske Nedis st\u00f8vsuger er den perfekte l\u00f8sning til dig, der har begr\u00e6nset plads, men ikke vil g\u00e5 p\u00e5 kompromis med reng\u00f8ringen. Med et kompakt design og en v\u00e6gt p\u00e5 kun 3,8 kg er denne st\u00f8vsuger nem at h\u00e5ndtere [&hellip;]<\/p>\n","protected":false},"featured_media":999980000004480320,"template":"","meta":[],"store":[1272516],"product_brand":[1272517],"product_cat":[1272411],"product_tag":[1275178,1272720],"class_list":{"0":"post-448032","1":"product","2":"type-product","3":"status-publish","4":"has-post-thumbnail","6":"store-butik24","7":"product_brand-nedis","8":"product_cat-stoevsugere","9":"product_tag-nedis","10":"product_tag-stoevsugere","11":"pa_maerke-nedis","13":"first","14":"instock","15":"product-type-external"},"_links":{"self":[{"href":"https:\/\/www.pricetornado.com\/da\/wp-json\/wp\/v2\/product\/448032","targetHints":{"allow":["GET"]}}],"collection":[{"href":"https:\/\/www.pricetornado.com\/da\/wp-json\/wp\/v2\/product"}],"about":[{"href":"https:\/\/www.pricetornado.com\/da\/wp-json\/wp\/v2\/types\/product"}],"wp:featuredmedia":[{"embeddable":true,"href":"https:\/\/www.pricetornado.com\/da\/wp-json\/"}],"wp:attachment":[{"href":"https:\/\/www.pricetornado.com\/da\/wp-json\/wp\/v2\/media?parent=448032"}],"wp:term":[{"taxonomy":"store","embeddable":true,"href":"https:\/\/www.pricetornado.com\/da\/wp-json\/wp\/v2\/store?post=448032"},{"taxonomy":"product_brand","embeddable":true,"href":"https:\/\/www.pricetornado.com\/da\/wp-json\/wp\/v2\/product_brand?post=448032"},{"taxonomy":"product_cat","embeddable":true,"href":"https:\/\/www.pricetornado.com\/da\/wp-json\/wp\/v2\/product_cat?post=448032"},{"taxonomy":"product_tag","embeddable":true,"href":"https:\/\/www.pricetornado.com\/da\/wp-json\/wp\/v2\/product_tag?post=448032"}],"curies":[{"name":"wp","href":"https:\/\/api.w.org\/{rel}","templated":true}]}}