{"id":448030,"date":"2025-02-25T04:51:10","date_gmt":"2025-02-25T03:51:10","guid":{"rendered":"https:\/\/www.pricetornado.com\/da\/produkt\/projectline-batten-w12l57-2200lm-2700k\/"},"modified":"2026-04-18T10:10:04","modified_gmt":"2026-04-18T08:10:04","slug":"projectline-batten-w12l57-2200lm-2700k","status":"publish","type":"product","link":"https:\/\/www.pricetornado.com\/da\/produkt\/projectline-batten-w12l57-2200lm-2700k\/","title":{"rendered":"Projectline Batten W12L57 2200lm 2700K"},"content":{"rendered":"<p>K\u00f8b billig Projectline Batten W12L57 2200lm 2700K!<br \/>\nPhilips Projectline Batten W12L57 2200lm 2700K er et vandt\u00e6t, robust LED-armatur, der er id\u00e9elt til b\u00e5de udend\u00f8rs brug under beskyttede forhold og til v\u00e5drumsmilj\u00f8er. Den korrosionsbestandige og fugtresistente konstruktion sikrer langvarig p\u00e5lidelighed, mens den integrerede LED-driver og lyskilde g\u00f8r armaturet ikke-servicerbart, hvilket betyder, at hele enheden skal udskiftes ved endt levetid.Armaturet leverer et kraftigt lysudbytte p\u00e5 2200 lumen fra en 24W LED med en varm hvid farvetemperatur p\u00e5 2700K, hvilket skaber en indbydende atmosf\u00e6re. Den kompakte st\u00f8rrelse p\u00e5 570 mm i l\u00e6ngden, 115 mm i bredden og 65 mm i h\u00f8jden muligg\u00f8r nem installation selv i trange omr\u00e5der.Projectline Batten er designet med energieffektiv LED-teknologi, som mindsker str\u00f8mforbruget uden at g\u00e5 p\u00e5 kompromis med belysningskvaliteten. Med en forventet levetid p\u00e5 op til 15.000 timer reduceres vedligeholdelse og udskiftning markant. Armaturet opfylder b\u00e5de nationale sikkerhedsstandarder og IEE elektriske regler, hvilket giver dig en sikker og professionel l\u00f8sning til dine belysningsbehov.Takket v\u00e6re sin modstandsdygtighed over for fugt og robusthed egner armaturet sig optimalt til at oplyse omr\u00e5der foran eller bagved bygninger s\u00e5som parkeringspladser, indk\u00f8rsler, haver eller arbejdssteder, pr\u00e6cis n\u00e5r belysning er n\u00f8dvendig. Det er den ideelle l\u00f8sning, hvor du har brug for driftsikker og holdbar belysning.Op til 15.000 timers forventet levetid produkter.<\/p>\n<p>Sammenlign priser p\u00e5 Projectline Batten W12L57 2200lm 2700K og k\u00f8b online til den billigste pris, samt p\u00e5 tilbud!\u00a0\u00a0Tjek den bedste pris, produkt beskrivelse, video, test, anmeldelser osv.<\/p>\n<p><strong>Brand: <\/strong>Philips<br \/>\n<strong>EAN: <\/strong>8718696169414<br \/>\n<strong>Producentens varenr.:<\/strong> 8718696169414<\/p>\n<p><strong>P.S.<\/strong><br \/>\nTilmeld dig til &#8220;Opret Gratis Prisfald Alarm&#8221;, og bliv underrettet med det samme om prisfald p\u00e5 Projectline Batten W12L57 2200lm 2700K, og f\u00e5 den billigste pris!<\/p>\n<p>&nbsp;<\/p>\n<p>&nbsp;<\/p>\n","protected":false},"excerpt":{"rendered":"<p>K\u00f8b billig Projectline Batten W12L57 2200lm 2700K! Philips Projectline Batten W12L57 2200lm 2700K er et vandt\u00e6t, robust LED-armatur, der er id\u00e9elt til b\u00e5de udend\u00f8rs brug under beskyttede forhold og til v\u00e5drumsmilj\u00f8er. Den korrosionsbestandige og fugtresistente konstruktion sikrer langvarig p\u00e5lidelighed, mens den integrerede LED-driver og lyskilde g\u00f8r armaturet ikke-servicerbart, hvilket betyder, at hele enheden skal udskiftes [&hellip;]<\/p>\n","protected":false},"featured_media":999980000004480300,"template":"","meta":[],"store":[1272516],"product_brand":[1272519],"product_cat":[1272407],"product_tag":[1272697,1275180],"class_list":{"0":"post-448030","1":"product","2":"type-product","3":"status-publish","4":"has-post-thumbnail","6":"store-butik24","7":"product_brand-philips","8":"product_cat-belysning-2","9":"product_tag-belysning","10":"product_tag-philips","11":"pa_maerke-philips","13":"first","14":"instock","15":"product-type-external"},"_links":{"self":[{"href":"https:\/\/www.pricetornado.com\/da\/wp-json\/wp\/v2\/product\/448030","targetHints":{"allow":["GET"]}}],"collection":[{"href":"https:\/\/www.pricetornado.com\/da\/wp-json\/wp\/v2\/product"}],"about":[{"href":"https:\/\/www.pricetornado.com\/da\/wp-json\/wp\/v2\/types\/product"}],"wp:featuredmedia":[{"embeddable":true,"href":"https:\/\/www.pricetornado.com\/da\/wp-json\/"}],"wp:attachment":[{"href":"https:\/\/www.pricetornado.com\/da\/wp-json\/wp\/v2\/media?parent=448030"}],"wp:term":[{"taxonomy":"store","embeddable":true,"href":"https:\/\/www.pricetornado.com\/da\/wp-json\/wp\/v2\/store?post=448030"},{"taxonomy":"product_brand","embeddable":true,"href":"https:\/\/www.pricetornado.com\/da\/wp-json\/wp\/v2\/product_brand?post=448030"},{"taxonomy":"product_cat","embeddable":true,"href":"https:\/\/www.pricetornado.com\/da\/wp-json\/wp\/v2\/product_cat?post=448030"},{"taxonomy":"product_tag","embeddable":true,"href":"https:\/\/www.pricetornado.com\/da\/wp-json\/wp\/v2\/product_tag?post=448030"}],"curies":[{"name":"wp","href":"https:\/\/api.w.org\/{rel}","templated":true}]}}