{"id":448029,"date":"2025-02-22T17:32:57","date_gmt":"2025-02-22T16:32:57","guid":{"rendered":"https:\/\/www.pricetornado.com\/da\/produkt\/philips-hue-smart-plug-2\/"},"modified":"2026-04-20T03:59:49","modified_gmt":"2026-04-20T01:59:49","slug":"philips-hue-smart-plug-3-pak","status":"publish","type":"product","link":"https:\/\/www.pricetornado.com\/da\/produkt\/philips-hue-smart-plug-3-pak\/","title":{"rendered":"Philips Hue Smart plug 3-pak"},"content":{"rendered":"<p>K\u00f8b billig Philips Hue Smart plug 3-pak!<br \/>\nPhilips Hue Smart plug giver dig mulighed for at forvandle enhver lampe til en del af dit intelligente belysningssystem \u2013 selv dem, der ikke underst\u00f8tter Hue-p\u00e6rer. S\u00e6t Smart plug\u2019en i stikkontakten, tilslut din lampe, og f\u00e5 intelligent styring via Hue appen eller din stemme. Brug Bluetooth til hurtig og direkte kontrol, eller tilslut en Hue Bridge for at f\u00e5 adgang til alle avancerede funktioner.Smart plug\u2019en er fremstillet i syntetiske materialer og har et kompakt design (ca. 6,4 x 6,0 x 6,0 cm for EU-model), s\u00e5 den nemt passer ind i ethvert hjem og ikke fylder un\u00f8dvendigt. Der kr\u00e6ves ingen ekstra ledninger, s\u00e5 installationen er b\u00e5de hurtig og p\u00e6n.Philips Hue Smart plug fungerer sikkert og p\u00e5lideligt med klasse II beskyttelse og IP20-klassificering, som beskytter mod st\u00f8v og sikrer elektrisk sikkerhed. Kontakten er testet til op til 10.000 klik og fungerer stabilt ved temperaturer mellem 0\u201340 \u00b0C samt luftfugtighed fra 5\u201395 %. Standby-str\u00f8mforbruget er lavt (ca. 0,2 watt, afh\u00e6ngigt af model).Smart plug\u2019en kan l\u00f8bende forbedres ved automatiske firmwareopdateringer via enten Bluetooth appen eller Hue Bridge, s\u00e5 du f\u00e5r nye funktioner, s\u00e5 snart de er tilg\u00e6ngelige.Oplev nem intelligent styring og g\u00f8r alle dine lamper til en del af dit smarte hjem. Se hele udvalget af hos Butik24.<\/p>\n<p>Sammenlign priser p\u00e5 Philips Hue Smart plug 3-pak og k\u00f8b online til den billigste pris, samt p\u00e5 tilbud!\u00a0\u00a0Tjek den bedste pris, produkt beskrivelse, video, test, anmeldelser osv.<\/p>\n<p><strong>Brand: <\/strong>Philips Hue<br \/>\n<strong>EAN: <\/strong>8720169258341<br \/>\n<strong>Producentens varenr.:<\/strong> 8720169258341<\/p>\n<p><strong>P.S.<\/strong><br \/>\nTilmeld dig til &#8220;Opret Gratis Prisfald Alarm&#8221;, og bliv underrettet med det samme om prisfald p\u00e5 Philips Hue Smart plug 3-pak, og f\u00e5 den billigste pris!<\/p>\n<p>&nbsp;<\/p>\n<p>&nbsp;<\/p>\n","protected":false},"excerpt":{"rendered":"<p>K\u00f8b billig Philips Hue Smart plug 3-pak! Philips Hue Smart plug giver dig mulighed for at forvandle enhver lampe til en del af dit intelligente belysningssystem \u2013 selv dem, der ikke underst\u00f8tter Hue-p\u00e6rer. S\u00e6t Smart plug\u2019en i stikkontakten, tilslut din lampe, og f\u00e5 intelligent styring via Hue appen eller din stemme. Brug Bluetooth til hurtig [&hellip;]<\/p>\n","protected":false},"featured_media":999980000004480290,"template":"","meta":[],"store":[1272516],"product_brand":[1272523],"product_cat":[1272407],"product_tag":[1272697,1272767],"class_list":{"0":"post-448029","1":"product","2":"type-product","3":"status-publish","4":"has-post-thumbnail","6":"store-butik24","7":"product_brand-philips-hue","8":"product_cat-belysning-2","9":"product_tag-belysning","10":"product_tag-philips-hue","11":"pa_maerke-philips-hue","13":"first","14":"instock","15":"product-type-external"},"_links":{"self":[{"href":"https:\/\/www.pricetornado.com\/da\/wp-json\/wp\/v2\/product\/448029","targetHints":{"allow":["GET"]}}],"collection":[{"href":"https:\/\/www.pricetornado.com\/da\/wp-json\/wp\/v2\/product"}],"about":[{"href":"https:\/\/www.pricetornado.com\/da\/wp-json\/wp\/v2\/types\/product"}],"wp:featuredmedia":[{"embeddable":true,"href":"https:\/\/www.pricetornado.com\/da\/wp-json\/"}],"wp:attachment":[{"href":"https:\/\/www.pricetornado.com\/da\/wp-json\/wp\/v2\/media?parent=448029"}],"wp:term":[{"taxonomy":"store","embeddable":true,"href":"https:\/\/www.pricetornado.com\/da\/wp-json\/wp\/v2\/store?post=448029"},{"taxonomy":"product_brand","embeddable":true,"href":"https:\/\/www.pricetornado.com\/da\/wp-json\/wp\/v2\/product_brand?post=448029"},{"taxonomy":"product_cat","embeddable":true,"href":"https:\/\/www.pricetornado.com\/da\/wp-json\/wp\/v2\/product_cat?post=448029"},{"taxonomy":"product_tag","embeddable":true,"href":"https:\/\/www.pricetornado.com\/da\/wp-json\/wp\/v2\/product_tag?post=448029"}],"curies":[{"name":"wp","href":"https:\/\/api.w.org\/{rel}","templated":true}]}}