{"id":448028,"date":"2025-02-24T22:27:19","date_gmt":"2025-02-24T21:27:19","guid":{"rendered":"https:\/\/www.pricetornado.com\/da\/produkt\/philips-sonicare-6500-genopladelig-tandboerste-hx7410-02\/"},"modified":"2026-04-17T02:30:02","modified_gmt":"2026-04-17T00:30:02","slug":"philips-sonicare-6500-genopladelig-tandboerste-hx7410-02","status":"publish","type":"product","link":"https:\/\/www.pricetornado.com\/da\/produkt\/philips-sonicare-6500-genopladelig-tandboerste-hx7410-02\/","title":{"rendered":"Philips Sonicare 6500 Genopladelig tandb\u00f8rste &#8211; HX7410\/02"},"content":{"rendered":"<p>K\u00f8b billig Philips Sonicare 6500 Genopladelig tandb\u00f8rste &#8211; HX7410\/02!<br \/>\nPhilips Sonicare 6500 genopladelig tandb\u00f8rste fjerner op til 10 gange mere plak end en manuel tandb\u00f8rste og er sk\u00e5nsom nok til f\u00f8lsomme t\u00e6nder og tandk\u00f8d. Den avancerede Sonicare-teknologi sikrer 62.000 b\u00f8rstebev\u00e6gelser i minuttet for grundig og n\u00e6nsom reng\u00f8ring hver gang.Med tre b\u00f8rstetilstande (Clean, White, Sensitive) og tre justerbare intensiteter (lav, medium, h\u00f8j) kan du tilpasse din tandb\u00f8rstning helt efter dine behov. Via Philips Sonicare-appen f\u00e5r du desuden adgang til 9 forskellige b\u00f8rsteindstillinger og kan f\u00f8lge dine b\u00f8rstevaner for at optimere din daglige pleje.Synlig trykalarm lyser lilla og reducerer vibrationerne, hvis du b\u00f8rster for h\u00e5rdt, og hj\u00e6lper med at beskytte tandk\u00f8det.BrushSync-teknologi overv\u00e5ger b\u00f8rstehovedets slid og minder dig om, hvorn\u00e5r det er tid til at udskifte det.SmarTimer og BrushPacer guider dig til at b\u00f8rste i de anbefalede to minutter og s\u00f8rger for, at alle omr\u00e5der i munden f\u00e5r lige meget opm\u00e6rksomhed.Det lasersvejsede, ergonomiske h\u00e5ndtag giver styrke og lang levetid samtidig med, at det ligger let i h\u00e5nden. Det indbyggede lithium-ion batteri holder op til 3 ugers brug p\u00e5 en enkelt opladning, hvilket minimerer behovet for hyppig opladning. Den kompakte og robuste rejsetaske g\u00f8r det nemt at tage tandb\u00f8rsten med p\u00e5 farten og beskytter den undervejs.Pakken indeholder det ekstra bl\u00f8de S2 Sensitive b\u00f8rstehoved til n\u00e6nsom reng\u00f8ring af f\u00f8lsomme t\u00e6nder og tandk\u00f8d samt et W2 Whitening b\u00f8rstehoved for effektiv fjernelse af overfladiske misfarvninger.Opgrader din mundhygiejne med Philips Sonicare 6500 \u2013 for en skr\u00e6ddersyet, effektiv og sk\u00e5nsom tandb\u00f8rstning hver dag. Se hele udvalget af produkter hos Butik24.<\/p>\n<p>Sammenlign priser p\u00e5 Philips Sonicare 6500 Genopladelig tandb\u00f8rste &#8211; HX7410\/02 og k\u00f8b online til den billigste pris, samt p\u00e5 tilbud!\u00a0\u00a0Tjek den bedste pris, produkt beskrivelse, video, test, anmeldelser osv.<\/p>\n<p><strong>Brand: <\/strong>Philips<br \/>\n<strong>EAN: <\/strong>8720689021630<br \/>\n<strong>Producentens varenr.:<\/strong> 8720689021630<\/p>\n<p><strong>P.S.<\/strong><br \/>\nTilmeld dig til &#8220;Opret Gratis Prisfald Alarm&#8221;, og bliv underrettet med det samme om prisfald p\u00e5 Philips Sonicare 6500 Genopladelig tandb\u00f8rste &#8211; HX7410\/02, og f\u00e5 den billigste pris!<\/p>\n<p>&nbsp;<\/p>\n<p>&nbsp;<\/p>\n","protected":false},"excerpt":{"rendered":"<p>K\u00f8b billig Philips Sonicare 6500 Genopladelig tandb\u00f8rste &#8211; HX7410\/02! Philips Sonicare 6500 genopladelig tandb\u00f8rste fjerner op til 10 gange mere plak end en manuel tandb\u00f8rste og er sk\u00e5nsom nok til f\u00f8lsomme t\u00e6nder og tandk\u00f8d. Den avancerede Sonicare-teknologi sikrer 62.000 b\u00f8rstebev\u00e6gelser i minuttet for grundig og n\u00e6nsom reng\u00f8ring hver gang.Med tre b\u00f8rstetilstande (Clean, White, Sensitive) og [&hellip;]<\/p>\n","protected":false},"featured_media":999980000004480280,"template":"","meta":[],"store":[1272516],"product_brand":[1272519],"product_cat":[1272446],"product_tag":[1275180,1272715],"class_list":{"0":"post-448028","1":"product","2":"type-product","3":"status-publish","4":"has-post-thumbnail","6":"store-butik24","7":"product_brand-philips","8":"product_cat-tandpleje-2","9":"product_tag-philips","10":"product_tag-tandpleje","11":"pa_maerke-philips","13":"first","14":"instock","15":"product-type-external"},"_links":{"self":[{"href":"https:\/\/www.pricetornado.com\/da\/wp-json\/wp\/v2\/product\/448028","targetHints":{"allow":["GET"]}}],"collection":[{"href":"https:\/\/www.pricetornado.com\/da\/wp-json\/wp\/v2\/product"}],"about":[{"href":"https:\/\/www.pricetornado.com\/da\/wp-json\/wp\/v2\/types\/product"}],"wp:featuredmedia":[{"embeddable":true,"href":"https:\/\/www.pricetornado.com\/da\/wp-json\/"}],"wp:attachment":[{"href":"https:\/\/www.pricetornado.com\/da\/wp-json\/wp\/v2\/media?parent=448028"}],"wp:term":[{"taxonomy":"store","embeddable":true,"href":"https:\/\/www.pricetornado.com\/da\/wp-json\/wp\/v2\/store?post=448028"},{"taxonomy":"product_brand","embeddable":true,"href":"https:\/\/www.pricetornado.com\/da\/wp-json\/wp\/v2\/product_brand?post=448028"},{"taxonomy":"product_cat","embeddable":true,"href":"https:\/\/www.pricetornado.com\/da\/wp-json\/wp\/v2\/product_cat?post=448028"},{"taxonomy":"product_tag","embeddable":true,"href":"https:\/\/www.pricetornado.com\/da\/wp-json\/wp\/v2\/product_tag?post=448028"}],"curies":[{"name":"wp","href":"https:\/\/api.w.org\/{rel}","templated":true}]}}