{"id":448025,"date":"2025-02-22T13:46:09","date_gmt":"2025-02-22T12:46:09","guid":{"rendered":"https:\/\/www.pricetornado.com\/da\/produkt\/nedis-kaafg600bk-hot-airfryer-6l\/"},"modified":"2026-04-20T02:00:47","modified_gmt":"2026-04-20T00:00:47","slug":"nedis-kaafg600bk-hot-airfryer-6l","status":"publish","type":"product","link":"https:\/\/www.pricetornado.com\/da\/produkt\/nedis-kaafg600bk-hot-airfryer-6l\/","title":{"rendered":"Nedis KAAFG600BK Hot Airfryer 6L"},"content":{"rendered":"<p>K\u00f8b billig Nedis KAAFG600BK Hot Airfryer 6L!<br \/>\nOplev Nedis multifunktionelle digitale airfryer og grill, som giver dig mulighed for at tilberede sunde og l\u00e6kre retter med minimal olie. Apparatet rummer hele 6 liter, hvilket g\u00f8r det ideelt til tilberedning af 5-6 portioner pommes frites ad gangen \u2013 perfekt til familien eller mindre selskaber.Kombin\u00e9r airfryer-funktion og grillfunktion i \u00e9n enhed for alsidige madlavningsmuligheder. Den trykst\u00f8bte aluminiumsgrillplade leverer optimale grillresultater, s\u00e5 dine m\u00e5ltider b\u00e5de smager og ser fantastiske ud. V\u00e6lg mellem fire forskellige grillindstillinger \u2013 lav, medium, h\u00f8j eller max \u2013 alt efter pr\u00e6ference og behov.Med sensor touch-kontrol og syv forprogrammerede madlavningsindstillinger, herunder Air Fry, Grill, Bake, Roast, Chicken, Fish og Beef, er airfryeren b\u00e5de nem at anvende og s\u00e6rdeles alsidig. En pr\u00e6cis temperatursonde s\u00f8rger for, at du kan overv\u00e5ge den indre temperatur i maden og sikre perfekte resultater hver gang.Fremstillet i varmebestandigt ABS-plastik med aftagelige non-stick belagte dele, der alle t\u00e5ler opvaskemaskine for nem reng\u00f8ring. De skridsikre gummif\u00f8dder giver h\u00f8j stabilitet og sikkerhed, mens det ekstra brede temperaturinterval fra 120 \u00b0C til 265 \u00b0C giver maksimal fleksibilitet i tilberedningen. Den indbyggede 120-minutters digitale timer med tydeligt signal afslutter tilberedningen sikkert.Den kraftige motor p\u00e5 op til 1660W arbejder sammen med avanceret luftcirkulation, hvilket sikrer hurtig, ensartet og fedtfattig madlavning. Sikkerhedsdesignet omfatter temperaturindikator og varsling, der s\u00f8rger for, at brugen altid er tryg og overskuelig.6 liters kapacitet \u2013 til 5-6 portioner pr. tilberedningscyklusInvester i denne multifunktionelle digitale airfryer grill fra Nedis og g\u00f8r sund, fedtfattig madlavning til en leg i hverdagen \u2013 uden at g\u00e5 p\u00e5 kompromis med smag og kvalitet.<\/p>\n<p>Sammenlign priser p\u00e5 Nedis KAAFG600BK Hot Airfryer 6L og k\u00f8b online til den billigste pris, samt p\u00e5 tilbud!\u00a0\u00a0Tjek den bedste pris, produkt beskrivelse, video, test, anmeldelser osv.<\/p>\n<p><strong>Brand: <\/strong>Nedis<br \/>\n<strong>EAN: <\/strong>5412810441389<br \/>\n<strong>Producentens varenr.:<\/strong> 5412810441389<\/p>\n<p><strong>P.S.<\/strong><br \/>\nTilmeld dig til &#8220;Opret Gratis Prisfald Alarm&#8221;, og bliv underrettet med det samme om prisfald p\u00e5 Nedis KAAFG600BK Hot Airfryer 6L, og f\u00e5 den billigste pris!<\/p>\n<p>&nbsp;<\/p>\n<p>&nbsp;<\/p>\n","protected":false},"excerpt":{"rendered":"<p>K\u00f8b billig Nedis KAAFG600BK Hot Airfryer 6L! Oplev Nedis multifunktionelle digitale airfryer og grill, som giver dig mulighed for at tilberede sunde og l\u00e6kre retter med minimal olie. Apparatet rummer hele 6 liter, hvilket g\u00f8r det ideelt til tilberedning af 5-6 portioner pommes frites ad gangen \u2013 perfekt til familien eller mindre selskaber.Kombin\u00e9r airfryer-funktion og [&hellip;]<\/p>\n","protected":false},"featured_media":999980000004480250,"template":"","meta":[],"store":[1272516],"product_brand":[1272517],"product_cat":[831418],"product_tag":[1272683,1275178],"class_list":{"0":"post-448025","1":"product","2":"type-product","3":"status-publish","4":"has-post-thumbnail","6":"store-butik24","7":"product_brand-nedis","8":"product_cat-koekkenudstyr","9":"product_tag-koekkenudstyr","10":"product_tag-nedis","11":"pa_maerke-nedis","13":"first","14":"instock","15":"product-type-external"},"_links":{"self":[{"href":"https:\/\/www.pricetornado.com\/da\/wp-json\/wp\/v2\/product\/448025","targetHints":{"allow":["GET"]}}],"collection":[{"href":"https:\/\/www.pricetornado.com\/da\/wp-json\/wp\/v2\/product"}],"about":[{"href":"https:\/\/www.pricetornado.com\/da\/wp-json\/wp\/v2\/types\/product"}],"wp:featuredmedia":[{"embeddable":true,"href":"https:\/\/www.pricetornado.com\/da\/wp-json\/"}],"wp:attachment":[{"href":"https:\/\/www.pricetornado.com\/da\/wp-json\/wp\/v2\/media?parent=448025"}],"wp:term":[{"taxonomy":"store","embeddable":true,"href":"https:\/\/www.pricetornado.com\/da\/wp-json\/wp\/v2\/store?post=448025"},{"taxonomy":"product_brand","embeddable":true,"href":"https:\/\/www.pricetornado.com\/da\/wp-json\/wp\/v2\/product_brand?post=448025"},{"taxonomy":"product_cat","embeddable":true,"href":"https:\/\/www.pricetornado.com\/da\/wp-json\/wp\/v2\/product_cat?post=448025"},{"taxonomy":"product_tag","embeddable":true,"href":"https:\/\/www.pricetornado.com\/da\/wp-json\/wp\/v2\/product_tag?post=448025"}],"curies":[{"name":"wp","href":"https:\/\/api.w.org\/{rel}","templated":true}]}}