{"id":448021,"date":"2025-02-26T04:58:35","date_gmt":"2025-02-26T03:58:35","guid":{"rendered":"https:\/\/www.pricetornado.com\/da\/produkt\/philips-hq56-50-skaer\/"},"modified":"2026-04-17T08:00:27","modified_gmt":"2026-04-17T06:00:27","slug":"philips-hq56-50-skaer","status":"publish","type":"product","link":"https:\/\/www.pricetornado.com\/da\/produkt\/philips-hq56-50-skaer\/","title":{"rendered":"Philips HQ56\/50 sk\u00e6r"},"content":{"rendered":"<p>K\u00f8b billig Philips HQ56\/50 sk\u00e6r!<br \/>\nOplev en effektiv og pr\u00e6cis barbering med Philips HQ56\/50 sk\u00e6r, der er designet til at give dig et glat resultat hver gang. Sk\u00e6rene benytter et pr\u00e6cisionsdesignet CloseCut-system med 15 ultraskarpe, holdbare og selvslibende blade, som sikrer vedvarende ydeevne og reducerer behovet for hyppige udskiftninger.Det dobbelte blad system l\u00f8fter f\u00f8rst h\u00e5ret og sk\u00e6rer det derefter t\u00e6t ved huden. Denne teknologi g\u00f8r det muligt at fjerne selv de korteste h\u00e5rstr\u00e5, hvilket resulterer i en t\u00e6t og behagelig barbering hver gang.Sk\u00e6rene er fremstillet til at h\u00e5ndtere op til 9 millioner h\u00e5rklip over to \u00e5r. For at bevare den optimale barbering anbefales det at udskifte sk\u00e6rene hvert andet \u00e5r for at sikre 100 % ydeevne.Indeholder 3 sk\u00e6r pr. pakkeV\u00e6lg Philips HQ56\/50 sk\u00e6r for langtidsholdbar drift, avanceret sk\u00e6ringsteknologi og en altid glat finish. Find flere reservedele og tilbeh\u00f8r i vores .<\/p>\n<p>Sammenlign priser p\u00e5 Philips HQ56\/50 sk\u00e6r og k\u00f8b online til den billigste pris, samt p\u00e5 tilbud!\u00a0\u00a0Tjek den bedste pris, produkt beskrivelse, video, test, anmeldelser osv.<\/p>\n<p><strong>Brand: <\/strong>Philips<br \/>\n<strong>EAN: <\/strong>8710103535980<br \/>\n<strong>Producentens varenr.:<\/strong> 8710103535980<\/p>\n<p><strong>P.S.<\/strong><br \/>\nTilmeld dig til &#8220;Opret Gratis Prisfald Alarm&#8221;, og bliv underrettet med det samme om prisfald p\u00e5 Philips HQ56\/50 sk\u00e6r, og f\u00e5 den billigste pris!<\/p>\n<p>&nbsp;<\/p>\n<p>&nbsp;<\/p>\n","protected":false},"excerpt":{"rendered":"<p>K\u00f8b billig Philips HQ56\/50 sk\u00e6r! Oplev en effektiv og pr\u00e6cis barbering med Philips HQ56\/50 sk\u00e6r, der er designet til at give dig et glat resultat hver gang. Sk\u00e6rene benytter et pr\u00e6cisionsdesignet CloseCut-system med 15 ultraskarpe, holdbare og selvslibende blade, som sikrer vedvarende ydeevne og reducerer behovet for hyppige udskiftninger.Det dobbelte blad system l\u00f8fter f\u00f8rst h\u00e5ret [&hellip;]<\/p>\n","protected":false},"featured_media":999980000004480210,"template":"","meta":[],"store":[1272516],"product_brand":[1272519],"product_cat":[1272429,1272413],"product_tag":[1272711,1272706,1275180],"class_list":{"0":"post-448021","1":"product","2":"type-product","3":"status-publish","4":"has-post-thumbnail","6":"store-butik24","7":"product_brand-philips","8":"product_cat-maend-personlig-pleje","9":"product_cat-personlig-pleje","10":"product_tag-maend","11":"product_tag-personlig-pleje","12":"product_tag-philips","13":"pa_maerke-philips","15":"first","16":"instock","17":"product-type-external"},"_links":{"self":[{"href":"https:\/\/www.pricetornado.com\/da\/wp-json\/wp\/v2\/product\/448021","targetHints":{"allow":["GET"]}}],"collection":[{"href":"https:\/\/www.pricetornado.com\/da\/wp-json\/wp\/v2\/product"}],"about":[{"href":"https:\/\/www.pricetornado.com\/da\/wp-json\/wp\/v2\/types\/product"}],"wp:featuredmedia":[{"embeddable":true,"href":"https:\/\/www.pricetornado.com\/da\/wp-json\/"}],"wp:attachment":[{"href":"https:\/\/www.pricetornado.com\/da\/wp-json\/wp\/v2\/media?parent=448021"}],"wp:term":[{"taxonomy":"store","embeddable":true,"href":"https:\/\/www.pricetornado.com\/da\/wp-json\/wp\/v2\/store?post=448021"},{"taxonomy":"product_brand","embeddable":true,"href":"https:\/\/www.pricetornado.com\/da\/wp-json\/wp\/v2\/product_brand?post=448021"},{"taxonomy":"product_cat","embeddable":true,"href":"https:\/\/www.pricetornado.com\/da\/wp-json\/wp\/v2\/product_cat?post=448021"},{"taxonomy":"product_tag","embeddable":true,"href":"https:\/\/www.pricetornado.com\/da\/wp-json\/wp\/v2\/product_tag?post=448021"}],"curies":[{"name":"wp","href":"https:\/\/api.w.org\/{rel}","templated":true}]}}