{"id":448019,"date":"2025-02-25T06:45:52","date_gmt":"2025-02-25T05:45:52","guid":{"rendered":"https:\/\/www.pricetornado.com\/da\/produkt\/philips-hue-white-krone-e14-p45\/"},"modified":"2026-04-18T03:50:29","modified_gmt":"2026-04-18T01:50:29","slug":"philips-hue-white-krone-e14-p45","status":"publish","type":"product","link":"https:\/\/www.pricetornado.com\/da\/produkt\/philips-hue-white-krone-e14-p45\/","title":{"rendered":"Philips Hue White Krone E14, P45"},"content":{"rendered":"<p>K\u00f8b billig Philips Hue White Krone E14, P45!<br \/>\nG\u00f8r selv dine mindste lamper smarte med Philips Hue White krone E14. Denne kompakte LED-p\u00e6re med P45-form (45 mm bred, 77 mm h\u00f8j) er perfekt til v\u00e6g-, bord- og kontorlamper, hvor pladsen er begr\u00e6nset. Takket v\u00e6re det bl\u00f8de, varme hvide lys skaber den en hyggelig atmosf\u00e6re, og du kan nemt styre belysningen via Bluetooth i \u00e9t enkelt rum.Philips Hue White krone E14 underst\u00f8tter smart d\u00e6mpning, s\u00e5 du nemt kan justere lyset fra st\u00e6rkt arbejdsllys til afd\u00e6mpet natlys med Hue-appen eller kompatible kontakter. Med Bluetooth-appen kan du betjene op til 10 intelligente lyskilder i samme rum, og p\u00e6ren giver straks 100 % lysstyrke ved t\u00e6nding. Tilf\u00f8jer du en Hue Bridge, f\u00e5r du adgang til hele Hue-systemets muligheder.Ved at tilf\u00f8je en Philips Hue Bridge (s\u00e6lges separat) kan du betjene op til 50 lyskilder i hele hjemmet, automatisere lysrutiner, fjernstyre belysningen og integrere tilbeh\u00f8r som bev\u00e6gelsessensorer eller intelligente kontakter. Stemmestyring kr\u00e6ver Hue Bridge og en kompatibel enhed.Philips Hue White krone E14 er energieffektiv med et forbrug p\u00e5 kun 5,7 watt ved fuld lysstyrke, men leverer stadig 470 lumen ved 2700K. Med et forventet liv p\u00e5 op til 25.000 timer og op til 50.000 t\u00e6nd\/sluk-cyklusser er p\u00e6ren b\u00e5de holdbar og udviklet til langvarig brug. Den fungerer i temperaturer fra -20\u00b0C til 45\u00b0C, og i husholdningssp\u00e6ndinger mellem 220\u2013240V samt fugtighedsomr\u00e5der fra 5\u201395 % (ikke-kondenserende).Den afrundede og kompakte P45-form g\u00f8r p\u00e6ren ideel til lamper, hvor en almindelig kertep\u00e6re er for stor. P\u00e6ren leverer effektivt lys uden at fylde for meget, s\u00e5 du f\u00e5r smart belysning selv i de mindste armaturer.Oplev fordelene ved intelligent belysning og skab den \u00f8nskede stemning i hjemmets sm\u00e5 lamper med Philips Hue White krone E14. Se hele vores udvalg af produkter for flere muligheder.* Stemmestyring kr\u00e6ver en kompatibel enhed og Philips Hue Bridge.<\/p>\n<p>Sammenlign priser p\u00e5 Philips Hue White Krone E14, P45 og k\u00f8b online til den billigste pris, samt p\u00e5 tilbud!\u00a0\u00a0Tjek den bedste pris, produkt beskrivelse, video, test, anmeldelser osv.<\/p>\n<p><strong>Brand: <\/strong>Philips Hue<br \/>\n<strong>EAN: <\/strong>8719514356696<br \/>\n<strong>Producentens varenr.:<\/strong> 8719514356696<\/p>\n<p><strong>P.S.<\/strong><br \/>\nTilmeld dig til &#8220;Opret Gratis Prisfald Alarm&#8221;, og bliv underrettet med det samme om prisfald p\u00e5 Philips Hue White Krone E14, P45, og f\u00e5 den billigste pris!<\/p>\n<p>&nbsp;<\/p>\n<p>&nbsp;<\/p>\n","protected":false},"excerpt":{"rendered":"<p>K\u00f8b billig Philips Hue White Krone E14, P45! G\u00f8r selv dine mindste lamper smarte med Philips Hue White krone E14. Denne kompakte LED-p\u00e6re med P45-form (45 mm bred, 77 mm h\u00f8j) er perfekt til v\u00e6g-, bord- og kontorlamper, hvor pladsen er begr\u00e6nset. Takket v\u00e6re det bl\u00f8de, varme hvide lys skaber den en hyggelig atmosf\u00e6re, og [&hellip;]<\/p>\n","protected":false},"featured_media":999980000004480190,"template":"","meta":[],"store":[1272516],"product_brand":[1272523],"product_cat":[1272422],"product_tag":[1272767],"class_list":{"0":"post-448019","1":"product","2":"type-product","3":"status-publish","4":"has-post-thumbnail","6":"store-butik24","7":"product_brand-philips-hue","8":"product_cat-philips-hue","9":"product_tag-philips-hue","10":"pa_maerke-philips-hue","12":"first","13":"instock","14":"product-type-external"},"_links":{"self":[{"href":"https:\/\/www.pricetornado.com\/da\/wp-json\/wp\/v2\/product\/448019","targetHints":{"allow":["GET"]}}],"collection":[{"href":"https:\/\/www.pricetornado.com\/da\/wp-json\/wp\/v2\/product"}],"about":[{"href":"https:\/\/www.pricetornado.com\/da\/wp-json\/wp\/v2\/types\/product"}],"wp:featuredmedia":[{"embeddable":true,"href":"https:\/\/www.pricetornado.com\/da\/wp-json\/"}],"wp:attachment":[{"href":"https:\/\/www.pricetornado.com\/da\/wp-json\/wp\/v2\/media?parent=448019"}],"wp:term":[{"taxonomy":"store","embeddable":true,"href":"https:\/\/www.pricetornado.com\/da\/wp-json\/wp\/v2\/store?post=448019"},{"taxonomy":"product_brand","embeddable":true,"href":"https:\/\/www.pricetornado.com\/da\/wp-json\/wp\/v2\/product_brand?post=448019"},{"taxonomy":"product_cat","embeddable":true,"href":"https:\/\/www.pricetornado.com\/da\/wp-json\/wp\/v2\/product_cat?post=448019"},{"taxonomy":"product_tag","embeddable":true,"href":"https:\/\/www.pricetornado.com\/da\/wp-json\/wp\/v2\/product_tag?post=448019"}],"curies":[{"name":"wp","href":"https:\/\/api.w.org\/{rel}","templated":true}]}}