{"id":448010,"date":"2025-02-22T08:29:10","date_gmt":"2025-02-22T07:29:10","guid":{"rendered":"https:\/\/www.pricetornado.com\/da\/produkt\/scanpan-to-go-termoflaske-350ml-neutral-grey\/"},"modified":"2026-04-30T11:10:57","modified_gmt":"2026-04-30T09:10:57","slug":"scanpan-to-go-termoflaske-350ml-neutral-grey","status":"publish","type":"product","link":"https:\/\/www.pricetornado.com\/da\/produkt\/scanpan-to-go-termoflaske-350ml-neutral-grey\/","title":{"rendered":"Scanpan To Go Termoflaske &#8211; 350ml &#8211; Neutral Grey"},"content":{"rendered":"<p>K\u00f8b billig Scanpan To Go Termoflaske &#8211; 350ml &#8211; Neutral Grey!<br \/>\ntermoflasker er designet med fokus p\u00e5 mode, funktionalitet og b\u00e6redygtighed. Flasken p\u00e5 350 ml er fremstillet af holdbart, rustfrit st\u00e5l, som er BPA-frit, modstandsdygtigt overfor korrosion og sikrer lang levetid. Scanpan termoflasken er genanvendelig og det perfekte valg til den aktive hverdag, uanset om du er p\u00e5 vej i fitnesscentret, p\u00e5 arbejde eller blot p\u00e5 farten.Termoflasken holder dine drikke kolde i op til 24 timer og varme i op til 12 timer, hvilket g\u00f8r den ideel som f\u00f8lgesvend i b\u00e5de sommer- og vinterm\u00e5neder. Uanset om du \u00f8nsker forfriskende kolde drikke eller varm kaffe, holder denne flaske temperaturen i lang tid.Scanpan To Go termoflasken er let og kompakt \u2013 nem at tage med i tasken eller l\u00e5get. Ridsefast pulverlakering giver en robust overflade, der t\u00e5ler daglig brug. Det kondensfri design sikrer, at ydersiden forbliver t\u00f8r, selv med iskolde drikke, og det luftt\u00e6tte skruel\u00e5g forhindrer l\u00e6kage og gennembl\u00f8dte tasker.Flasken matcher enhver stil og anledning og f\u00e5s i flere trendy farver, s\u00e5 du kan v\u00e6lge den, der passer bedst til dig. Scanpans kombination af funktionalitet og moderne design g\u00f8r den til et milj\u00f8venligt valg for den bevidste forbruger.Vi anbefaler h\u00e5ndopvask for at bevare flaskens finish og funktionalitet.<\/p>\n<p>Sammenlign priser p\u00e5 Scanpan To Go Termoflaske &#8211; 350ml &#8211; Neutral Grey og k\u00f8b online til den billigste pris, samt p\u00e5 tilbud!\u00a0\u00a0Tjek den bedste pris, produkt beskrivelse, video, test, anmeldelser osv.<\/p>\n<p><strong>Brand: <\/strong>Scanpan<br \/>\n<strong>EAN: <\/strong>083421198938<br \/>\n<strong>Producentens varenr.:<\/strong> 083421198938<\/p>\n<p><strong>P.S.<\/strong><br \/>\nTilmeld dig til &#8220;Opret Gratis Prisfald Alarm&#8221;, og bliv underrettet med det samme om prisfald p\u00e5 Scanpan To Go Termoflaske &#8211; 350ml &#8211; Neutral Grey, og f\u00e5 den billigste pris!<\/p>\n<p>&nbsp;<\/p>\n<p>&nbsp;<\/p>\n","protected":false},"excerpt":{"rendered":"<p>K\u00f8b billig Scanpan To Go Termoflaske &#8211; 350ml &#8211; Neutral Grey! termoflasker er designet med fokus p\u00e5 mode, funktionalitet og b\u00e6redygtighed. Flasken p\u00e5 350 ml er fremstillet af holdbart, rustfrit st\u00e5l, som er BPA-frit, modstandsdygtigt overfor korrosion og sikrer lang levetid. Scanpan termoflasken er genanvendelig og det perfekte valg til den aktive hverdag, uanset om [&hellip;]<\/p>\n","protected":false},"featured_media":999980000004480100,"template":"","meta":[],"store":[1272516],"product_brand":[1272521],"product_cat":[1272415],"product_tag":[1272724,1275184],"class_list":{"0":"post-448010","1":"product","2":"type-product","3":"status-publish","4":"has-post-thumbnail","6":"store-butik24","7":"product_brand-scanpan","8":"product_cat-husholdning","9":"product_tag-husholdning","10":"product_tag-scanpan","11":"pa_maerke-scanpan","13":"first","14":"instock","15":"product-type-external"},"_links":{"self":[{"href":"https:\/\/www.pricetornado.com\/da\/wp-json\/wp\/v2\/product\/448010","targetHints":{"allow":["GET"]}}],"collection":[{"href":"https:\/\/www.pricetornado.com\/da\/wp-json\/wp\/v2\/product"}],"about":[{"href":"https:\/\/www.pricetornado.com\/da\/wp-json\/wp\/v2\/types\/product"}],"wp:featuredmedia":[{"embeddable":true,"href":"https:\/\/www.pricetornado.com\/da\/wp-json\/"}],"wp:attachment":[{"href":"https:\/\/www.pricetornado.com\/da\/wp-json\/wp\/v2\/media?parent=448010"}],"wp:term":[{"taxonomy":"store","embeddable":true,"href":"https:\/\/www.pricetornado.com\/da\/wp-json\/wp\/v2\/store?post=448010"},{"taxonomy":"product_brand","embeddable":true,"href":"https:\/\/www.pricetornado.com\/da\/wp-json\/wp\/v2\/product_brand?post=448010"},{"taxonomy":"product_cat","embeddable":true,"href":"https:\/\/www.pricetornado.com\/da\/wp-json\/wp\/v2\/product_cat?post=448010"},{"taxonomy":"product_tag","embeddable":true,"href":"https:\/\/www.pricetornado.com\/da\/wp-json\/wp\/v2\/product_tag?post=448010"}],"curies":[{"name":"wp","href":"https:\/\/api.w.org\/{rel}","templated":true}]}}