{"id":448008,"date":"2025-02-21T14:52:22","date_gmt":"2025-02-21T13:52:22","guid":{"rendered":"https:\/\/www.pricetornado.com\/da\/produkt\/melissa-massagepistol\/"},"modified":"2026-04-18T01:40:18","modified_gmt":"2026-04-17T23:40:18","slug":"melissa-massagepistol","status":"publish","type":"product","link":"https:\/\/www.pricetornado.com\/da\/produkt\/melissa-massagepistol\/","title":{"rendered":"Melissa Massagepistol"},"content":{"rendered":"<p>K\u00f8b billig Melissa Massagepistol!<br \/>\nMelissa massagepistol er et praktisk og let anvendeligt redskab, der hj\u00e6lper med at \u00f8ge blodcirkulationen, reducere muskel\u00f8mhed og fremme restitutionen efter fysisk aktivitet. Den har et kompakt og b\u00e6rbart design, som g\u00f8r den nem at holde og bruge p\u00e5 forskellige dele af kroppen. Med et genopladeligt batteri og lav v\u00e6gt p\u00e5 kun 610 g er den ideel til b\u00e5de hjemmebrug og p\u00e5 farten.Ca. 60 minutters driftstid ved fuld opladningMassagepistolen er designet til sikker brug og kan anvendes af personer fra 8 \u00e5r og op, samt af brugere med nedsat f\u00f8lsomhed eller fysiske\/mentale funktionsneds\u00e6ttelser under opsyn. Den fremmer afslapning, velv\u00e6re og restitution uden kompliceret betjening.Med sin lette konstruktion og genopladelige batteri er Melissa massagepistol oplagt b\u00e5de til hjemmebrug og p\u00e5 farten. Brug den efter tr\u00e6ning, til at lindre muskelsp\u00e6ndinger eller som et dagligt velv\u00e6retool \u2013 den tilpasser sig dine behov med fleksibilitet og effektivitet.<\/p>\n<p>Sammenlign priser p\u00e5 Melissa Massagepistol og k\u00f8b online til den billigste pris, samt p\u00e5 tilbud!\u00a0\u00a0Tjek den bedste pris, produkt beskrivelse, video, test, anmeldelser osv.<\/p>\n<p><strong>Brand: <\/strong>Melissa<br \/>\n<strong>EAN: <\/strong>5707160022556<br \/>\n<strong>Producentens varenr.:<\/strong> 5707160022556<\/p>\n<p><strong>P.S.<\/strong><br \/>\nTilmeld dig til &#8220;Opret Gratis Prisfald Alarm&#8221;, og bliv underrettet med det samme om prisfald p\u00e5 Melissa Massagepistol, og f\u00e5 den billigste pris!<\/p>\n<p>&nbsp;<\/p>\n<p>&nbsp;<\/p>\n","protected":false},"excerpt":{"rendered":"<p>K\u00f8b billig Melissa Massagepistol! Melissa massagepistol er et praktisk og let anvendeligt redskab, der hj\u00e6lper med at \u00f8ge blodcirkulationen, reducere muskel\u00f8mhed og fremme restitutionen efter fysisk aktivitet. Den har et kompakt og b\u00e6rbart design, som g\u00f8r den nem at holde og bruge p\u00e5 forskellige dele af kroppen. Med et genopladeligt batteri og lav v\u00e6gt p\u00e5 [&hellip;]<\/p>\n","protected":false},"featured_media":999980000004480080,"template":"","meta":[],"store":[1272516],"product_brand":[1272531],"product_cat":[1272412],"product_tag":[1275189,1272807],"class_list":{"0":"post-448008","1":"product","2":"type-product","3":"status-publish","4":"has-post-thumbnail","6":"store-butik24","7":"product_brand-melissa","8":"product_cat-sundhed-og-velvaere","9":"product_tag-melissa","10":"product_tag-sundhed-og-velvaere","11":"pa_maerke-melissa","13":"first","14":"instock","15":"product-type-external"},"_links":{"self":[{"href":"https:\/\/www.pricetornado.com\/da\/wp-json\/wp\/v2\/product\/448008","targetHints":{"allow":["GET"]}}],"collection":[{"href":"https:\/\/www.pricetornado.com\/da\/wp-json\/wp\/v2\/product"}],"about":[{"href":"https:\/\/www.pricetornado.com\/da\/wp-json\/wp\/v2\/types\/product"}],"wp:featuredmedia":[{"embeddable":true,"href":"https:\/\/www.pricetornado.com\/da\/wp-json\/"}],"wp:attachment":[{"href":"https:\/\/www.pricetornado.com\/da\/wp-json\/wp\/v2\/media?parent=448008"}],"wp:term":[{"taxonomy":"store","embeddable":true,"href":"https:\/\/www.pricetornado.com\/da\/wp-json\/wp\/v2\/store?post=448008"},{"taxonomy":"product_brand","embeddable":true,"href":"https:\/\/www.pricetornado.com\/da\/wp-json\/wp\/v2\/product_brand?post=448008"},{"taxonomy":"product_cat","embeddable":true,"href":"https:\/\/www.pricetornado.com\/da\/wp-json\/wp\/v2\/product_cat?post=448008"},{"taxonomy":"product_tag","embeddable":true,"href":"https:\/\/www.pricetornado.com\/da\/wp-json\/wp\/v2\/product_tag?post=448008"}],"curies":[{"name":"wp","href":"https:\/\/api.w.org\/{rel}","templated":true}]}}