{"id":448005,"date":"2025-02-27T16:24:00","date_gmt":"2025-02-27T15:24:00","guid":{"rendered":"https:\/\/www.pricetornado.com\/da\/produkt\/lenco-baerbar-internetradio-med-dab-fm-bluetooth-cd-afspiller-og-stort-lcd-farvedisplay-sort-scd-6000bk\/"},"modified":"2026-03-11T02:42:18","modified_gmt":"2026-03-11T01:42:18","slug":"lenco-baerbar-internetradio-med-dab-fm-bluetooth-cd-afspiller-og-stort-lcd-farvedisplay-sort-scd-6000bk","status":"publish","type":"product","link":"https:\/\/www.pricetornado.com\/da\/produkt\/lenco-baerbar-internetradio-med-dab-fm-bluetooth-cd-afspiller-og-stort-lcd-farvedisplay-sort-scd-6000bk\/","title":{"rendered":"Lenco &#8211; B\u00e6rbar internetradio med DAB+\/FM, Bluetooth\u00ae, cd-afspiller og stort LCD-farvedisplay Sort &#8211; SCD-6000BK"},"content":{"rendered":"<p>K\u00f8b billig Lenco &#8211; B\u00e6rbar internetradio med DAB+\/FM, Bluetooth\u00ae, cd-afspiller og stort LCD-farvedisplay Sort &#8211; SCD-6000BK!<br \/>\nOplev alsidigheden i Lenco SCD-6000BK \u2013 en moderne og stilfuld b\u00e6rbar internetradio med DAB+\/FM, Bluetooth\u00ae og en indbygget cd-afspiller. Denne radio i sort design kombinerer den nyeste digitale teknologi med klassiske funktioner og giver adgang til b\u00e5de traditionel analog radio (FM), digital radio (DAB+) og tusindvis af internetradiostationer fra hele verden. Takket v\u00e6re det kompakte design, den robuste plastikkonstruktion p\u00e5 kun 1,14 kg og det integrerede b\u00e6reh\u00e5ndtag er radioen nem at transportere og perfekt til b\u00e5de hjemmet og p\u00e5 farten.Lenco SCD-6000BK byder p\u00e5 fyldig stereolyd med to indbyggede h\u00f8jttalere p\u00e5 hver 2 watt RMS, hvilket sikrer kraftig og afbalanceret lyd. En indbygget equalizer g\u00f8r det muligt at justere lyden efter egne pr\u00e6ferencer. Radioen underst\u00f8tter over 38.000 internetradiostationer, som kan v\u00e6lges efter land og genre, og modtager b\u00e5de DAB+ og FM-frekvenser uden interferens. Kombinationen af Wi-Fi (2,4 GHz og 5 GHz) sikrer digital modtagelse i h\u00f8j kvalitet.Stream din yndlingsmusik eller podcasts tr\u00e5dl\u00f8st via Bluetooth\u00ae fra smartphone, tablet eller andre kompatible enheder. Den indbyggede cd-afspiller med topindf\u00f8ring kan programmere op til 20 numre, s\u00e5 du kan nyde fysiske medier som supplement til digitale kilder.Et 2,4-tommer TFT LCD-farvedisplay med baggrundsbelysning i flere farver g\u00f8r det nemt at afl\u00e6se stationsnavne, menuer og sporoplysninger. On-Screen Display (OSD) underst\u00f8tter flere sprog, herunder dansk, engelsk, tysk, fransk og spansk. Displayet bidrager til en intuitiv og moderne brugeroplevelse.Internetradio: Modtagelse af over 38.000 stationer fra hele verdenM\u00e5l: 11,8 x 24 x 22,5 cm (h x b x d). Pakken indeholder Lenco SCD-6000BK, str\u00f8mkabel samt brugervejledning p\u00e5 flere sprog, herunder dansk. Bem\u00e6rk: Enheden indeholder ikke genopladelige batterier og er ikke vandt\u00e6t \u2013 den fokuserer p\u00e5 h\u00f8j brugervenlighed, robusthed og alsidig lydafspilning.F\u00e5 en komplet lydoplevelse med Lenco SCD-6000BK \u2013 ideel til b\u00e5de hjemmet og rejsen, og perfekt til dig, der \u00f8nsker b\u00e5de digital og klassisk lyd med et enkelt, brugervenligt design.<\/p>\n<p>Sammenlign priser p\u00e5 Lenco &#8211; B\u00e6rbar internetradio med DAB+\/FM, Bluetooth\u00ae, cd-afspiller og stort LCD-farvedisplay Sort &#8211; SCD-6000BK og k\u00f8b online til den billigste pris, samt p\u00e5 tilbud!\u00a0\u00a0Tjek den bedste pris, produkt beskrivelse, video, test, anmeldelser osv.<\/p>\n<p><strong>Brand: <\/strong>Lenco<br \/>\n<strong>EAN: <\/strong>8711902078272<br \/>\n<strong>Producentens varenr.:<\/strong> 8711902078272<\/p>\n<p><strong>P.S.<\/strong><br \/>\nTilmeld dig til &#8220;Opret Gratis Prisfald Alarm&#8221;, og bliv underrettet med det samme om prisfald p\u00e5 Lenco &#8211; B\u00e6rbar internetradio med DAB+\/FM, Bluetooth\u00ae, cd-afspiller og stort LCD-farvedisplay Sort &#8211; SCD-6000BK, og f\u00e5 den billigste pris!<\/p>\n<p>&nbsp;<\/p>\n<p>&nbsp;<\/p>\n","protected":false},"excerpt":{"rendered":"<p>K\u00f8b billig Lenco &#8211; B\u00e6rbar internetradio med DAB+\/FM, Bluetooth\u00ae, cd-afspiller og stort LCD-farvedisplay Sort &#8211; SCD-6000BK! Oplev alsidigheden i Lenco SCD-6000BK \u2013 en moderne og stilfuld b\u00e6rbar internetradio med DAB+\/FM, Bluetooth\u00ae og en indbygget cd-afspiller. Denne radio i sort design kombinerer den nyeste digitale teknologi med klassiske funktioner og giver adgang til b\u00e5de traditionel analog [&hellip;]<\/p>\n","protected":false},"featured_media":0,"template":"","meta":[],"store":[1272516],"product_brand":[1272526],"product_cat":[1272439],"product_tag":[1275188,1272694],"class_list":{"0":"post-448005","1":"product","2":"type-product","3":"status-publish","5":"store-butik24","6":"product_brand-lenco","7":"product_cat-radio-2","8":"product_tag-lenco","9":"product_tag-radio","10":"pa_maerke-lenco","12":"first","13":"instock","14":"product-type-external"},"_links":{"self":[{"href":"https:\/\/www.pricetornado.com\/da\/wp-json\/wp\/v2\/product\/448005","targetHints":{"allow":["GET"]}}],"collection":[{"href":"https:\/\/www.pricetornado.com\/da\/wp-json\/wp\/v2\/product"}],"about":[{"href":"https:\/\/www.pricetornado.com\/da\/wp-json\/wp\/v2\/types\/product"}],"wp:attachment":[{"href":"https:\/\/www.pricetornado.com\/da\/wp-json\/wp\/v2\/media?parent=448005"}],"wp:term":[{"taxonomy":"store","embeddable":true,"href":"https:\/\/www.pricetornado.com\/da\/wp-json\/wp\/v2\/store?post=448005"},{"taxonomy":"product_brand","embeddable":true,"href":"https:\/\/www.pricetornado.com\/da\/wp-json\/wp\/v2\/product_brand?post=448005"},{"taxonomy":"product_cat","embeddable":true,"href":"https:\/\/www.pricetornado.com\/da\/wp-json\/wp\/v2\/product_cat?post=448005"},{"taxonomy":"product_tag","embeddable":true,"href":"https:\/\/www.pricetornado.com\/da\/wp-json\/wp\/v2\/product_tag?post=448005"}],"curies":[{"name":"wp","href":"https:\/\/api.w.org\/{rel}","templated":true}]}}