{"id":448003,"date":"2025-02-25T00:59:36","date_gmt":"2025-02-24T23:59:36","guid":{"rendered":"https:\/\/www.pricetornado.com\/da\/produkt\/philips-hue-white-ambiance-filament-edison-st64-e27\/"},"modified":"2026-04-21T05:00:34","modified_gmt":"2026-04-21T03:00:34","slug":"philips-hue-white-ambiance-filament-edison-st64-e27","status":"publish","type":"product","link":"https:\/\/www.pricetornado.com\/da\/produkt\/philips-hue-white-ambiance-filament-edison-st64-e27\/","title":{"rendered":"Philips Hue White Ambiance Filament Edison ST64 E27"},"content":{"rendered":"<p>K\u00f8b billig Philips Hue White Ambiance Filament Edison ST64 E27!<br \/>\nPhilips Hue White Ambiance Filament Edison ST64 E27 kombinerer det klassiske vintage-look og en snoet indvendig filament med smart LED-teknologi. F\u00e5 fleksibiliteten til at indstille lyset fra varmt hvidt til k\u00f8ligt hvidt og nyd den dekorative effekt i ethvert rum. Denne intelligente p\u00e6re er ideel for dig, der \u00f8nsker b\u00e5de atmosf\u00e6re og smart funktionalitet i dit hjem.Du kan nemt kontrollere lyset via Hue appen, stemmekommandoer eller med Hue tilbeh\u00f8r. T\u00e6nd, sluk og d\u00e6mp lyset, opret rutiner, timere og tilpas scener \u2013 alt sammen hurtigt og intuitivt. Med integrationen i Philips Hue \u00f8kosystemet er intelligent styring lige ved h\u00e5nden, uanset hvilke pr\u00e6ferencer du har. Tilpas lysstyrken efter stemning og behov. Indstil lyset fra 2200K (varmt hvidt) til 4500K (k\u00f8ligt hvidt). Fungerer med Bluetooth og Zigbee \u2013 nem integration med Philips Hue appen og stemmeassistenter. Giver 100 % lys med det samme. Op til 15.000 timers br\u00e6ndetid sikrer minimal udskiftning. Kun 7 watt str\u00f8mforbrug \u2013 et effektivt alternativ til traditionelle gl\u00f8dep\u00e6rer. Driftsikker fra -10\u00b0C til 45\u00b0C og ved luftfugtighed p\u00e5 5-95 % (ikke-kondenserende). Altid moderne med opdateringer via Bluetooth app eller Hue Bridge.F\u00e5 stemningsfuld og energivenlig belysning med Philips Hue White Ambiance Filament Edison. Oplev lang holdbarhed og smuk vintage-stil, som opgraderer indretningen og g\u00f8r det endnu nemmere at skabe den rette atmosf\u00e6re. Uanset om du \u00f8nsker hyggebelysning eller skarpt arbejdslys, kan denne intelligente p\u00e6re det hele. produkter og find den perfekte l\u00f8sning til enhver situation i dit smarte hjem.<\/p>\n<p>Sammenlign priser p\u00e5 Philips Hue White Ambiance Filament Edison ST64 E27 og k\u00f8b online til den billigste pris, samt p\u00e5 tilbud!\u00a0\u00a0Tjek den bedste pris, produkt beskrivelse, video, test, anmeldelser osv.<\/p>\n<p><strong>Brand: <\/strong>Philips Hue<br \/>\n<strong>EAN: <\/strong>8719514301467<br \/>\n<strong>Producentens varenr.:<\/strong> 8719514301467<\/p>\n<p><strong>P.S.<\/strong><br \/>\nTilmeld dig til &#8220;Opret Gratis Prisfald Alarm&#8221;, og bliv underrettet med det samme om prisfald p\u00e5 Philips Hue White Ambiance Filament Edison ST64 E27, og f\u00e5 den billigste pris!<\/p>\n<p>&nbsp;<\/p>\n<p>&nbsp;<\/p>\n","protected":false},"excerpt":{"rendered":"<p>K\u00f8b billig Philips Hue White Ambiance Filament Edison ST64 E27! Philips Hue White Ambiance Filament Edison ST64 E27 kombinerer det klassiske vintage-look og en snoet indvendig filament med smart LED-teknologi. F\u00e5 fleksibiliteten til at indstille lyset fra varmt hvidt til k\u00f8ligt hvidt og nyd den dekorative effekt i ethvert rum. Denne intelligente p\u00e6re er ideel [&hellip;]<\/p>\n","protected":false},"featured_media":999980000004480030,"template":"","meta":[],"store":[1272516],"product_brand":[1272523],"product_cat":[1272407],"product_tag":[1272697,1272767],"class_list":{"0":"post-448003","1":"product","2":"type-product","3":"status-publish","4":"has-post-thumbnail","6":"store-butik24","7":"product_brand-philips-hue","8":"product_cat-belysning-2","9":"product_tag-belysning","10":"product_tag-philips-hue","11":"pa_maerke-philips-hue","13":"first","14":"instock","15":"product-type-external"},"_links":{"self":[{"href":"https:\/\/www.pricetornado.com\/da\/wp-json\/wp\/v2\/product\/448003","targetHints":{"allow":["GET"]}}],"collection":[{"href":"https:\/\/www.pricetornado.com\/da\/wp-json\/wp\/v2\/product"}],"about":[{"href":"https:\/\/www.pricetornado.com\/da\/wp-json\/wp\/v2\/types\/product"}],"wp:featuredmedia":[{"embeddable":true,"href":"https:\/\/www.pricetornado.com\/da\/wp-json\/"}],"wp:attachment":[{"href":"https:\/\/www.pricetornado.com\/da\/wp-json\/wp\/v2\/media?parent=448003"}],"wp:term":[{"taxonomy":"store","embeddable":true,"href":"https:\/\/www.pricetornado.com\/da\/wp-json\/wp\/v2\/store?post=448003"},{"taxonomy":"product_brand","embeddable":true,"href":"https:\/\/www.pricetornado.com\/da\/wp-json\/wp\/v2\/product_brand?post=448003"},{"taxonomy":"product_cat","embeddable":true,"href":"https:\/\/www.pricetornado.com\/da\/wp-json\/wp\/v2\/product_cat?post=448003"},{"taxonomy":"product_tag","embeddable":true,"href":"https:\/\/www.pricetornado.com\/da\/wp-json\/wp\/v2\/product_tag?post=448003"}],"curies":[{"name":"wp","href":"https:\/\/api.w.org\/{rel}","templated":true}]}}