{"id":448001,"date":"2025-02-20T08:32:37","date_gmt":"2025-02-20T07:32:37","guid":{"rendered":"https:\/\/www.pricetornado.com\/da\/produkt\/philips-taa5608bk-00-traadloese-open-ear-sportshovedtelefoner\/"},"modified":"2026-04-19T05:40:21","modified_gmt":"2026-04-19T03:40:21","slug":"philips-taa5608bk-00-traadloese-open-ear-sportshovedtelefoner","status":"publish","type":"product","link":"https:\/\/www.pricetornado.com\/da\/produkt\/philips-taa5608bk-00-traadloese-open-ear-sportshovedtelefoner\/","title":{"rendered":"Philips TAA5608BK\/00 Tr\u00e5dl\u00f8se open-ear-sportshovedtelefoner"},"content":{"rendered":"<p>K\u00f8b billig Philips TAA5608BK\/00 Tr\u00e5dl\u00f8se open-ear-sportshovedtelefoner!<br \/>\nOplev friheden ved lyd, der aldrig sp\u00e6rrer dig inde. Philips tr\u00e5dl\u00f8se open-ear sportshovedtelefoner er designet til at sidde sikkert og komfortabelt, selv under intens bev\u00e6gelse. Med bone conduction-teknologi f\u00e5r du musik og opkald leveret via kranieknoglerne, s\u00e5 dine \u00f8rer forbliver frie til at opfatte omgivelserne\u2014perfekt til l\u00f8b, cykling eller daglig tr\u00e6ning.De ultralette hovedtelefoner har en robust nakkeb\u00f8jle og fleksible \u00f8rekroge, der s\u00f8rger for komfort og stabilitet, uanset hvordan du bev\u00e6ger dig. Materialevalget sikrer b\u00e5de holdbarhed og komfort til lange tr\u00e6ningspas. Hovedtelefonerne falder ikke af, s\u00e5 du kan fokusere p\u00e5 din rytme.Bluetooth 5.3 med A2DP, AVRCP og HFP for stabil forbindelse og hurtig betjeningMed op til 6 timers spilletid er hovedtelefonerne klar til lange tr\u00e6ninger eller pendling. En hurtig 15-minutters opladning giver en time ekstra brugstid. Det medf\u00f8lgende etui giver ekstra beskyttelse, n\u00e5r hovedtelefonerne ikke er i brug.Med Philips Headphones-app&apos;en kan du justere lydindstillinger og styre LED-sikkerhedslyset, s\u00e5 du f\u00e5r en personlig og optimal oplevelse \u2013 altid tilpasset dine behov. og opgrader din aktive hverdag med avancerede lydprodukter.<\/p>\n<p>Sammenlign priser p\u00e5 Philips TAA5608BK\/00 Tr\u00e5dl\u00f8se open-ear-sportshovedtelefoner og k\u00f8b online til den billigste pris, samt p\u00e5 tilbud!\u00a0\u00a0Tjek den bedste pris, produkt beskrivelse, video, test, anmeldelser osv.<\/p>\n<p><strong>Brand: <\/strong>Philips<br \/>\n<strong>EAN: <\/strong>4895229131484<br \/>\n<strong>Producentens varenr.:<\/strong> 4895229131484<\/p>\n<p><strong>P.S.<\/strong><br \/>\nTilmeld dig til &#8220;Opret Gratis Prisfald Alarm&#8221;, og bliv underrettet med det samme om prisfald p\u00e5 Philips TAA5608BK\/00 Tr\u00e5dl\u00f8se open-ear-sportshovedtelefoner, og f\u00e5 den billigste pris!<\/p>\n<p>&nbsp;<\/p>\n<p>&nbsp;<\/p>\n","protected":false},"excerpt":{"rendered":"<p>K\u00f8b billig Philips TAA5608BK\/00 Tr\u00e5dl\u00f8se open-ear-sportshovedtelefoner! Oplev friheden ved lyd, der aldrig sp\u00e6rrer dig inde. Philips tr\u00e5dl\u00f8se open-ear sportshovedtelefoner er designet til at sidde sikkert og komfortabelt, selv under intens bev\u00e6gelse. Med bone conduction-teknologi f\u00e5r du musik og opkald leveret via kranieknoglerne, s\u00e5 dine \u00f8rer forbliver frie til at opfatte omgivelserne\u2014perfekt til l\u00f8b, cykling eller [&hellip;]<\/p>\n","protected":false},"featured_media":999980000004480010,"template":"","meta":[],"store":[1272516],"product_brand":[1272519],"product_cat":[1272434],"product_tag":[1272843,1275180],"class_list":{"0":"post-448001","1":"product","2":"type-product","3":"status-publish","4":"has-post-thumbnail","6":"store-butik24","7":"product_brand-philips","8":"product_cat-hovedtelefoner","9":"product_tag-hovedtelefoner","10":"product_tag-philips","11":"pa_maerke-philips","13":"first","14":"instock","15":"product-type-external"},"_links":{"self":[{"href":"https:\/\/www.pricetornado.com\/da\/wp-json\/wp\/v2\/product\/448001","targetHints":{"allow":["GET"]}}],"collection":[{"href":"https:\/\/www.pricetornado.com\/da\/wp-json\/wp\/v2\/product"}],"about":[{"href":"https:\/\/www.pricetornado.com\/da\/wp-json\/wp\/v2\/types\/product"}],"wp:featuredmedia":[{"embeddable":true,"href":"https:\/\/www.pricetornado.com\/da\/wp-json\/"}],"wp:attachment":[{"href":"https:\/\/www.pricetornado.com\/da\/wp-json\/wp\/v2\/media?parent=448001"}],"wp:term":[{"taxonomy":"store","embeddable":true,"href":"https:\/\/www.pricetornado.com\/da\/wp-json\/wp\/v2\/store?post=448001"},{"taxonomy":"product_brand","embeddable":true,"href":"https:\/\/www.pricetornado.com\/da\/wp-json\/wp\/v2\/product_brand?post=448001"},{"taxonomy":"product_cat","embeddable":true,"href":"https:\/\/www.pricetornado.com\/da\/wp-json\/wp\/v2\/product_cat?post=448001"},{"taxonomy":"product_tag","embeddable":true,"href":"https:\/\/www.pricetornado.com\/da\/wp-json\/wp\/v2\/product_tag?post=448001"}],"curies":[{"name":"wp","href":"https:\/\/api.w.org\/{rel}","templated":true}]}}