{"id":448000,"date":"2025-02-24T11:28:37","date_gmt":"2025-02-24T10:28:37","guid":{"rendered":"https:\/\/www.pricetornado.com\/da\/produkt\/nedis-elektrisk-bbq-starter-800-w-bbqs110\/"},"modified":"2026-04-20T02:50:26","modified_gmt":"2026-04-20T00:50:26","slug":"nedis-elektrisk-bbq-starter-800-w-bbqs110","status":"publish","type":"product","link":"https:\/\/www.pricetornado.com\/da\/produkt\/nedis-elektrisk-bbq-starter-800-w-bbqs110\/","title":{"rendered":"Nedis &#8211; Elektrisk BBQ Starter | 800 W &#8211; BBQS110"},"content":{"rendered":"<p>K\u00f8b billig Nedis &#8211; Elektrisk BBQ Starter | 800 W &#8211; BBQS110!<br \/>\nMed denne elektriske grillstarter slipper du for besv\u00e6ret med t\u00e6ndstikker og opt\u00e6ndingsblokke \u2013 tilslut blot grillstarteren til str\u00f8m, placer varmeelementet i kullene, og lad de 800 watt klare arbejdet. Imens varmeelementet hurtigt varmer kullene op, kan du slappe af og hygge dig med dine g\u00e6ster. Grillstarteren er ideel til enhver grilltype og giver en hurtig, sikker og lugtfri opt\u00e6nding.Grillstarteren er fremstillet af metal, hvilket g\u00f8r den ekstra slidst\u00e6rk og velegnet til udend\u00f8rs brug. En stor varmeflade sikrer effektiv opvarmning af kullene, mens det 1,5 meter lange str\u00f8mkabel giver dig fleksibilitet og frihed ved grillomr\u00e5det. Efter brug kan du nemt opbevare grillstarteren sikkert p\u00e5 den medf\u00f8lgende stand eller montere den p\u00e5 v\u00e6ggen for ekstra bekvemmelighed.Uden brug af \u00e5ben ild eller kemiske opt\u00e6ndingsmidler g\u00f8r denne elektriske grillstarter grillopt\u00e6ndingen nem, sikker og komfortabel. Flammefri teknologi minimerer r\u00f8g og kemiske lugte, s\u00e5 du f\u00e5r en renere grilloplevelse og reducerer risikoen for ulykker.G\u00f8r starten p\u00e5 grillfesten lettere med denne praktiske, elektriske grillstarter i metal \u2013 den perfekte l\u00f8sning til effektiv og ukompliceret opt\u00e6nding hver gang.<\/p>\n<p>Sammenlign priser p\u00e5 Nedis &#8211; Elektrisk BBQ Starter | 800 W &#8211; BBQS110 og k\u00f8b online til den billigste pris, samt p\u00e5 tilbud!\u00a0\u00a0Tjek den bedste pris, produkt beskrivelse, video, test, anmeldelser osv.<\/p>\n<p><strong>Brand: <\/strong>Nedis<br \/>\n<strong>EAN: <\/strong>5412810306138<br \/>\n<strong>Producentens varenr.:<\/strong> 5412810306138<\/p>\n<p><strong>P.S.<\/strong><br \/>\nTilmeld dig til &#8220;Opret Gratis Prisfald Alarm&#8221;, og bliv underrettet med det samme om prisfald p\u00e5 Nedis &#8211; Elektrisk BBQ Starter | 800 W &#8211; BBQS110, og f\u00e5 den billigste pris!<\/p>\n<p>&nbsp;<\/p>\n<p>&nbsp;<\/p>\n","protected":false},"excerpt":{"rendered":"<p>K\u00f8b billig Nedis &#8211; Elektrisk BBQ Starter | 800 W &#8211; BBQS110! Med denne elektriske grillstarter slipper du for besv\u00e6ret med t\u00e6ndstikker og opt\u00e6ndingsblokke \u2013 tilslut blot grillstarteren til str\u00f8m, placer varmeelementet i kullene, og lad de 800 watt klare arbejdet. Imens varmeelementet hurtigt varmer kullene op, kan du slappe af og hygge dig med [&hellip;]<\/p>\n","protected":false},"featured_media":999980000004480000,"template":"","meta":[],"store":[1272516],"product_brand":[1272517],"product_cat":[1272509],"product_tag":[1274350,1275178],"class_list":{"0":"post-448000","1":"product","2":"type-product","3":"status-publish","4":"has-post-thumbnail","6":"store-butik24","7":"product_brand-nedis","8":"product_cat-bbq","9":"product_tag-bbq","10":"product_tag-nedis","11":"pa_maerke-nedis","13":"first","14":"instock","15":"product-type-external"},"_links":{"self":[{"href":"https:\/\/www.pricetornado.com\/da\/wp-json\/wp\/v2\/product\/448000","targetHints":{"allow":["GET"]}}],"collection":[{"href":"https:\/\/www.pricetornado.com\/da\/wp-json\/wp\/v2\/product"}],"about":[{"href":"https:\/\/www.pricetornado.com\/da\/wp-json\/wp\/v2\/types\/product"}],"wp:featuredmedia":[{"embeddable":true,"href":"https:\/\/www.pricetornado.com\/da\/wp-json\/"}],"wp:attachment":[{"href":"https:\/\/www.pricetornado.com\/da\/wp-json\/wp\/v2\/media?parent=448000"}],"wp:term":[{"taxonomy":"store","embeddable":true,"href":"https:\/\/www.pricetornado.com\/da\/wp-json\/wp\/v2\/store?post=448000"},{"taxonomy":"product_brand","embeddable":true,"href":"https:\/\/www.pricetornado.com\/da\/wp-json\/wp\/v2\/product_brand?post=448000"},{"taxonomy":"product_cat","embeddable":true,"href":"https:\/\/www.pricetornado.com\/da\/wp-json\/wp\/v2\/product_cat?post=448000"},{"taxonomy":"product_tag","embeddable":true,"href":"https:\/\/www.pricetornado.com\/da\/wp-json\/wp\/v2\/product_tag?post=448000"}],"curies":[{"name":"wp","href":"https:\/\/api.w.org\/{rel}","templated":true}]}}