{"id":447999,"date":"2025-02-23T15:56:08","date_gmt":"2025-02-23T14:56:08","guid":{"rendered":"https:\/\/www.pricetornado.com\/da\/produkt\/nedis-stable-saet-til-vaskemaskine-og-toerretumbler-universal-udtraekshylde-20-620-mm-hvid-wask130wt\/"},"modified":"2026-04-17T06:39:59","modified_gmt":"2026-04-17T04:39:59","slug":"nedis-stable-saet-til-vaskemaskine-og-toerretumbler-universal-udtraekshylde-20-620-mm-hvid-wask130wt","status":"publish","type":"product","link":"https:\/\/www.pricetornado.com\/da\/produkt\/nedis-stable-saet-til-vaskemaskine-og-toerretumbler-universal-udtraekshylde-20-620-mm-hvid-wask130wt\/","title":{"rendered":"Nedis &#8211; Stable S\u00e6t til Vaskemaskine og T\u00f8rretumbler | Universal | Udtr\u00e6kshylde | 20 | 620 mm | Hvid &#8211; WASK130WT"},"content":{"rendered":"<p>K\u00f8b billig Nedis &#8211; Stable S\u00e6t til Vaskemaskine og T\u00f8rretumbler | Universal | Udtr\u00e6kshylde | 20 | 620 mm | Hvid &#8211; WASK130WT!<br \/>\nHvis pladsen er trang i dit k\u00f8kken eller bryggers, er dette praktiske stables\u00e6t den ideelle l\u00f8sning. Med det universelle stables\u00e6t kan du sikkert stable t\u00f8rretumbleren oven p\u00e5 vaskemaskinen og udnytte pladsen optimalt. Den ekstra brede profil g\u00f8r s\u00e6ttet velegnet til de fleste t\u00f8rretumblere, inklusive varmepumpet\u00f8rretumblere.Stables\u00e6ttet er fremstillet af en solid kombination af metal og tr\u00e6, hvilket giver en stabil og holdbar struktur. Materialerne sikrer \u00f8get holdbarhed og stabilitet, s\u00e5 du trygt kan stakke dine hvidevarer uden at g\u00e5 p\u00e5 kompromis med sikkerheden.Det universelle design passer til en bred vifte af vaskemaskiner og t\u00f8rretumblere. Med en bredde p\u00e5 cirka 60 cm er s\u00e6ttet velegnet til standardapparater, hvilket sikrer et sikkert og stabilt fit. S\u00e6ttet har desuden en integreret udtr\u00e6kshylde, som g\u00f8r det let at f\u00e5 adgang til vaskemidler eller betjene dine maskiner, selv n\u00e5r de er stablet.Ekstra bred profil \u2013 velegnet til de fleste modeller, inkl. varmepumpet\u00f8rretumblereCa. 60 cm bredde \u2013 passer til de fleste standardapparaterMed dette stables\u00e6t fra Nedis f\u00e5r du en sikker, fleksibel og pladsbesparende l\u00f8sning til hjemmet. Find flere smarte opbevarings- og organiseringsprodukter fra hos Butik24.<\/p>\n<p>Sammenlign priser p\u00e5 Nedis &#8211; Stable S\u00e6t til Vaskemaskine og T\u00f8rretumbler | Universal | Udtr\u00e6kshylde | 20 | 620 mm | Hvid &#8211; WASK130WT og k\u00f8b online til den billigste pris, samt p\u00e5 tilbud!\u00a0\u00a0Tjek den bedste pris, produkt beskrivelse, video, test, anmeldelser osv.<\/p>\n<p><strong>Brand: <\/strong>Nedis<br \/>\n<strong>EAN: <\/strong>5412810302130<br \/>\n<strong>Producentens varenr.:<\/strong> 5412810302130<\/p>\n<p><strong>P.S.<\/strong><br \/>\nTilmeld dig til &#8220;Opret Gratis Prisfald Alarm&#8221;, og bliv underrettet med det samme om prisfald p\u00e5 Nedis &#8211; Stable S\u00e6t til Vaskemaskine og T\u00f8rretumbler | Universal | Udtr\u00e6kshylde | 20 | 620 mm | Hvid &#8211; WASK130WT, og f\u00e5 den billigste pris!<\/p>\n<p>&nbsp;<\/p>\n<p>&nbsp;<\/p>\n","protected":false},"excerpt":{"rendered":"<p>K\u00f8b billig Nedis &#8211; Stable S\u00e6t til Vaskemaskine og T\u00f8rretumbler | Universal | Udtr\u00e6kshylde | 20 | 620 mm | Hvid &#8211; WASK130WT! Hvis pladsen er trang i dit k\u00f8kken eller bryggers, er dette praktiske stables\u00e6t den ideelle l\u00f8sning. Med det universelle stables\u00e6t kan du sikkert stable t\u00f8rretumbleren oven p\u00e5 vaskemaskinen og udnytte pladsen optimalt. [&hellip;]<\/p>\n","protected":false},"featured_media":999980000004479990,"template":"","meta":[],"store":[1272516],"product_brand":[1272517],"product_cat":[1272508],"product_tag":[1272837,1275178],"class_list":{"0":"post-447999","1":"product","2":"type-product","3":"status-publish","4":"has-post-thumbnail","6":"store-butik24","7":"product_brand-nedis","8":"product_cat-husholdningsapparater","9":"product_tag-husholdningsapparater","10":"product_tag-nedis","11":"pa_maerke-nedis","13":"first","14":"instock","15":"product-type-external"},"_links":{"self":[{"href":"https:\/\/www.pricetornado.com\/da\/wp-json\/wp\/v2\/product\/447999","targetHints":{"allow":["GET"]}}],"collection":[{"href":"https:\/\/www.pricetornado.com\/da\/wp-json\/wp\/v2\/product"}],"about":[{"href":"https:\/\/www.pricetornado.com\/da\/wp-json\/wp\/v2\/types\/product"}],"wp:featuredmedia":[{"embeddable":true,"href":"https:\/\/www.pricetornado.com\/da\/wp-json\/"}],"wp:attachment":[{"href":"https:\/\/www.pricetornado.com\/da\/wp-json\/wp\/v2\/media?parent=447999"}],"wp:term":[{"taxonomy":"store","embeddable":true,"href":"https:\/\/www.pricetornado.com\/da\/wp-json\/wp\/v2\/store?post=447999"},{"taxonomy":"product_brand","embeddable":true,"href":"https:\/\/www.pricetornado.com\/da\/wp-json\/wp\/v2\/product_brand?post=447999"},{"taxonomy":"product_cat","embeddable":true,"href":"https:\/\/www.pricetornado.com\/da\/wp-json\/wp\/v2\/product_cat?post=447999"},{"taxonomy":"product_tag","embeddable":true,"href":"https:\/\/www.pricetornado.com\/da\/wp-json\/wp\/v2\/product_tag?post=447999"}],"curies":[{"name":"wp","href":"https:\/\/api.w.org\/{rel}","templated":true}]}}