{"id":447996,"date":"2025-02-26T22:37:08","date_gmt":"2025-02-26T21:37:08","guid":{"rendered":"https:\/\/www.pricetornado.com\/da\/produkt\/nedis-nylon-indloebsslange-1-2-3-4-10-bar-90-c-2-50-m-ansoegning-tallerken-vaskemaskine-nylon-hvid-roed-waih3412sh1n25\/"},"modified":"2026-04-18T02:40:08","modified_gmt":"2026-04-18T00:40:08","slug":"nedis-nylon-indloebsslange-1-2-3-4-10-bar-90-c-2-50-m-ansoegning-tallerken-vaskemaskine-nylon-hvid-roed-waih3412sh1n25","status":"publish","type":"product","link":"https:\/\/www.pricetornado.com\/da\/produkt\/nedis-nylon-indloebsslange-1-2-3-4-10-bar-90-c-2-50-m-ansoegning-tallerken-vaskemaskine-nylon-hvid-roed-waih3412sh1n25\/","title":{"rendered":"Nedis &#8211; Nylon Indl\u00f8bsslange | 1\/2&apos;&apos; | 3\/4&apos;&apos; | 10 Bar | 90 \u00b0C | 2.50 m | Ans\u00f8gning: Tallerken \/ Vaskemaskine | Nylon | Hvid \/ R\u00f8d &#8211; WAIH3412SH1N25"},"content":{"rendered":"<p>K\u00f8b billig Nedis &#8211; Nylon Indl\u00f8bsslange | 1\/2&apos;&apos; | 3\/4&apos;&apos; | 10 Bar | 90 \u00b0C | 2.50 m | Ans\u00f8gning: Tallerken \/ Vaskemaskine | Nylon | Hvid \/ R\u00f8d &#8211; WAIH3412SH1N25!<br \/>\nDenne indl\u00f8bsslange i nylon er et ideelt valg til nem tilslutning af opvaskemaskiner og vaskemaskiner til din vandforsyning. Nylonmaterialet sikrer fremragende fleksibilitet, s\u00e5 slangen er b\u00e5de let at h\u00e5ndtere og nem at montere \u2013 selv i trange installationer.Indl\u00f8bsslangen har en \u00bd\u201d lige tilslutning i den ene ende og en \u00be\u201d vinklet (kroget) tilslutning i den anden. Disse koblinger g\u00f8r det let og sikkert at tilslutte slangen til b\u00e5de opvaskemaskine og vaskemaskine.Nylonet giver b\u00e5de fleksibilitet og holdbarhed samt modstandsdygtighed over for almindelige temperaturer og vandtryk i hjemmet. Den lette konstruktion g\u00f8r installationen enkel og bekvem \u2013 uanset om du udskifter eller installerer fra nyt. til smarte og langtidsholdbare l\u00f8sninger i hjemmet.<\/p>\n<p>Sammenlign priser p\u00e5 Nedis &#8211; Nylon Indl\u00f8bsslange | 1\/2&apos;&apos; | 3\/4&apos;&apos; | 10 Bar | 90 \u00b0C | 2.50 m | Ans\u00f8gning: Tallerken \/ Vaskemaskine | Nylon | Hvid \/ R\u00f8d &#8211; WAIH3412SH1N25 og k\u00f8b online til den billigste pris, samt p\u00e5 tilbud!\u00a0\u00a0Tjek den bedste pris, produkt beskrivelse, video, test, anmeldelser osv.<\/p>\n<p><strong>Brand: <\/strong>Nedis<br \/>\n<strong>EAN: <\/strong>5412810301089<br \/>\n<strong>Producentens varenr.:<\/strong> 5412810301089<\/p>\n<p><strong>P.S.<\/strong><br \/>\nTilmeld dig til &#8220;Opret Gratis Prisfald Alarm&#8221;, og bliv underrettet med det samme om prisfald p\u00e5 Nedis &#8211; Nylon Indl\u00f8bsslange | 1\/2&apos;&apos; | 3\/4&apos;&apos; | 10 Bar | 90 \u00b0C | 2.50 m | Ans\u00f8gning: Tallerken \/ Vaskemaskine | Nylon | Hvid \/ R\u00f8d &#8211; WAIH3412SH1N25, og f\u00e5 den billigste pris!<\/p>\n<p>&nbsp;<\/p>\n<p>&nbsp;<\/p>\n","protected":false},"excerpt":{"rendered":"<p>K\u00f8b billig Nedis &#8211; Nylon Indl\u00f8bsslange | 1\/2&apos;&apos; | 3\/4&apos;&apos; | 10 Bar | 90 \u00b0C | 2.50 m | Ans\u00f8gning: Tallerken \/ Vaskemaskine | Nylon | Hvid \/ R\u00f8d &#8211; WAIH3412SH1N25! Denne indl\u00f8bsslange i nylon er et ideelt valg til nem tilslutning af opvaskemaskiner og vaskemaskiner til din vandforsyning. Nylonmaterialet sikrer fremragende fleksibilitet, s\u00e5 [&hellip;]<\/p>\n","protected":false},"featured_media":999980000004479960,"template":"","meta":[],"store":[1272516],"product_brand":[1272517],"product_cat":[1272508],"product_tag":[1272837,1275178],"class_list":{"0":"post-447996","1":"product","2":"type-product","3":"status-publish","4":"has-post-thumbnail","6":"store-butik24","7":"product_brand-nedis","8":"product_cat-husholdningsapparater","9":"product_tag-husholdningsapparater","10":"product_tag-nedis","11":"pa_maerke-nedis","13":"first","14":"instock","15":"product-type-external"},"_links":{"self":[{"href":"https:\/\/www.pricetornado.com\/da\/wp-json\/wp\/v2\/product\/447996","targetHints":{"allow":["GET"]}}],"collection":[{"href":"https:\/\/www.pricetornado.com\/da\/wp-json\/wp\/v2\/product"}],"about":[{"href":"https:\/\/www.pricetornado.com\/da\/wp-json\/wp\/v2\/types\/product"}],"wp:featuredmedia":[{"embeddable":true,"href":"https:\/\/www.pricetornado.com\/da\/wp-json\/"}],"wp:attachment":[{"href":"https:\/\/www.pricetornado.com\/da\/wp-json\/wp\/v2\/media?parent=447996"}],"wp:term":[{"taxonomy":"store","embeddable":true,"href":"https:\/\/www.pricetornado.com\/da\/wp-json\/wp\/v2\/store?post=447996"},{"taxonomy":"product_brand","embeddable":true,"href":"https:\/\/www.pricetornado.com\/da\/wp-json\/wp\/v2\/product_brand?post=447996"},{"taxonomy":"product_cat","embeddable":true,"href":"https:\/\/www.pricetornado.com\/da\/wp-json\/wp\/v2\/product_cat?post=447996"},{"taxonomy":"product_tag","embeddable":true,"href":"https:\/\/www.pricetornado.com\/da\/wp-json\/wp\/v2\/product_tag?post=447996"}],"curies":[{"name":"wp","href":"https:\/\/api.w.org\/{rel}","templated":true}]}}