{"id":447995,"date":"2025-02-22T15:41:22","date_gmt":"2025-02-22T14:41:22","guid":{"rendered":"https:\/\/www.pricetornado.com\/da\/produkt\/nedis-nylon-indloebsslange-1-2-3-4-10-bar-90-c-2-00-m-ansoegning-tallerken-vaskemaskine-nylon-hvid-roed-waih3412sh1n20\/"},"modified":"2026-04-29T05:40:35","modified_gmt":"2026-04-29T03:40:35","slug":"nedis-nylon-indloebsslange-1-2-3-4-10-bar-90-c-2-00-m-ansoegning-tallerken-vaskemaskine-nylon-hvid-roed-waih3412sh1n20","status":"publish","type":"product","link":"https:\/\/www.pricetornado.com\/da\/produkt\/nedis-nylon-indloebsslange-1-2-3-4-10-bar-90-c-2-00-m-ansoegning-tallerken-vaskemaskine-nylon-hvid-roed-waih3412sh1n20\/","title":{"rendered":"Nedis &#8211; Nylon Indl\u00f8bsslange | 1\/2&apos;&apos; | 3\/4&apos;&apos; | 10 Bar | 90 \u00b0C | 2.00 m | Ans\u00f8gning: Tallerken \/ Vaskemaskine | Nylon | Hvid \/ R\u00f8d &#8211; WAIH3412SH1N20"},"content":{"rendered":"<p>K\u00f8b billig Nedis &#8211; Nylon Indl\u00f8bsslange | 1\/2&apos;&apos; | 3\/4&apos;&apos; | 10 Bar | 90 \u00b0C | 2.00 m | Ans\u00f8gning: Tallerken \/ Vaskemaskine | Nylon | Hvid \/ R\u00f8d &#8211; WAIH3412SH1N20!<br \/>\nDenne h\u00f8jkvalitets indl\u00f8bsslange i nylon er ideel til b\u00e5de opvaskemaskiner og vaskemaskiner. Nylonmaterialet er valgt for dets fleksibilitet og holdbarhed, hvilket g\u00f8r slangen nem at tilslutte og sikrer, at den bevarer sin styrke under tryk. Den robuste konstruktion g\u00f8r, at slangen er modstandsdygtig over for slid samt deformation ved h\u00f8je temperaturer og tryk.Med denne nylon indl\u00f8bsslange f\u00e5r du en holdbar, fleksibel og sikker l\u00f8sning til tilslutning af b\u00e5de opvaskemaskiner og vaskemaskiner. Den h\u00f8je tryk- og temperaturbestandighed sikrer p\u00e5lidelig drift selv under kr\u00e6vende forhold. Slangen er nem at montere, hvilket g\u00f8r installationen hurtig og problemfri.Opgrader dine hvidevarer med denne slidst\u00e6rke og effektive indl\u00f8bsslange i nylon, og f\u00e5 en p\u00e5lidelig l\u00f8sning, der holder.<\/p>\n<p>Sammenlign priser p\u00e5 Nedis &#8211; Nylon Indl\u00f8bsslange | 1\/2&apos;&apos; | 3\/4&apos;&apos; | 10 Bar | 90 \u00b0C | 2.00 m | Ans\u00f8gning: Tallerken \/ Vaskemaskine | Nylon | Hvid \/ R\u00f8d &#8211; WAIH3412SH1N20 og k\u00f8b online til den billigste pris, samt p\u00e5 tilbud!\u00a0\u00a0Tjek den bedste pris, produkt beskrivelse, video, test, anmeldelser osv.<\/p>\n<p><strong>Brand: <\/strong>Nedis<br \/>\n<strong>EAN: <\/strong>5412810301072<br \/>\n<strong>Producentens varenr.:<\/strong> 5412810301072<\/p>\n<p><strong>P.S.<\/strong><br \/>\nTilmeld dig til &#8220;Opret Gratis Prisfald Alarm&#8221;, og bliv underrettet med det samme om prisfald p\u00e5 Nedis &#8211; Nylon Indl\u00f8bsslange | 1\/2&apos;&apos; | 3\/4&apos;&apos; | 10 Bar | 90 \u00b0C | 2.00 m | Ans\u00f8gning: Tallerken \/ Vaskemaskine | Nylon | Hvid \/ R\u00f8d &#8211; WAIH3412SH1N20, og f\u00e5 den billigste pris!<\/p>\n<p>&nbsp;<\/p>\n<p>&nbsp;<\/p>\n","protected":false},"excerpt":{"rendered":"<p>K\u00f8b billig Nedis &#8211; Nylon Indl\u00f8bsslange | 1\/2&apos;&apos; | 3\/4&apos;&apos; | 10 Bar | 90 \u00b0C | 2.00 m | Ans\u00f8gning: Tallerken \/ Vaskemaskine | Nylon | Hvid \/ R\u00f8d &#8211; WAIH3412SH1N20! Denne h\u00f8jkvalitets indl\u00f8bsslange i nylon er ideel til b\u00e5de opvaskemaskiner og vaskemaskiner. Nylonmaterialet er valgt for dets fleksibilitet og holdbarhed, hvilket g\u00f8r slangen [&hellip;]<\/p>\n","protected":false},"featured_media":999980000004479950,"template":"","meta":[],"store":[1272516],"product_brand":[1272517],"product_cat":[1272508],"product_tag":[1272837,1275178],"class_list":{"0":"post-447995","1":"product","2":"type-product","3":"status-publish","4":"has-post-thumbnail","6":"store-butik24","7":"product_brand-nedis","8":"product_cat-husholdningsapparater","9":"product_tag-husholdningsapparater","10":"product_tag-nedis","11":"pa_maerke-nedis","13":"first","14":"instock","15":"product-type-external"},"_links":{"self":[{"href":"https:\/\/www.pricetornado.com\/da\/wp-json\/wp\/v2\/product\/447995","targetHints":{"allow":["GET"]}}],"collection":[{"href":"https:\/\/www.pricetornado.com\/da\/wp-json\/wp\/v2\/product"}],"about":[{"href":"https:\/\/www.pricetornado.com\/da\/wp-json\/wp\/v2\/types\/product"}],"wp:featuredmedia":[{"embeddable":true,"href":"https:\/\/www.pricetornado.com\/da\/wp-json\/"}],"wp:attachment":[{"href":"https:\/\/www.pricetornado.com\/da\/wp-json\/wp\/v2\/media?parent=447995"}],"wp:term":[{"taxonomy":"store","embeddable":true,"href":"https:\/\/www.pricetornado.com\/da\/wp-json\/wp\/v2\/store?post=447995"},{"taxonomy":"product_brand","embeddable":true,"href":"https:\/\/www.pricetornado.com\/da\/wp-json\/wp\/v2\/product_brand?post=447995"},{"taxonomy":"product_cat","embeddable":true,"href":"https:\/\/www.pricetornado.com\/da\/wp-json\/wp\/v2\/product_cat?post=447995"},{"taxonomy":"product_tag","embeddable":true,"href":"https:\/\/www.pricetornado.com\/da\/wp-json\/wp\/v2\/product_tag?post=447995"}],"curies":[{"name":"wp","href":"https:\/\/api.w.org\/{rel}","templated":true}]}}