{"id":447986,"date":"2025-02-25T00:57:13","date_gmt":"2025-02-24T23:57:13","guid":{"rendered":"https:\/\/www.pricetornado.com\/da\/produkt\/scanpan-steakknive-6-stk-classic\/"},"modified":"2026-04-29T02:02:03","modified_gmt":"2026-04-29T00:02:03","slug":"scanpan-steakknive-6-stk-classic","status":"publish","type":"product","link":"https:\/\/www.pricetornado.com\/da\/produkt\/scanpan-steakknive-6-stk-classic\/","title":{"rendered":"Scanpan Steakknive 6 stk &#8211; Classic"},"content":{"rendered":"<p>K\u00f8b billig Scanpan Steakknive 6 stk &#8211; Classic!<br \/>\nDette s\u00e6t best\u00e5r af 6 l\u00e6kre steakknive, der ubesv\u00e6ret sk\u00e6rer et rent snit i enhver b\u00f8f og ogs\u00e5 klarer r\u00e5varer med tykt skind som tomat og peberfrugt. Den runde spids g\u00f8r knivene s\u00e6rligt velegnede til at sm\u00f8re med.Scanpan steakknivene er fremstillet af f\u00f8rsteklasses tysk st\u00e5l, som sikrer langvarig skarphed og styrke. Knivbladet er optimalt h\u00e6rdet til en h\u00e5rdhed p\u00e5 56 HRC, hvilket bidrager til b\u00e5de slidstyrke og effektiv sk\u00e6ring.Knivene er slebet med en specialudviklet teknik og har en 30\u00b0 slibevinkel, der giver et langvarigt og effektivt sk\u00e6r. V\u00e6gten og balancen er n\u00f8je afstemt for komfortabel og pr\u00e6cis h\u00e5ndtering. Det ergonomiske h\u00e5ndtag sikrer et sikkert og behageligt greb, hver gang du bruger kniven.Scanpan steakknivene t\u00e5ler opvaskemaskine, hvilket g\u00f8r reng\u00f8ringen nem og bekvem.For optimal holdbarhed og skarphed anbefales dog h\u00e5ndvask.Se ogs\u00e5 de matchende steakgafler for at fuldende dit spisebord.<\/p>\n<p>Sammenlign priser p\u00e5 Scanpan Steakknive 6 stk &#8211; Classic og k\u00f8b online til den billigste pris, samt p\u00e5 tilbud!\u00a0\u00a0Tjek den bedste pris, produkt beskrivelse, video, test, anmeldelser osv.<\/p>\n<p><strong>Brand: <\/strong>Scanpan<br \/>\n<strong>EAN: <\/strong>083421928009<br \/>\n<strong>Producentens varenr.:<\/strong> 083421928009<\/p>\n<p><strong>P.S.<\/strong><br \/>\nTilmeld dig til &#8220;Opret Gratis Prisfald Alarm&#8221;, og bliv underrettet med det samme om prisfald p\u00e5 Scanpan Steakknive 6 stk &#8211; Classic, og f\u00e5 den billigste pris!<\/p>\n<p>&nbsp;<\/p>\n<p>&nbsp;<\/p>\n","protected":false},"excerpt":{"rendered":"<p>K\u00f8b billig Scanpan Steakknive 6 stk &#8211; Classic! Dette s\u00e6t best\u00e5r af 6 l\u00e6kre steakknive, der ubesv\u00e6ret sk\u00e6rer et rent snit i enhver b\u00f8f og ogs\u00e5 klarer r\u00e5varer med tykt skind som tomat og peberfrugt. Den runde spids g\u00f8r knivene s\u00e6rligt velegnede til at sm\u00f8re med.Scanpan steakknivene er fremstillet af f\u00f8rsteklasses tysk st\u00e5l, som sikrer [&hellip;]<\/p>\n","protected":false},"featured_media":999980000004479860,"template":"","meta":[],"store":[1272516],"product_brand":[1272521],"product_cat":[1272410],"product_tag":[1272681,1275184],"class_list":{"0":"post-447986","1":"product","2":"type-product","3":"status-publish","4":"has-post-thumbnail","6":"store-butik24","7":"product_brand-scanpan","8":"product_cat-koekkengrej","9":"product_tag-koekkengrej","10":"product_tag-scanpan","11":"pa_maerke-scanpan","13":"first","14":"instock","15":"product-type-external"},"_links":{"self":[{"href":"https:\/\/www.pricetornado.com\/da\/wp-json\/wp\/v2\/product\/447986","targetHints":{"allow":["GET"]}}],"collection":[{"href":"https:\/\/www.pricetornado.com\/da\/wp-json\/wp\/v2\/product"}],"about":[{"href":"https:\/\/www.pricetornado.com\/da\/wp-json\/wp\/v2\/types\/product"}],"wp:featuredmedia":[{"embeddable":true,"href":"https:\/\/www.pricetornado.com\/da\/wp-json\/"}],"wp:attachment":[{"href":"https:\/\/www.pricetornado.com\/da\/wp-json\/wp\/v2\/media?parent=447986"}],"wp:term":[{"taxonomy":"store","embeddable":true,"href":"https:\/\/www.pricetornado.com\/da\/wp-json\/wp\/v2\/store?post=447986"},{"taxonomy":"product_brand","embeddable":true,"href":"https:\/\/www.pricetornado.com\/da\/wp-json\/wp\/v2\/product_brand?post=447986"},{"taxonomy":"product_cat","embeddable":true,"href":"https:\/\/www.pricetornado.com\/da\/wp-json\/wp\/v2\/product_cat?post=447986"},{"taxonomy":"product_tag","embeddable":true,"href":"https:\/\/www.pricetornado.com\/da\/wp-json\/wp\/v2\/product_tag?post=447986"}],"curies":[{"name":"wp","href":"https:\/\/api.w.org\/{rel}","templated":true}]}}