{"id":447980,"date":"2025-02-22T05:29:50","date_gmt":"2025-02-22T04:29:50","guid":{"rendered":"https:\/\/www.pricetornado.com\/da\/produkt\/scanpan-125-cm-santokukniv-med-luftskaer-classic\/"},"modified":"2026-05-03T04:31:58","modified_gmt":"2026-05-03T02:31:58","slug":"scanpan-125-cm-santokukniv-med-luftskaer-classic","status":"publish","type":"product","link":"https:\/\/www.pricetornado.com\/da\/produkt\/scanpan-125-cm-santokukniv-med-luftskaer-classic\/","title":{"rendered":"Scanpan 12,5 cm santokukniv med luftsk\u00e6r &#8211; Classic"},"content":{"rendered":"<p>K\u00f8b billig Scanpan 12,5 cm santokukniv med luftsk\u00e6r &#8211; Classic!<br \/>\nScanpan Classic-seriens santokukniv p\u00e5 12,5 cm er ideel til at sk\u00e6re papirtynde skiver og sm\u00e5 tern med h\u00f8j pr\u00e6cision. Knivbladet er fremstillet af fuldsmedet, tysk kvalitetsst\u00e5l (X50 CrMoV15), h\u00e6rdet til en h\u00e5rdhed p\u00e5 56-57 Rockwell, hvilket sikrer langvarig skarphed og slidstyrke. Den scalloperede (tungete) kant mindsker friktion og g\u00f8r, at maden slipper let fra bladet, hvilket g\u00f8r kniven effektiv til b\u00e5de snit og tern.Knivens ovale h\u00e5ndtag er udformet i ergonomisk bue og bekl\u00e6dt med skridsikkert kunststof for et sikkert og komfortabelt greb, ogs\u00e5 under pres eller l\u00e6ngere tids brug. En rundet bolster og ryg giver \u00f8get komfort og reducerer tr\u00e6thed i h\u00e5nden, mens den balancerede v\u00e6gtfordeling sikrer optimal kontrol under arbejdet.Kniven er designet til at t\u00e5le opvaskemaskine for nem reng\u00f8ring, men h\u00e5ndopvask anbefales for at bevare skarpheden l\u00e6ngst muligt. Alle Classic-knive testes individuelt efter Rockwell\u00ae-metoden for at sikre korrekt h\u00e6rdning og kvalitet. Der ydes livstidsgaranti mod fabrikationsfejl, hvilket understreger knivens holdbarhed og p\u00e5lidelighed.Classic-serien forener et tidl\u00f8st, enkelt design med moderne funktionalitet og h\u00f8j kvalitet til daglig brug i k\u00f8kkenet. Knivene er skabt til at im\u00f8dekomme krav om sikkerhed, slidstyrke og brugervenlighed, s\u00e5 de passer ind i ethvert k\u00f8kkenmilj\u00f8.. Udforsk hele udvalget af for flere valgmuligheder til dit k\u00f8kken.<\/p>\n<p>Sammenlign priser p\u00e5 Scanpan 12,5 cm santokukniv med luftsk\u00e6r &#8211; Classic og k\u00f8b online til den billigste pris, samt p\u00e5 tilbud!\u00a0\u00a0Tjek den bedste pris, produkt beskrivelse, video, test, anmeldelser osv.<\/p>\n<p><strong>Brand: <\/strong>Scanpan<br \/>\n<strong>EAN: <\/strong>083421925527<br \/>\n<strong>Producentens varenr.:<\/strong> 083421925527<\/p>\n<p><strong>P.S.<\/strong><br \/>\nTilmeld dig til &#8220;Opret Gratis Prisfald Alarm&#8221;, og bliv underrettet med det samme om prisfald p\u00e5 Scanpan 12,5 cm santokukniv med luftsk\u00e6r &#8211; Classic, og f\u00e5 den billigste pris!<\/p>\n<p>&nbsp;<\/p>\n<p>&nbsp;<\/p>\n","protected":false},"excerpt":{"rendered":"<p>K\u00f8b billig Scanpan 12,5 cm santokukniv med luftsk\u00e6r &#8211; Classic! Scanpan Classic-seriens santokukniv p\u00e5 12,5 cm er ideel til at sk\u00e6re papirtynde skiver og sm\u00e5 tern med h\u00f8j pr\u00e6cision. Knivbladet er fremstillet af fuldsmedet, tysk kvalitetsst\u00e5l (X50 CrMoV15), h\u00e6rdet til en h\u00e5rdhed p\u00e5 56-57 Rockwell, hvilket sikrer langvarig skarphed og slidstyrke. Den scalloperede (tungete) kant [&hellip;]<\/p>\n","protected":false},"featured_media":999980000004479800,"template":"","meta":[],"store":[1272516],"product_brand":[1272521],"product_cat":[1272410],"product_tag":[1272681,1275184],"class_list":{"0":"post-447980","1":"product","2":"type-product","3":"status-publish","4":"has-post-thumbnail","6":"store-butik24","7":"product_brand-scanpan","8":"product_cat-koekkengrej","9":"product_tag-koekkengrej","10":"product_tag-scanpan","11":"pa_maerke-scanpan","13":"first","14":"instock","15":"product-type-external"},"_links":{"self":[{"href":"https:\/\/www.pricetornado.com\/da\/wp-json\/wp\/v2\/product\/447980","targetHints":{"allow":["GET"]}}],"collection":[{"href":"https:\/\/www.pricetornado.com\/da\/wp-json\/wp\/v2\/product"}],"about":[{"href":"https:\/\/www.pricetornado.com\/da\/wp-json\/wp\/v2\/types\/product"}],"wp:featuredmedia":[{"embeddable":true,"href":"https:\/\/www.pricetornado.com\/da\/wp-json\/"}],"wp:attachment":[{"href":"https:\/\/www.pricetornado.com\/da\/wp-json\/wp\/v2\/media?parent=447980"}],"wp:term":[{"taxonomy":"store","embeddable":true,"href":"https:\/\/www.pricetornado.com\/da\/wp-json\/wp\/v2\/store?post=447980"},{"taxonomy":"product_brand","embeddable":true,"href":"https:\/\/www.pricetornado.com\/da\/wp-json\/wp\/v2\/product_brand?post=447980"},{"taxonomy":"product_cat","embeddable":true,"href":"https:\/\/www.pricetornado.com\/da\/wp-json\/wp\/v2\/product_cat?post=447980"},{"taxonomy":"product_tag","embeddable":true,"href":"https:\/\/www.pricetornado.com\/da\/wp-json\/wp\/v2\/product_tag?post=447980"}],"curies":[{"name":"wp","href":"https:\/\/api.w.org\/{rel}","templated":true}]}}