{"id":447979,"date":"2025-02-24T11:50:14","date_gmt":"2025-02-24T10:50:14","guid":{"rendered":"https:\/\/www.pricetornado.com\/da\/produkt\/scanpan-32-cm-stegepande-classic-induction\/"},"modified":"2026-04-18T07:50:33","modified_gmt":"2026-04-18T05:50:33","slug":"scanpan-32-cm-stegepande-classic-induction","status":"publish","type":"product","link":"https:\/\/www.pricetornado.com\/da\/produkt\/scanpan-32-cm-stegepande-classic-induction\/","title":{"rendered":"Scanpan 32 cm stegepande Classic Induction"},"content":{"rendered":"<p>K\u00f8b billig Scanpan 32 cm stegepande Classic Induction!<br \/>\nScanpan Classic Induction stegepanden p\u00e5 32 cm er fremstillet af 100% genbrugsaluminium, der kombinerer b\u00e6redygtighed, lav v\u00e6gt og overlegen holdbarhed. Den s\u00e6rlige st\u00f8beteknik sikrer optimal og j\u00e6vn varmefordeling, s\u00e5 du opn\u00e5r et perfekt stegeresultat uden hotspots \u2013 hver gang. Aluminium er ikke blot let at arbejde med, men ogs\u00e5 en fremragende varmeleder, hvilket g\u00f8r panden nem at h\u00e5ndtere i dagligdagen.Med sit ergonomisk udformede bakelit-h\u00e5ndtag, fastgjort med et patenteret, nitte- og skruefrit l\u00e5sesystem, forbliver h\u00e5ndtaget sikkert og stabilt over tid. Classic Induction-stegepanden er designet til alle komfurtyper, inklusive induktion, og kan t\u00e5le ovnvarme op til 260\u00b0C. Dette g\u00f8r det muligt at skifte mellem komfur og ovn ved tilberedning. Panden er produceret i Danmark og repr\u00e6senterer h\u00f8j funktionalitet samt holdbarhed i moderne madlavning.Stegepanden har Scanpans unikke og ekstremt slidst\u00e6rke STRATANIUM non-stick bel\u00e6gning, der er sikker til brug med metalredskaber og er fuldst\u00e6ndigt PFOA-fri. Denne avancerede bel\u00e6gning g\u00f8r det muligt at stege uden brug af fedtstof og sikrer let reng\u00f8ring. Bel\u00e6gningen er opbygget af flere lag, der smeltes sammen for at skabe en robust og holdbar overflade. Stegepanden t\u00e5ler opvaskemaskine, men det anbefales at bruge opvaskemiddel og undg\u00e5 hurtige temperaturskift for at forl\u00e6nge levetiden p\u00e5 non-stick bel\u00e6gningen.Kan anvendes p\u00e5 alle komfurtyper, inkl. induktionV\u00e6lg Scanpan Classic Induction stegepanden for alsidighed, holdbarhed og milj\u00f8venlighed \u2013 perfekt til b\u00e5de stegning, bagning og grill i hjemmek\u00f8kkenet. Se hele udvalget af for at udstyre dit k\u00f8kken optimalt.<\/p>\n<p>Sammenlign priser p\u00e5 Scanpan 32 cm stegepande Classic Induction og k\u00f8b online til den billigste pris, samt p\u00e5 tilbud!\u00a0\u00a0Tjek den bedste pris, produkt beskrivelse, video, test, anmeldelser osv.<\/p>\n<p><strong>Brand: <\/strong>Scanpan<br \/>\n<strong>EAN: <\/strong>083421122483<br \/>\n<strong>Producentens varenr.:<\/strong> 083421122483<\/p>\n<p><strong>P.S.<\/strong><br \/>\nTilmeld dig til &#8220;Opret Gratis Prisfald Alarm&#8221;, og bliv underrettet med det samme om prisfald p\u00e5 Scanpan 32 cm stegepande Classic Induction, og f\u00e5 den billigste pris!<\/p>\n<p>&nbsp;<\/p>\n<p>&nbsp;<\/p>\n","protected":false},"excerpt":{"rendered":"<p>K\u00f8b billig Scanpan 32 cm stegepande Classic Induction! Scanpan Classic Induction stegepanden p\u00e5 32 cm er fremstillet af 100% genbrugsaluminium, der kombinerer b\u00e6redygtighed, lav v\u00e6gt og overlegen holdbarhed. Den s\u00e6rlige st\u00f8beteknik sikrer optimal og j\u00e6vn varmefordeling, s\u00e5 du opn\u00e5r et perfekt stegeresultat uden hotspots \u2013 hver gang. Aluminium er ikke blot let at arbejde med, [&hellip;]<\/p>\n","protected":false},"featured_media":999980000004479790,"template":"","meta":[],"store":[1272516],"product_brand":[1272521],"product_cat":[1272410],"product_tag":[1272681,1275184],"class_list":{"0":"post-447979","1":"product","2":"type-product","3":"status-publish","4":"has-post-thumbnail","6":"store-butik24","7":"product_brand-scanpan","8":"product_cat-koekkengrej","9":"product_tag-koekkengrej","10":"product_tag-scanpan","11":"pa_maerke-scanpan","13":"first","14":"instock","15":"product-type-external"},"_links":{"self":[{"href":"https:\/\/www.pricetornado.com\/da\/wp-json\/wp\/v2\/product\/447979","targetHints":{"allow":["GET"]}}],"collection":[{"href":"https:\/\/www.pricetornado.com\/da\/wp-json\/wp\/v2\/product"}],"about":[{"href":"https:\/\/www.pricetornado.com\/da\/wp-json\/wp\/v2\/types\/product"}],"wp:featuredmedia":[{"embeddable":true,"href":"https:\/\/www.pricetornado.com\/da\/wp-json\/"}],"wp:attachment":[{"href":"https:\/\/www.pricetornado.com\/da\/wp-json\/wp\/v2\/media?parent=447979"}],"wp:term":[{"taxonomy":"store","embeddable":true,"href":"https:\/\/www.pricetornado.com\/da\/wp-json\/wp\/v2\/store?post=447979"},{"taxonomy":"product_brand","embeddable":true,"href":"https:\/\/www.pricetornado.com\/da\/wp-json\/wp\/v2\/product_brand?post=447979"},{"taxonomy":"product_cat","embeddable":true,"href":"https:\/\/www.pricetornado.com\/da\/wp-json\/wp\/v2\/product_cat?post=447979"},{"taxonomy":"product_tag","embeddable":true,"href":"https:\/\/www.pricetornado.com\/da\/wp-json\/wp\/v2\/product_tag?post=447979"}],"curies":[{"name":"wp","href":"https:\/\/api.w.org\/{rel}","templated":true}]}}