{"id":447972,"date":"2025-02-27T05:32:46","date_gmt":"2025-02-27T04:32:46","guid":{"rendered":"https:\/\/www.pricetornado.com\/da\/produkt\/lenco-mpr-035bk-kompakt-baerbar-fm-radio-med-lcd-skaerm-sort-mpr-035bk\/"},"modified":"2026-04-20T02:50:38","modified_gmt":"2026-04-20T00:50:38","slug":"lenco-mpr-035bk-kompakt-baerbar-fm-radio-med-lcd-skaerm-sort-mpr-035bk","status":"publish","type":"product","link":"https:\/\/www.pricetornado.com\/da\/produkt\/lenco-mpr-035bk-kompakt-baerbar-fm-radio-med-lcd-skaerm-sort-mpr-035bk\/","title":{"rendered":"Lenco &#8211; MPR-035BK Kompakt b\u00e6rbar FM-radio med LCD-sk\u00e6rm Sort &#8211; MPR-035BK"},"content":{"rendered":"<p>K\u00f8b billig Lenco &#8211; MPR-035BK Kompakt b\u00e6rbar FM-radio med LCD-sk\u00e6rm Sort &#8211; MPR-035BK!<br \/>\nLenco MPR-035BK er en sort b\u00e6rbar PLL FM-radio med LCD-sk\u00e6rm, der kombinerer funktionalitet med brugervenlighed. Takket v\u00e6re det slanke og kompakte design er radioen den perfekte ledsager, n\u00e5r du er p\u00e5 farten, og den er nem at have med i tasken eller rygs\u00e6kken. Radioen kan k\u00f8re p\u00e5 enten batterier eller netstr\u00f8m.Den avancerede indbyggede PLL FM-radioteknologi sikrer optimal modtagelse af FM-stationer med minimal interferens. Derudover garanterer den teleskopiske antenne en st\u00e6rk og stabil modtagelse. MPR-035BK giver dig derfor mulighed for at nyde en bred vifte af kanaler.Takket v\u00e6re den tydelige 2,5-tommers LCD-sk\u00e6rm har du altid et klart billede af FM-frekvensen. Det g\u00f8r det nemt at g\u00e6tte, hvilken frekvens du lytter til &#8211; Lenco MPR-035BK giver dig de detaljer, du har brug for, p\u00e5 et \u00f8jeblik. Du kan ogs\u00e5 hurtigt finde din yndlingsradiostation med de 5 direkte forudindstillede knapper p\u00e5 forsiden af Lenco MPR-035BK. I alt giver radioen dig endda mulighed for at gemme op til 20 FM-stationer som forudindstillinger.Radioen har en 3,5 mm lydudgang, s\u00e5 du nemt kan tilslutte hovedtelefoner for at f\u00e5 en personlig lydoplevelse.<\/p>\n<p>Sammenlign priser p\u00e5 Lenco &#8211; MPR-035BK Kompakt b\u00e6rbar FM-radio med LCD-sk\u00e6rm Sort &#8211; MPR-035BK og k\u00f8b online til den billigste pris, samt p\u00e5 tilbud!\u00a0\u00a0Tjek den bedste pris, produkt beskrivelse, video, test, anmeldelser osv.<\/p>\n<p><strong>Brand: <\/strong>Lenco<br \/>\n<strong>EAN: <\/strong>8711902079712<br \/>\n<strong>Producentens varenr.:<\/strong> 8711902079712<\/p>\n<p><strong>P.S.<\/strong><br \/>\nTilmeld dig til &#8220;Opret Gratis Prisfald Alarm&#8221;, og bliv underrettet med det samme om prisfald p\u00e5 Lenco &#8211; MPR-035BK Kompakt b\u00e6rbar FM-radio med LCD-sk\u00e6rm Sort &#8211; MPR-035BK, og f\u00e5 den billigste pris!<\/p>\n<p>&nbsp;<\/p>\n<p>&nbsp;<\/p>\n","protected":false},"excerpt":{"rendered":"<p>K\u00f8b billig Lenco &#8211; MPR-035BK Kompakt b\u00e6rbar FM-radio med LCD-sk\u00e6rm Sort &#8211; MPR-035BK! Lenco MPR-035BK er en sort b\u00e6rbar PLL FM-radio med LCD-sk\u00e6rm, der kombinerer funktionalitet med brugervenlighed. Takket v\u00e6re det slanke og kompakte design er radioen den perfekte ledsager, n\u00e5r du er p\u00e5 farten, og den er nem at have med i tasken eller [&hellip;]<\/p>\n","protected":false},"featured_media":999980000004479720,"template":"","meta":[],"store":[1272516],"product_brand":[1272526],"product_cat":[1272439],"product_tag":[1275188,1272694],"class_list":{"0":"post-447972","1":"product","2":"type-product","3":"status-publish","4":"has-post-thumbnail","6":"store-butik24","7":"product_brand-lenco","8":"product_cat-radio-2","9":"product_tag-lenco","10":"product_tag-radio","11":"pa_maerke-lenco","13":"first","14":"instock","15":"product-type-external"},"_links":{"self":[{"href":"https:\/\/www.pricetornado.com\/da\/wp-json\/wp\/v2\/product\/447972","targetHints":{"allow":["GET"]}}],"collection":[{"href":"https:\/\/www.pricetornado.com\/da\/wp-json\/wp\/v2\/product"}],"about":[{"href":"https:\/\/www.pricetornado.com\/da\/wp-json\/wp\/v2\/types\/product"}],"wp:featuredmedia":[{"embeddable":true,"href":"https:\/\/www.pricetornado.com\/da\/wp-json\/"}],"wp:attachment":[{"href":"https:\/\/www.pricetornado.com\/da\/wp-json\/wp\/v2\/media?parent=447972"}],"wp:term":[{"taxonomy":"store","embeddable":true,"href":"https:\/\/www.pricetornado.com\/da\/wp-json\/wp\/v2\/store?post=447972"},{"taxonomy":"product_brand","embeddable":true,"href":"https:\/\/www.pricetornado.com\/da\/wp-json\/wp\/v2\/product_brand?post=447972"},{"taxonomy":"product_cat","embeddable":true,"href":"https:\/\/www.pricetornado.com\/da\/wp-json\/wp\/v2\/product_cat?post=447972"},{"taxonomy":"product_tag","embeddable":true,"href":"https:\/\/www.pricetornado.com\/da\/wp-json\/wp\/v2\/product_tag?post=447972"}],"curies":[{"name":"wp","href":"https:\/\/api.w.org\/{rel}","templated":true}]}}