{"id":447966,"date":"2025-02-25T14:41:24","date_gmt":"2025-02-25T13:41:24","guid":{"rendered":"https:\/\/www.pricetornado.com\/da\/produkt\/scanpan-impact-42x26-cm-bradepande-med-rist\/"},"modified":"2026-04-17T09:20:22","modified_gmt":"2026-04-17T07:20:22","slug":"scanpan-impact-42x26-cm-bradepande-med-rist","status":"publish","type":"product","link":"https:\/\/www.pricetornado.com\/da\/produkt\/scanpan-impact-42x26-cm-bradepande-med-rist\/","title":{"rendered":"Scanpan Impact 42&#215;26 cm bradepande med rist"},"content":{"rendered":"<p>K\u00f8b billig Scanpan Impact 42&#215;26 cm bradepande med rist!<br \/>\nScanpan Impact bradepanden er fremstillet i robust 18\/10 rustfrit st\u00e5l og kommer med en praktisk rist, s\u00e5 du let kan tilberede b\u00e5de k\u00f8d og gr\u00f8ntsager, mens fedtet drypper fra. Bradepanden er udstyret med to st\u00f8bte h\u00e5ndtag i rustfrit st\u00e5l, der forbliver k\u00f8lige i l\u00e6ngere tid, hvilket g\u00f8r den nem og sikker at h\u00e5ndtere under servering og madlavning. Den elegante og funktionelle bradepande er ideel til b\u00e5de stegning, bagning og servering.Takket v\u00e6re sin sandwichbund med aluminiumkerne opn\u00e5r bradepanden hurtig og j\u00e6vn varmefordeling p\u00e5 alle typer komfurer, herunder induktion. P\u00e5 indersiden finder du indgraverede m\u00e5leenheder, som g\u00f8r det nemt at m\u00e5le v\u00e6sker direkte i bradepanden, og den s\u00e6rlige kant er designet til at forhindre dryp og sikre pr\u00e6cis, spildfri udh\u00e6ldning.T\u00e5ler ovn op til 250\u00b0C \u2013 perfekt til retter, der kr\u00e6ver b\u00e5de stegning og efterf\u00f8lgende bagning.Kan reng\u00f8res i opvaskemaskinen, men h\u00e5ndvask anbefales for at bevare levetiden.Fremstillet af holdbare materialer med 10 \u00e5rs garanti mod fabrikationsfejl. og f\u00e5 inspiration til kvalitetstilbeh\u00f8r til dit k\u00f8kken.<\/p>\n<p>Sammenlign priser p\u00e5 Scanpan Impact 42&#215;26 cm bradepande med rist og k\u00f8b online til den billigste pris, samt p\u00e5 tilbud!\u00a0\u00a0Tjek den bedste pris, produkt beskrivelse, video, test, anmeldelser osv.<\/p>\n<p><strong>Brand: <\/strong>Scanpan<br \/>\n<strong>EAN: <\/strong>083421109323<br \/>\n<strong>Producentens varenr.:<\/strong> 083421109323<\/p>\n<p><strong>P.S.<\/strong><br \/>\nTilmeld dig til &#8220;Opret Gratis Prisfald Alarm&#8221;, og bliv underrettet med det samme om prisfald p\u00e5 Scanpan Impact 42&#215;26 cm bradepande med rist, og f\u00e5 den billigste pris!<\/p>\n<p>&nbsp;<\/p>\n<p>&nbsp;<\/p>\n","protected":false},"excerpt":{"rendered":"<p>K\u00f8b billig Scanpan Impact 42&#215;26 cm bradepande med rist! Scanpan Impact bradepanden er fremstillet i robust 18\/10 rustfrit st\u00e5l og kommer med en praktisk rist, s\u00e5 du let kan tilberede b\u00e5de k\u00f8d og gr\u00f8ntsager, mens fedtet drypper fra. Bradepanden er udstyret med to st\u00f8bte h\u00e5ndtag i rustfrit st\u00e5l, der forbliver k\u00f8lige i l\u00e6ngere tid, hvilket [&hellip;]<\/p>\n","protected":false},"featured_media":999980000004479660,"template":"","meta":[],"store":[1272516],"product_brand":[1272521],"product_cat":[1272410],"product_tag":[1272681,1275184],"class_list":{"0":"post-447966","1":"product","2":"type-product","3":"status-publish","4":"has-post-thumbnail","6":"store-butik24","7":"product_brand-scanpan","8":"product_cat-koekkengrej","9":"product_tag-koekkengrej","10":"product_tag-scanpan","11":"pa_maerke-scanpan","13":"first","14":"instock","15":"product-type-external"},"_links":{"self":[{"href":"https:\/\/www.pricetornado.com\/da\/wp-json\/wp\/v2\/product\/447966","targetHints":{"allow":["GET"]}}],"collection":[{"href":"https:\/\/www.pricetornado.com\/da\/wp-json\/wp\/v2\/product"}],"about":[{"href":"https:\/\/www.pricetornado.com\/da\/wp-json\/wp\/v2\/types\/product"}],"wp:featuredmedia":[{"embeddable":true,"href":"https:\/\/www.pricetornado.com\/da\/wp-json\/"}],"wp:attachment":[{"href":"https:\/\/www.pricetornado.com\/da\/wp-json\/wp\/v2\/media?parent=447966"}],"wp:term":[{"taxonomy":"store","embeddable":true,"href":"https:\/\/www.pricetornado.com\/da\/wp-json\/wp\/v2\/store?post=447966"},{"taxonomy":"product_brand","embeddable":true,"href":"https:\/\/www.pricetornado.com\/da\/wp-json\/wp\/v2\/product_brand?post=447966"},{"taxonomy":"product_cat","embeddable":true,"href":"https:\/\/www.pricetornado.com\/da\/wp-json\/wp\/v2\/product_cat?post=447966"},{"taxonomy":"product_tag","embeddable":true,"href":"https:\/\/www.pricetornado.com\/da\/wp-json\/wp\/v2\/product_tag?post=447966"}],"curies":[{"name":"wp","href":"https:\/\/api.w.org\/{rel}","templated":true}]}}