{"id":447964,"date":"2025-02-22T23:27:32","date_gmt":"2025-02-22T22:27:32","guid":{"rendered":"https:\/\/www.pricetornado.com\/da\/produkt\/nedis-kaip122cwt2-dobbelt-induktionskogeapparat-slank-3500-w\/"},"modified":"2026-04-17T09:10:23","modified_gmt":"2026-04-17T07:10:23","slug":"nedis-kaip122cwt2-dobbelt-induktionskogeapparat-slank-3500-w","status":"publish","type":"product","link":"https:\/\/www.pricetornado.com\/da\/produkt\/nedis-kaip122cwt2-dobbelt-induktionskogeapparat-slank-3500-w\/","title":{"rendered":"Nedis KAIP122CWT2 Dobbelt induktionskogeapparat Slank 3500 W"},"content":{"rendered":"<p>K\u00f8b billig Nedis KAIP122CWT2 Dobbelt induktionskogeapparat Slank 3500 W!<br \/>\nDette Nedis dobbelte induktionskogeapparat kombinerer effektivitet, fleksibilitet og sikkerhed \u2013 ideelt til moderne k\u00f8kkener, studenterboliger, midlertidige k\u00f8kkenl\u00f8sninger eller som ekstra kogeplader ved st\u00f8rre madlavning. Med to uafh\u00e6ngige kogezoner og en samlet effekt p\u00e5 3500 W kan du hurtigt, energieffektivt og pr\u00e6cist tilberede alle slags retter.Det brugervenlige touch-panel giver dig mulighed for at indstille b\u00e5de effekt, temperatur og timer for hver kogeplade separat. Temperaturomr\u00e5det g\u00e5r fra 60 til 240 \u00b0C, hvilket sikrer pr\u00e6cis tilberedning uanset type mad. Apparatet tilbyder dermed en pr\u00e6cis styring, n\u00e6sten som gas, og giver maksimal fleksibilitet under madlavningen.Kogepladen har en kvalitets krystalglasoverflade, der er robust, modstandsdygtig over for varme og nem at holde ren. Den glatte, sorte finish f\u00f8lger Nedis\u2019 designlinje og bidrager til apparatets holdbarhed samt lette reng\u00f8ring i daglig brug.Disse sikkerhedsfunktioner giver tryghed og g\u00f8r apparatet velegnet til alle hjem.Induktionskogeapparatet kr\u00e6ver ingen gastilslutning, hvilket g\u00f8r det nemt at tage i brug hvor som helst \u2013 ideelt til k\u00f8kkener under ombygning, events og udend\u00f8rs sammenkomster. Den slanke konstruktion g\u00f8r apparatet pladsbesparende og let at flytte rundt p\u00e5. til et moderne og funktionelt hjemmek\u00f8kken.<\/p>\n<p>Sammenlign priser p\u00e5 Nedis KAIP122CWT2 Dobbelt induktionskogeapparat Slank 3500 W og k\u00f8b online til den billigste pris, samt p\u00e5 tilbud!\u00a0\u00a0Tjek den bedste pris, produkt beskrivelse, video, test, anmeldelser osv.<\/p>\n<p><strong>Brand: <\/strong>Nedis<br \/>\n<strong>EAN: <\/strong>5412810268283<br \/>\n<strong>Producentens varenr.:<\/strong> 5412810268283<\/p>\n<p><strong>P.S.<\/strong><br \/>\nTilmeld dig til &#8220;Opret Gratis Prisfald Alarm&#8221;, og bliv underrettet med det samme om prisfald p\u00e5 Nedis KAIP122CWT2 Dobbelt induktionskogeapparat Slank 3500 W, og f\u00e5 den billigste pris!<\/p>\n<p>&nbsp;<\/p>\n<p>&nbsp;<\/p>\n","protected":false},"excerpt":{"rendered":"<p>K\u00f8b billig Nedis KAIP122CWT2 Dobbelt induktionskogeapparat Slank 3500 W! Dette Nedis dobbelte induktionskogeapparat kombinerer effektivitet, fleksibilitet og sikkerhed \u2013 ideelt til moderne k\u00f8kkener, studenterboliger, midlertidige k\u00f8kkenl\u00f8sninger eller som ekstra kogeplader ved st\u00f8rre madlavning. Med to uafh\u00e6ngige kogezoner og en samlet effekt p\u00e5 3500 W kan du hurtigt, energieffektivt og pr\u00e6cist tilberede alle slags retter.Det brugervenlige [&hellip;]<\/p>\n","protected":false},"featured_media":999980000004479640,"template":"","meta":[],"store":[1272516],"product_brand":[1272517],"product_cat":[1272461],"product_tag":[1272817,1275178],"class_list":{"0":"post-447964","1":"product","2":"type-product","3":"status-publish","4":"has-post-thumbnail","6":"store-butik24","7":"product_brand-nedis","8":"product_cat-hjemmet","9":"product_tag-hjemmet","10":"product_tag-nedis","11":"pa_maerke-nedis","13":"first","14":"instock","15":"product-type-external"},"_links":{"self":[{"href":"https:\/\/www.pricetornado.com\/da\/wp-json\/wp\/v2\/product\/447964","targetHints":{"allow":["GET"]}}],"collection":[{"href":"https:\/\/www.pricetornado.com\/da\/wp-json\/wp\/v2\/product"}],"about":[{"href":"https:\/\/www.pricetornado.com\/da\/wp-json\/wp\/v2\/types\/product"}],"wp:featuredmedia":[{"embeddable":true,"href":"https:\/\/www.pricetornado.com\/da\/wp-json\/"}],"wp:attachment":[{"href":"https:\/\/www.pricetornado.com\/da\/wp-json\/wp\/v2\/media?parent=447964"}],"wp:term":[{"taxonomy":"store","embeddable":true,"href":"https:\/\/www.pricetornado.com\/da\/wp-json\/wp\/v2\/store?post=447964"},{"taxonomy":"product_brand","embeddable":true,"href":"https:\/\/www.pricetornado.com\/da\/wp-json\/wp\/v2\/product_brand?post=447964"},{"taxonomy":"product_cat","embeddable":true,"href":"https:\/\/www.pricetornado.com\/da\/wp-json\/wp\/v2\/product_cat?post=447964"},{"taxonomy":"product_tag","embeddable":true,"href":"https:\/\/www.pricetornado.com\/da\/wp-json\/wp\/v2\/product_tag?post=447964"}],"curies":[{"name":"wp","href":"https:\/\/api.w.org\/{rel}","templated":true}]}}