{"id":447961,"date":"2025-02-21T12:57:37","date_gmt":"2025-02-21T11:57:37","guid":{"rendered":"https:\/\/www.pricetornado.com\/da\/produkt\/nedis-pesc500wt-personvaegt\/"},"modified":"2026-04-18T03:00:33","modified_gmt":"2026-04-18T01:00:33","slug":"nedis-pesc500wt-personvaegt","status":"publish","type":"product","link":"https:\/\/www.pricetornado.com\/da\/produkt\/nedis-pesc500wt-personvaegt\/","title":{"rendered":"Nedis PESC500WT Personv\u00e6gt"},"content":{"rendered":"<p>K\u00f8b billig Nedis PESC500WT Personv\u00e6gt!<br \/>\nOplev Nedis personv\u00e6gt PESC500WT, der kombinerer et moderne og ekstra tyndt design med p\u00e5lidelig funktionalitet. V\u00e6gten har en vejeplatform i 6 mm h\u00e6rdet glas og robuste plastdele, hvilket giver b\u00e5de holdbarhed og en sikker, skridsikker overflade. Med sine kompakte m\u00e5l p\u00e5 300 x 300 x 17 mm passer den perfekt i selv sm\u00e5 badev\u00e6relser, uden at g\u00e5 p\u00e5 kompromis med stabiliteten. Denne personv\u00e6gt m\u00e5ler op til 150 kg med en pr\u00e6cision p\u00e5 100 g, og takket v\u00e6re fire f\u00f8lsomme trykm\u00e5lersensorer f\u00e5r du n\u00f8jagtige resultater hver gang.Du kan nemt v\u00e6lge mellem kg, lb eller st efter behov. Det store, letl\u00e6selige LCD-display p\u00e5 74 x 28,6 mm aktiveres straks, n\u00e5r du tr\u00e6der op p\u00e5 v\u00e6gten, og skifter automatisk til dvale for at spare p\u00e5 batteriet. V\u00e6gten har desuden advarsler for lavt batteriniveau og overbelastning, s\u00e5 du altid er informeret om status.Drives af 1 stk. CR2032 3 V lithium knapbatteri (medf\u00f8lger)Denne digitale personv\u00e6gt er udviklet til lang holdbarhed og energieffektivitet med automatiske funktioner, der forl\u00e6nger batteriets levetid. Vejeplatformens h\u00e6rdede glas og skridsikre overflade giver dig tryghed i dagligdagen. Med sit elegante look og kompakte design bliver v\u00e6gten en funktionel og stilfuld del af ethvert badev\u00e6relse.<\/p>\n<p>Sammenlign priser p\u00e5 Nedis PESC500WT Personv\u00e6gt og k\u00f8b online til den billigste pris, samt p\u00e5 tilbud!\u00a0\u00a0Tjek den bedste pris, produkt beskrivelse, video, test, anmeldelser osv.<\/p>\n<p><strong>Brand: <\/strong>Nedis<br \/>\n<strong>EAN: <\/strong>5412810334513<br \/>\n<strong>Producentens varenr.:<\/strong> 5412810334513<\/p>\n<p><strong>P.S.<\/strong><br \/>\nTilmeld dig til &#8220;Opret Gratis Prisfald Alarm&#8221;, og bliv underrettet med det samme om prisfald p\u00e5 Nedis PESC500WT Personv\u00e6gt, og f\u00e5 den billigste pris!<\/p>\n<p>&nbsp;<\/p>\n<p>&nbsp;<\/p>\n","protected":false},"excerpt":{"rendered":"<p>K\u00f8b billig Nedis PESC500WT Personv\u00e6gt! Oplev Nedis personv\u00e6gt PESC500WT, der kombinerer et moderne og ekstra tyndt design med p\u00e5lidelig funktionalitet. V\u00e6gten har en vejeplatform i 6 mm h\u00e6rdet glas og robuste plastdele, hvilket giver b\u00e5de holdbarhed og en sikker, skridsikker overflade. Med sine kompakte m\u00e5l p\u00e5 300 x 300 x 17 mm passer den perfekt [&hellip;]<\/p>\n","protected":false},"featured_media":999980000004479610,"template":"","meta":[],"store":[1272516],"product_brand":[1272517],"product_cat":[1272412],"product_tag":[1275178,1272807],"class_list":{"0":"post-447961","1":"product","2":"type-product","3":"status-publish","4":"has-post-thumbnail","6":"store-butik24","7":"product_brand-nedis","8":"product_cat-sundhed-og-velvaere","9":"product_tag-nedis","10":"product_tag-sundhed-og-velvaere","11":"pa_maerke-nedis","13":"first","14":"instock","15":"product-type-external"},"_links":{"self":[{"href":"https:\/\/www.pricetornado.com\/da\/wp-json\/wp\/v2\/product\/447961","targetHints":{"allow":["GET"]}}],"collection":[{"href":"https:\/\/www.pricetornado.com\/da\/wp-json\/wp\/v2\/product"}],"about":[{"href":"https:\/\/www.pricetornado.com\/da\/wp-json\/wp\/v2\/types\/product"}],"wp:featuredmedia":[{"embeddable":true,"href":"https:\/\/www.pricetornado.com\/da\/wp-json\/"}],"wp:attachment":[{"href":"https:\/\/www.pricetornado.com\/da\/wp-json\/wp\/v2\/media?parent=447961"}],"wp:term":[{"taxonomy":"store","embeddable":true,"href":"https:\/\/www.pricetornado.com\/da\/wp-json\/wp\/v2\/store?post=447961"},{"taxonomy":"product_brand","embeddable":true,"href":"https:\/\/www.pricetornado.com\/da\/wp-json\/wp\/v2\/product_brand?post=447961"},{"taxonomy":"product_cat","embeddable":true,"href":"https:\/\/www.pricetornado.com\/da\/wp-json\/wp\/v2\/product_cat?post=447961"},{"taxonomy":"product_tag","embeddable":true,"href":"https:\/\/www.pricetornado.com\/da\/wp-json\/wp\/v2\/product_tag?post=447961"}],"curies":[{"name":"wp","href":"https:\/\/api.w.org\/{rel}","templated":true}]}}