{"id":447959,"date":"2025-02-23T04:23:05","date_gmt":"2025-02-23T03:23:05","guid":{"rendered":"https:\/\/www.pricetornado.com\/da\/produkt\/gense-old-farmer-black-steakbestik-grillbestik-12-dele-sort-staal\/"},"modified":"2026-04-17T02:59:53","modified_gmt":"2026-04-17T00:59:53","slug":"gense-old-farmer-black-steakbestik-grillbestik-12-dele-sort-staal","status":"publish","type":"product","link":"https:\/\/www.pricetornado.com\/da\/produkt\/gense-old-farmer-black-steakbestik-grillbestik-12-dele-sort-staal\/","title":{"rendered":"Gense Old Farmer black Steakbestik\/grillbestik 12 dele Sort\/St\u00e5l"},"content":{"rendered":"<p>K\u00f8b billig Gense Old Farmer black Steakbestik\/grillbestik 12 dele Sort\/St\u00e5l!<br \/>\nOld Farmer Black fra Gense er et smukt og rustikt grillbestik i rustfrit st\u00e5l, designet af den prisvindende danske industridesigner Bent Severin. Bestikket kombinerer funktionalitet, holdbarhed og \u00e6stetik og er skabt med fokus p\u00e5 optimal brugeroplevelse.Knivbladene er fremstillet i matpoleret rustfrit st\u00e5l, som sikrer lang levetid og modstand mod korrosion. Skaftene er lavet af sort POM-plast (polyoxymethylen), et slidst\u00e6rkt materiale, der giver god modstand mod dagligt slid og sikrer, at bestikket bevarer formen og sin elegante finish. Bestikket har et ergonomisk design, hvor knivene er 220 mm lange og gaflerne 197 mm \u2013 perfekt proportioneret til grill- og steakretter.Dette s\u00e6t leveres i en flot tr\u00e6\u00e6ske, der egner sig b\u00e5de til praktisk opbevaring og som gave. For at bevare skaftenes sorte overflade anbefales det at behandle dem lejlighedsvis med neutral, f\u00f8devaregodkendt olie. Bestikket har ingen specielle vandafvisende eller energibesparende funktioner, og h\u00e5ndvask anbefales for at opretholde kvaliteten.Old Farmer Black er formgivet af Bent Severin, en af Danmarks mest anerkendte billedhuggere og industrielle designere, hvis sans for detaljer og perfektion har haft stor indflydelse p\u00e5 moderne design. S\u00e6ttet forener klassisk h\u00e5ndv\u00e6rk med innovativt design og g\u00f8r hver steakmiddag til en oplevelse.Oplev hele sortimentet af Gense kvalitetsprodukter hos Butik24 og find det perfekte grillbestik til dit n\u00e6ste grillarrangement.<\/p>\n<p>Sammenlign priser p\u00e5 Gense Old Farmer black Steakbestik\/grillbestik 12 dele Sort\/St\u00e5l og k\u00f8b online til den billigste pris, samt p\u00e5 tilbud!\u00a0\u00a0Tjek den bedste pris, produkt beskrivelse, video, test, anmeldelser osv.<\/p>\n<p><strong>Brand: <\/strong>Gense<br \/>\n<strong>EAN: <\/strong>7319011073396<br \/>\n<strong>Producentens varenr.:<\/strong> 7319011073396<\/p>\n<p><strong>P.S.<\/strong><br \/>\nTilmeld dig til &#8220;Opret Gratis Prisfald Alarm&#8221;, og bliv underrettet med det samme om prisfald p\u00e5 Gense Old Farmer black Steakbestik\/grillbestik 12 dele Sort\/St\u00e5l, og f\u00e5 den billigste pris!<\/p>\n<p>&nbsp;<\/p>\n<p>&nbsp;<\/p>\n","protected":false},"excerpt":{"rendered":"<p>K\u00f8b billig Gense Old Farmer black Steakbestik\/grillbestik 12 dele Sort\/St\u00e5l! Old Farmer Black fra Gense er et smukt og rustikt grillbestik i rustfrit st\u00e5l, designet af den prisvindende danske industridesigner Bent Severin. Bestikket kombinerer funktionalitet, holdbarhed og \u00e6stetik og er skabt med fokus p\u00e5 optimal brugeroplevelse.Knivbladene er fremstillet i matpoleret rustfrit st\u00e5l, som sikrer lang [&hellip;]<\/p>\n","protected":false},"featured_media":999980000004479590,"template":"","meta":[],"store":[1272516],"product_brand":[1272532],"product_cat":[1272410],"product_tag":[1275181,1272681],"class_list":{"0":"post-447959","1":"product","2":"type-product","3":"status-publish","4":"has-post-thumbnail","6":"store-butik24","7":"product_brand-gense","8":"product_cat-koekkengrej","9":"product_tag-gense","10":"product_tag-koekkengrej","11":"pa_maerke-gense","13":"first","14":"instock","15":"product-type-external"},"_links":{"self":[{"href":"https:\/\/www.pricetornado.com\/da\/wp-json\/wp\/v2\/product\/447959","targetHints":{"allow":["GET"]}}],"collection":[{"href":"https:\/\/www.pricetornado.com\/da\/wp-json\/wp\/v2\/product"}],"about":[{"href":"https:\/\/www.pricetornado.com\/da\/wp-json\/wp\/v2\/types\/product"}],"wp:featuredmedia":[{"embeddable":true,"href":"https:\/\/www.pricetornado.com\/da\/wp-json\/"}],"wp:attachment":[{"href":"https:\/\/www.pricetornado.com\/da\/wp-json\/wp\/v2\/media?parent=447959"}],"wp:term":[{"taxonomy":"store","embeddable":true,"href":"https:\/\/www.pricetornado.com\/da\/wp-json\/wp\/v2\/store?post=447959"},{"taxonomy":"product_brand","embeddable":true,"href":"https:\/\/www.pricetornado.com\/da\/wp-json\/wp\/v2\/product_brand?post=447959"},{"taxonomy":"product_cat","embeddable":true,"href":"https:\/\/www.pricetornado.com\/da\/wp-json\/wp\/v2\/product_cat?post=447959"},{"taxonomy":"product_tag","embeddable":true,"href":"https:\/\/www.pricetornado.com\/da\/wp-json\/wp\/v2\/product_tag?post=447959"}],"curies":[{"name":"wp","href":"https:\/\/api.w.org\/{rel}","templated":true}]}}