{"id":447956,"date":"2025-02-22T12:27:02","date_gmt":"2025-02-22T11:27:02","guid":{"rendered":"https:\/\/www.pricetornado.com\/da\/produkt\/philips-hx9911-29-diamondclean-9000-sonisk-eltandboerste-med-app-pink\/"},"modified":"2026-04-30T12:20:24","modified_gmt":"2026-04-30T10:20:24","slug":"philips-hx9911-29-diamondclean-9000-sonisk-eltandboerste-med-app-pink","status":"publish","type":"product","link":"https:\/\/www.pricetornado.com\/da\/produkt\/philips-hx9911-29-diamondclean-9000-sonisk-eltandboerste-med-app-pink\/","title":{"rendered":"Philips HX9911\/29 DiamondClean 9000 Sonisk eltandb\u00f8rste med app &#8211; Pink"},"content":{"rendered":"<p>K\u00f8b billig Philips HX9911\/29 DiamondClean 9000 Sonisk eltandb\u00f8rste med app &#8211; Pink!<br \/>\nF\u00e5 hvidere og sundere t\u00e6nder med Philips Sonicare DiamondClean 9000 \u2013 vores mest elegante soniske eltandb\u00f8rste, der leverer avanceret teknologi og stilfuldt design. Oplev synligt hvidere t\u00e6nder p\u00e5 blot \u00e9n dag* og fjern op til 100 % flere misfarvninger allerede efter 3 dage. Den kraftfulde soniske teknologi sikrer en dybderens, der fjerner op til 10 gange mere plak sammenlignet med en almindelig tandb\u00f8rste \u2013 samtidig med, at den er sk\u00e5nsom mod tandk\u00f8det.DiamondClean 9000 giver dig en personlig b\u00f8rsteoplevelse med fire effektive b\u00f8rsteprogrammer: Clean, White+, Gum Health og Deep Clean+. Med tre forskellige intensitetsniveauer kan tandb\u00f8rstningen tilpasses dine behov. Den smarte BrushSync-teknologi v\u00e6lger automatisk den optimale tilstand og holder \u00f8je med, hvorn\u00e5r dine b\u00f8rstehoveder skal udskiftes, s\u00e5 du altid f\u00e5r den bedste reng\u00f8ring.En indbygget tryksensor advarer dig, hvis du trykker for h\u00e5rdt, for optimalt at beskytte dit tandk\u00f8d. Den automatiske slukfunktion sparer str\u00f8m ved at slukke b\u00f8rsten, n\u00e5r cyklussen er f\u00e6rdig, og hj\u00e6lper dermed med at forl\u00e6nge batteriets levetid.Det ergonomiske og stilfulde design g\u00f8r tandb\u00f8rsten behagelig og enkel at anvende hver dag. Det genopladelige lithium-ion batteri giver op til to ugers brug p\u00e5 en enkelt opladning, og tandb\u00f8rsten er vandafvisende for \u00f8get holdbarhed. DiamondClean 9000 leveres desuden med et kompakt og elegant rejseetui, der giver mulighed for USB-opladning, hvilket g\u00f8r den ideel til brug b\u00e5de hjemme og p\u00e5 farten.Op til to ugers batteritid pr. opladningSkift til Philips Sonicare DiamondClean 9000 og oplev forskellen p\u00e5 effekt, komfort og design \u2013 din vej til sundere t\u00e6nder hele livet. Se flere Philips produkter i vores for innovative l\u00f8sninger til din daglige tandpleje.*Individuelle resultater kan variere.<\/p>\n<p>Sammenlign priser p\u00e5 Philips HX9911\/29 DiamondClean 9000 Sonisk eltandb\u00f8rste med app &#8211; Pink og k\u00f8b online til den billigste pris, samt p\u00e5 tilbud!\u00a0\u00a0Tjek den bedste pris, produkt beskrivelse, video, test, anmeldelser osv.<\/p>\n<p><strong>Brand: <\/strong>Philips<br \/>\n<strong>EAN: <\/strong>8710103936008<br \/>\n<strong>Producentens varenr.:<\/strong> 8710103936008<\/p>\n<p><strong>P.S.<\/strong><br \/>\nTilmeld dig til &#8220;Opret Gratis Prisfald Alarm&#8221;, og bliv underrettet med det samme om prisfald p\u00e5 Philips HX9911\/29 DiamondClean 9000 Sonisk eltandb\u00f8rste med app &#8211; Pink, og f\u00e5 den billigste pris!<\/p>\n<p>&nbsp;<\/p>\n<p>&nbsp;<\/p>\n","protected":false},"excerpt":{"rendered":"<p>K\u00f8b billig Philips HX9911\/29 DiamondClean 9000 Sonisk eltandb\u00f8rste med app &#8211; Pink! F\u00e5 hvidere og sundere t\u00e6nder med Philips Sonicare DiamondClean 9000 \u2013 vores mest elegante soniske eltandb\u00f8rste, der leverer avanceret teknologi og stilfuldt design. Oplev synligt hvidere t\u00e6nder p\u00e5 blot \u00e9n dag* og fjern op til 100 % flere misfarvninger allerede efter 3 dage. [&hellip;]<\/p>\n","protected":false},"featured_media":999980000004479560,"template":"","meta":[],"store":[1272516],"product_brand":[1272519],"product_cat":[1272446],"product_tag":[1275180,1272715],"class_list":{"0":"post-447956","1":"product","2":"type-product","3":"status-publish","4":"has-post-thumbnail","6":"store-butik24","7":"product_brand-philips","8":"product_cat-tandpleje-2","9":"product_tag-philips","10":"product_tag-tandpleje","11":"pa_maerke-philips","13":"first","14":"instock","15":"product-type-external"},"_links":{"self":[{"href":"https:\/\/www.pricetornado.com\/da\/wp-json\/wp\/v2\/product\/447956","targetHints":{"allow":["GET"]}}],"collection":[{"href":"https:\/\/www.pricetornado.com\/da\/wp-json\/wp\/v2\/product"}],"about":[{"href":"https:\/\/www.pricetornado.com\/da\/wp-json\/wp\/v2\/types\/product"}],"wp:featuredmedia":[{"embeddable":true,"href":"https:\/\/www.pricetornado.com\/da\/wp-json\/"}],"wp:attachment":[{"href":"https:\/\/www.pricetornado.com\/da\/wp-json\/wp\/v2\/media?parent=447956"}],"wp:term":[{"taxonomy":"store","embeddable":true,"href":"https:\/\/www.pricetornado.com\/da\/wp-json\/wp\/v2\/store?post=447956"},{"taxonomy":"product_brand","embeddable":true,"href":"https:\/\/www.pricetornado.com\/da\/wp-json\/wp\/v2\/product_brand?post=447956"},{"taxonomy":"product_cat","embeddable":true,"href":"https:\/\/www.pricetornado.com\/da\/wp-json\/wp\/v2\/product_cat?post=447956"},{"taxonomy":"product_tag","embeddable":true,"href":"https:\/\/www.pricetornado.com\/da\/wp-json\/wp\/v2\/product_tag?post=447956"}],"curies":[{"name":"wp","href":"https:\/\/api.w.org\/{rel}","templated":true}]}}